{"id":66499,"date":"2018-09-13T06:51:49","date_gmt":"2018-09-13T06:51:49","guid":{"rendered":"https:\/\/budoshop.si\/?product=kovinski-tanto-noz-zatoichi"},"modified":"2026-02-19T09:38:35","modified_gmt":"2026-02-19T08:38:35","slug":"kovinski-tanto-noz-zatoichi","status":"publish","type":"product","link":"https:\/\/www.budoshop.si\/sl\/izdelek\/kovinski-tanto-noz-zatoichi\/","title":{"rendered":"Kovinski Tanto no\u017e &#8221;ZATOICHI&#8221;"},"content":{"rendered":"<div style=\"text-align: justify;\"><span style=\"color: #993300; font-size: 15px;\">Tradicionalen japonski Tanto no\u017e z lesenim ro\u010dajem in leseno Sayo (no\u017enico) brez Tsube (\u0161\u010ditnika). Navzven ka\u017ee ta no\u017e podobo navadne palice, ko pa se ga razpre, se iz njega prika\u017ee rezilo iz kvalitetnega 1045 high carbon steel nerjave\u010dega jekla. No\u017enica in ro\u010daj sta \u010drne barve, na rezilu pa se nahaja japonska gravura. <\/span><\/div>\n<div style=\"text-align: justify;\"><span style=\"color: #993300; font-size: 15px;\"><br \/>\nNjegova skupna dol\u017eina je 41 cm s tem, da je dol\u017eina rezila 22 cm in dol\u017eina ro\u010daja 13,5 cm.<br \/>\n<\/span><\/div>\n<div style=\"text-align: justify;\"><span style=\"color: #993300; font-size: 15px;\">Te\u017ea: cca. 330g (vklju\u010dno s Sayo).<\/span><\/div>\n<div style=\"text-align: justify;\"><span style=\"color: #993300; font-size: 15px;\">\u00a0<\/span><\/div>\n<div style=\"text-align: justify;\">\n<p><span style=\"color: #993300; font-size: 15px;\">Primeren tako za trening rekvizit kot darilno dekorativni predmet. <\/span><\/p>\n<p><span style=\"color: #993300; font-size: 15px;\">TA ARTIKEL PRODAJAMO SAMO POLNOLETNIM OSEBAM!!!<\/span><\/p>\n<\/div>\n<div style=\"text-align: justify;\"><\/div>\n<div style=\"text-align: justify;\"><\/div>\n<div style=\"text-align: justify;\"><span style=\"color: #993300; font-size: small;\"><span id=\"dnn_ctr448_ProductPage_lblItemHtmlHolder\"><\/span><span id=\"dnn_ctr448_ProductPage_lblItemHtmlHolder\" style=\"font-size: x-small;\">Opozorilo!<br \/>\n\u25ba Artikel je namenjen samo dekorativni uporabi oziroma osebnemu treningu borilnih ve\u0161\u010din.<br \/>\n\u25ba Po prodaji, prodajalec ni ve\u010d odgovoren za nikakr\u0161ne po\u0161kodbe, ki se lahko zgodijo zaradi napa\u010dne uporabe ali zanemarjanja teh opozoril. Novi lastnik prevzema popolno odgovornost za skrb in uporabo tega artikla.<br \/>\n\u25ba Vsakr\u0161na napa\u010dna uporaba ali nepazljivost lahko vam ali drugemu povzro\u010di resne po\u0161kodbe ali celo smrt!<br \/>\n\u25ba Ta artikel se v nobenem primeru ne sme uporabljati na drugi osebi!<\/span><\/span><\/div>\n<div style=\"text-align: justify;\"><\/div>\n","protected":false},"excerpt":{"rendered":"<p><span style=\"color: #003366;\"><strong>Zatoichi model japonskega Tanto no\u017ea.<\/strong><\/span><\/p>\n","protected":false},"featured_media":66501,"comment_status":"open","ping_status":"closed","template":"","meta":[],"product_brand":[5600],"product_cat":[1035,1037,813,977,1055],"product_tag":[],"class_list":{"0":"post-66499","1":"product","2":"type-product","3":"status-publish","4":"has-post-thumbnail","6":"product_brand-yari-no-hanzo","7":"product_cat-aikido-kendo-iai-kobudo-1","8":"product_cat-ninjutsu-3","9":"product_cat-nozi","10":"product_cat-yari-no-hanzo-1","11":"product_cat-yari-no-hanzo-3","13":"first","14":"instock","15":"taxable","16":"shipping-taxable","17":"purchasable","18":"product-type-simple"},"_links":{"self":[{"href":"https:\/\/www.budoshop.si\/sl\/wp-json\/wp\/v2\/product\/66499","targetHints":{"allow":["GET"]}}],"collection":[{"href":"https:\/\/www.budoshop.si\/sl\/wp-json\/wp\/v2\/product"}],"about":[{"href":"https:\/\/www.budoshop.si\/sl\/wp-json\/wp\/v2\/types\/product"}],"replies":[{"embeddable":true,"href":"https:\/\/www.budoshop.si\/sl\/wp-json\/wp\/v2\/comments?post=66499"}],"wp:featuredmedia":[{"embeddable":true,"href":"https:\/\/www.budoshop.si\/sl\/wp-json\/wp\/v2\/media\/66501"}],"wp:attachment":[{"href":"https:\/\/www.budoshop.si\/sl\/wp-json\/wp\/v2\/media?parent=66499"}],"wp:term":[{"taxonomy":"product_brand","embeddable":true,"href":"https:\/\/www.budoshop.si\/sl\/wp-json\/wp\/v2\/product_brand?post=66499"},{"taxonomy":"product_cat","embeddable":true,"href":"https:\/\/www.budoshop.si\/sl\/wp-json\/wp\/v2\/product_cat?post=66499"},{"taxonomy":"product_tag","embeddable":true,"href":"https:\/\/www.budoshop.si\/sl\/wp-json\/wp\/v2\/product_tag?post=66499"}],"curies":[{"name":"wp","href":"https:\/\/api.w.org\/{rel}","templated":true}]}}