{"id":66495,"date":"2018-09-13T06:51:49","date_gmt":"2018-09-13T06:51:49","guid":{"rendered":"https:\/\/budoshop.si\/?product=kovinski-samurajski-noz-tanto"},"modified":"2026-01-12T15:36:33","modified_gmt":"2026-01-12T14:36:33","slug":"kovinski-samurajski-noz-tanto","status":"publish","type":"product","link":"https:\/\/www.budoshop.si\/sl\/izdelek\/kovinski-samurajski-noz-tanto\/","title":{"rendered":"Kovinski Samurajski no\u017e &#8221;TANTO&#8221;"},"content":{"rendered":"<div style=\"text-align: justify;\"><span style=\"color: #993300; font-size: 15px;\">Tradicionalen Samurajski no\u017e z jeklenim nabru\u0161enim rezilom, pozla\u010deno Tsubo (\u0161\u010ditnikom) pri ro\u010daju in leseno Sayo (no\u017enico) \u010drne barve. Ta no\u017e je natan\u010dna replika pravega kovanega Samuraiskega TANTO no\u017ea z zelo kvalitetnim rezilom iz nerjave\u010dega jekla.<br \/>\nMe\u010d je primeren tako za trening kot tudi dekorativni predmet, ki bo na primernem mestu zagotovo vzbujal ob\u010dudovanje prisotnih. <\/span><\/div>\n<div style=\"text-align: justify;\">\n<p><span style=\"color: #993300; font-size: 15px;\">Dol\u017eina rezila je 20 cm, dol\u017eina Tsuke (ro\u010daja) 12 cm, dol\u017eina Saye (no\u017enice) pa 25 cm. <\/span><\/p>\n<p><span style=\"color: #993300; font-size: 15px;\">TA ARTIKEL PRODAJAMO SAMO POLNOLETNIM OSEBAM!!!<\/span><\/p>\n<\/div>\n<div style=\"text-align: justify;\"><\/div>\n<div style=\"text-align: justify;\"><\/div>\n<div style=\"text-align: justify;\"><span style=\"color: #993300; font-size: x-small;\">Opozorilo!<br \/>\n\u25ba Artikel je namenjen samo dekorativni uporabi oziroma osebnemu treningu borilnih ve\u0161\u010din.<br \/>\n\u25ba Po prodaji, prodajalec ni ve\u010d odgovoren za nikakr\u0161ne po\u0161kodbe, ki se lahko zgodijo zaradi napa\u010dne uporabe ali zanemarjanja teh opozoril. Novi lastnik prevzema popolno odgovornost za skrb in uporabo tega artikla.<br \/>\n\u25ba Vsakr\u0161na napa\u010dna uporaba ali nepazljivost lahko vam ali drugemu povzro\u010di resne po\u0161kodbe ali celo smrt!<br \/>\n\u25ba Ta artikel se v nobenem primeru ne sme uporabljati na drugi osebi!<\/span><\/div>\n","protected":false},"excerpt":{"rendered":"<p><span style=\"color: #003366;\"><strong>Samuraiski no\u017e z nabru\u0161enim kovinskim rezilom.<\/strong><\/span><\/p>\n","protected":false},"featured_media":66497,"comment_status":"open","ping_status":"closed","template":"","meta":[],"product_brand":[5608],"product_cat":[1035,1085,1087,1033,853,1037,813],"product_tag":[],"class_list":{"0":"post-66495","1":"product","2":"type-product","3":"status-publish","4":"has-post-thumbnail","6":"product_brand-dax","7":"product_cat-aikido-kendo-iai-kobudo-1","8":"product_cat-dax-1","9":"product_cat-dax-3","10":"product_cat-ju-jitsujiu-jitsu-1","11":"product_cat-kovinski-katana","12":"product_cat-ninjutsu-3","13":"product_cat-nozi","15":"first","16":"instock","17":"taxable","18":"shipping-taxable","19":"purchasable","20":"product-type-simple"},"_links":{"self":[{"href":"https:\/\/www.budoshop.si\/sl\/wp-json\/wp\/v2\/product\/66495","targetHints":{"allow":["GET"]}}],"collection":[{"href":"https:\/\/www.budoshop.si\/sl\/wp-json\/wp\/v2\/product"}],"about":[{"href":"https:\/\/www.budoshop.si\/sl\/wp-json\/wp\/v2\/types\/product"}],"replies":[{"embeddable":true,"href":"https:\/\/www.budoshop.si\/sl\/wp-json\/wp\/v2\/comments?post=66495"}],"wp:featuredmedia":[{"embeddable":true,"href":"https:\/\/www.budoshop.si\/sl\/wp-json\/wp\/v2\/media\/66497"}],"wp:attachment":[{"href":"https:\/\/www.budoshop.si\/sl\/wp-json\/wp\/v2\/media?parent=66495"}],"wp:term":[{"taxonomy":"product_brand","embeddable":true,"href":"https:\/\/www.budoshop.si\/sl\/wp-json\/wp\/v2\/product_brand?post=66495"},{"taxonomy":"product_cat","embeddable":true,"href":"https:\/\/www.budoshop.si\/sl\/wp-json\/wp\/v2\/product_cat?post=66495"},{"taxonomy":"product_tag","embeddable":true,"href":"https:\/\/www.budoshop.si\/sl\/wp-json\/wp\/v2\/product_tag?post=66495"}],"curies":[{"name":"wp","href":"https:\/\/api.w.org\/{rel}","templated":true}]}}