{"id":66491,"date":"2018-09-13T06:51:49","date_gmt":"2018-09-13T06:51:49","guid":{"rendered":"https:\/\/budoshop.si\/?product=kratek-samurajski-mec-wakizashi"},"modified":"2026-01-12T15:43:11","modified_gmt":"2026-01-12T14:43:11","slug":"kratek-samurajski-mec-wakizashi","status":"publish","type":"product","link":"https:\/\/www.budoshop.si\/sl\/izdelek\/kratek-samurajski-mec-wakizashi\/","title":{"rendered":"Kratek Samurajski me\u010d &#8221;WAKIZASHI&#8221;"},"content":{"rendered":"<div style=\"text-align: justify;\">\n<p><span style=\"font-size: 15px; color: #993300;\">Tradicionalen kratek Samurajski me\u010d s kovinskim nabru\u0161enim rezilom, pozla\u010deno Tsubo (\u0161\u010ditnikom) in leseno Sayo (no\u017enico) \u010drne barve. Ta me\u010d je natan\u010dna replika pravega kovanega Samurajskega kratkega me\u010da z zelo kvalitetnim rezilom iz nerjave\u010dega jekla. Me\u010d je primeren tako za trening kot tudidekorativni predmet, saj skupaj s Katano (dolgim me\u010dem) na stojalunudita lep DAISHO izgled. <\/span><\/p>\n<p><span style=\"color: #993300; font-size: 15px;\">Detajli:<br \/>\nKovina: Stainless Steel<br \/>\nNAGASA (dol\u017eina rezila): 41,5 cm (43,5 cm s Habaki-em)<br \/>\nHAMON (motiv ostrine): Da<br \/>\nSORI (ukrivljenost): 2,00 cm<br \/>\nTSUKA (ro\u010daj): 16,5 cm<br \/>\nTSUKA ITO (navitje ro\u010daja): \u010drna<br \/>\nSAME (podloga ro\u010daja): sinteti\u010dno<br \/>\nTSUBA (\u0161\u010ditnik): pozla\u010den<br \/>\nBOHI (\u017eleb v rezilo): Da<br \/>\nSAYA (no\u017enica): 50,5 cm \u010drno lakiran les<br \/>\nSAGEO (vrvica): \u010drna<br \/>\nMekugi (zati\u010d): Da<\/span><\/p>\n<p><span style=\"color: #993300; font-size: 15px;\">Te\u017ea: cca 990 g (skupaj s Sayo) &#8211; 800 g brez Saye<\/span><\/p>\n<p>&nbsp;<\/p>\n<p><span style=\"color: #993300; font-size: 15px;\">TA ARTIKEL PRODAJAMO SAMO POLNOLETNIM OSEBAM!!!<\/span><\/p>\n<\/div>\n<div style=\"text-align: justify;\"><\/div>\n<div style=\"text-align: justify;\"><span style=\"color: #993300; font-size: 15px;\">\u00a0<\/span><\/div>\n<div style=\"text-align: justify;\"><span style=\"color: #c00000;\"><span style=\"color: #993300; font-size: 11px;\">Opozorilo!<\/span><br \/>\n<span style=\"color: #993300; font-size: 11px;\">\u25ba Artikel je namenjen samo dekorativni uporabi oziroma osebnemu treningu borilnih ve\u0161\u010din.<\/span><br \/>\n<span style=\"color: #993300; font-size: 11px;\">\u25ba Po prodaji, prodajalec ni ve\u010d odgovoren za nikakr\u0161ne po\u0161kodbe, ki se lahko zgodijo zaradi napa\u010dne uporabe ali zanemarjanja teh opozoril. Novi lastnik prevzema popolno odgovornost za skrb in uporabo tega artikla.<\/span><br \/>\n<span style=\"color: #993300; font-size: 11px;\">\u25ba Vsakr\u0161na napa\u010dna uporaba ali nepazljivost lahko vam ali drugemu povzro\u010di resne po\u0161kodbe ali celo smrt!<\/span><br \/>\n<span style=\"color: #993300; font-size: 11px;\">\u25ba Ta artikel se v nobenem primeru ne sme uporabljati na drugi osebi!<\/span><br \/>\n<\/span><\/div>\n","protected":false},"excerpt":{"rendered":"<p><span style=\"color: #002060;\"><strong>Kratek Samuraiski Wakizashi me\u010d.<\/strong><\/span><\/p>\n","protected":false},"featured_media":66493,"comment_status":"open","ping_status":"closed","template":"","meta":[],"product_brand":[5608],"product_cat":[1035,1085,1087,5382,5383,1037,5384],"product_tag":[],"class_list":{"0":"post-66491","1":"product","2":"type-product","3":"status-publish","4":"has-post-thumbnail","6":"product_brand-dax","7":"product_cat-aikido-kendo-iai-kobudo-1","8":"product_cat-dax-1","9":"product_cat-dax-3","10":"product_cat-dekorativni-katana-meci","11":"product_cat-iaito-trening-katana-meci","12":"product_cat-ninjutsu-3","13":"product_cat-shinken-trening-katana-meci","15":"first","16":"outofstock","17":"taxable","18":"shipping-taxable","19":"purchasable","20":"product-type-simple"},"_links":{"self":[{"href":"https:\/\/www.budoshop.si\/sl\/wp-json\/wp\/v2\/product\/66491","targetHints":{"allow":["GET"]}}],"collection":[{"href":"https:\/\/www.budoshop.si\/sl\/wp-json\/wp\/v2\/product"}],"about":[{"href":"https:\/\/www.budoshop.si\/sl\/wp-json\/wp\/v2\/types\/product"}],"replies":[{"embeddable":true,"href":"https:\/\/www.budoshop.si\/sl\/wp-json\/wp\/v2\/comments?post=66491"}],"wp:featuredmedia":[{"embeddable":true,"href":"https:\/\/www.budoshop.si\/sl\/wp-json\/wp\/v2\/media\/66493"}],"wp:attachment":[{"href":"https:\/\/www.budoshop.si\/sl\/wp-json\/wp\/v2\/media?parent=66491"}],"wp:term":[{"taxonomy":"product_brand","embeddable":true,"href":"https:\/\/www.budoshop.si\/sl\/wp-json\/wp\/v2\/product_brand?post=66491"},{"taxonomy":"product_cat","embeddable":true,"href":"https:\/\/www.budoshop.si\/sl\/wp-json\/wp\/v2\/product_cat?post=66491"},{"taxonomy":"product_tag","embeddable":true,"href":"https:\/\/www.budoshop.si\/sl\/wp-json\/wp\/v2\/product_tag?post=66491"}],"curies":[{"name":"wp","href":"https:\/\/api.w.org\/{rel}","templated":true}]}}