{"id":66473,"date":"2018-09-13T06:51:49","date_gmt":"2018-09-13T06:51:49","guid":{"rendered":"https:\/\/budoshop.si\/?product=katana-training"},"modified":"2026-01-12T07:55:28","modified_gmt":"2026-01-12T06:55:28","slug":"katana-training","status":"publish","type":"product","link":"https:\/\/www.budoshop.si\/sl\/izdelek\/katana-training\/","title":{"rendered":"Katana &#8221;TRAINING&#8221;"},"content":{"rendered":"<div style=\"text-align: justify;\"><span style=\"color: #993300; font-size: 15px;\">Ta Katana me\u010d je namenjen vsem, ki enostavno potrebujejo dober, a poceni me\u010d za vadbo. Kljub nizki ceni ta me\u010d nudi odli\u010dno kvaliteto in obstojnost, ki jo i\u0161\u010de vsak praktikant me\u010devanja. Koshirae so narejeni iz jekla, medenine in aluminijske zlitine (Fuchi in Kashira), rezilo pa je izdelano iz 1045 high carbon jekla, nenabru\u0161eno. Tsuka in Saya sta narejeni iz \u010dvrstega lesa. Tsuka Ito je narejena iz sinteti\u010dnega bomba\u017ea \u010drne barve, ki je vezan preko pravega ribjega usnja, \u010drne barve je tudi bamba\u017ena Sageo vrvica na Sayi. Izdelek dopolnjuje posebna oblika Tsube (\u0161\u010ditnik) in temno rde\u010da barva Saya no\u017enice.<\/span><\/div>\n<p><span style=\"color: #993300; font-size: 15px;\">Ta me\u010d ni nabru\u0161en, lahko pa se ga nabrusi.<br \/>\n<\/span><\/p>\n<p>&nbsp;<\/p>\n<div style=\"text-align: justify;\">\n<p><span style=\"color: #993300; font-size: 15px;\">Detajli:<br \/>\nKovina: 1045 High Carbon Steel<br \/>\nNAGASA (dol\u017eina rezila): 70,5 cm (73 cm s Habaki-em)<br \/>\nHAMON (motiv ostrine): Da<br \/>\nSORI (ukrivljenost): 2,00 cm<br \/>\nTSUKA (ro\u010daj): 29 cm<br \/>\nTSUKA ITO (navitje ro\u010daja): \u010drna<br \/>\nSAME (podloga ro\u010daja): pravo usnje<br \/>\nTSUBA (\u0161\u010ditnik): Maro Gata<br \/>\nBOHI (\u017eleb v rezilo): Da<br \/>\nSAYA (no\u017enica): 76 cm temno rde\u010de lakiran les<br \/>\nSAGEO (vrvica): \u010drne barve<br \/>\nMEKUGI (zati\u010d): Da 2x<br \/>\nTe\u017ea: cca 1.200 g (skupaj s Sayo) &#8211; 950 g brez Saye<\/span><\/p>\n<p><span style=\"font-size: 15px; color: #993300;\">TA ARTIKEL PRODAJAMO SAMO POLNOLETNIM OSEBAM.<\/span><\/p>\n<\/div>\n<div style=\"text-align: justify;\"><\/div>\n<div style=\"text-align: justify;\"><span style=\"color: #993300; font-size: 15px;\">\u00a0<\/span><\/div>\n<div style=\"text-align: justify;\"><span style=\"color: #993300; font-size: 11px;\">Opozorilo!<br \/>\n\u25ba Artikel je namenjen samo dekorativni uporabi oziroma osebnemu treningu borilnih ve\u0161\u010din.<br \/>\n\u25ba Po prodaji, prodajalec ni ve\u010d odgovoren za nikakr\u0161ne po\u0161kodbe, ki se lahko zgodijo zaradi napa\u010dne uporabe ali zanemarjanja teh opozoril. Novi lastnik prevzema popolno odgovornost za skrb in uporabo tega artikla.<br \/>\n\u25ba Vsakr\u0161na napa\u010dna uporaba ali nepazljivost lahko vam ali drugemu povzro\u010di resne po\u0161kodbe ali celo smrt!<br \/>\n\u25ba Ta artikel se v nobenem primeru ne sme uporabljati na drugi osebi!<\/span><\/div>\n","protected":false},"excerpt":{"rendered":"<p><span style=\"color: #002060;\"><strong>Odli\u010den nenabru\u0161en trening Katana me\u010d.<\/strong><\/span><\/p>\n","protected":false},"featured_media":66475,"comment_status":"open","ping_status":"closed","template":"","meta":[],"product_brand":[],"product_cat":[5382,5383,1035,1037],"product_tag":[],"class_list":{"0":"post-66473","1":"product","2":"type-product","3":"status-publish","4":"has-post-thumbnail","6":"product_cat-dekorativni-katana-meci","7":"product_cat-iaito-trening-katana-meci","8":"product_cat-aikido-kendo-iai-kobudo-1","9":"product_cat-ninjutsu-3","11":"first","12":"instock","13":"taxable","14":"shipping-taxable","15":"purchasable","16":"product-type-simple"},"_links":{"self":[{"href":"https:\/\/www.budoshop.si\/sl\/wp-json\/wp\/v2\/product\/66473","targetHints":{"allow":["GET"]}}],"collection":[{"href":"https:\/\/www.budoshop.si\/sl\/wp-json\/wp\/v2\/product"}],"about":[{"href":"https:\/\/www.budoshop.si\/sl\/wp-json\/wp\/v2\/types\/product"}],"replies":[{"embeddable":true,"href":"https:\/\/www.budoshop.si\/sl\/wp-json\/wp\/v2\/comments?post=66473"}],"wp:featuredmedia":[{"embeddable":true,"href":"https:\/\/www.budoshop.si\/sl\/wp-json\/wp\/v2\/media\/66475"}],"wp:attachment":[{"href":"https:\/\/www.budoshop.si\/sl\/wp-json\/wp\/v2\/media?parent=66473"}],"wp:term":[{"taxonomy":"product_brand","embeddable":true,"href":"https:\/\/www.budoshop.si\/sl\/wp-json\/wp\/v2\/product_brand?post=66473"},{"taxonomy":"product_cat","embeddable":true,"href":"https:\/\/www.budoshop.si\/sl\/wp-json\/wp\/v2\/product_cat?post=66473"},{"taxonomy":"product_tag","embeddable":true,"href":"https:\/\/www.budoshop.si\/sl\/wp-json\/wp\/v2\/product_tag?post=66473"}],"curies":[{"name":"wp","href":"https:\/\/api.w.org\/{rel}","templated":true}]}}