{"id":66457,"date":"2018-09-13T06:51:49","date_gmt":"2018-09-13T06:51:49","guid":{"rendered":"https:\/\/budoshop.si\/?product=katana-shinken"},"modified":"2026-01-12T07:54:06","modified_gmt":"2026-01-12T06:54:06","slug":"katana-shinken","status":"publish","type":"product","link":"https:\/\/www.budoshop.si\/sl\/izdelek\/katana-shinken\/","title":{"rendered":"Katana &#8221;SHINKEN&#8221;"},"content":{"rendered":"<div style=\"text-align: justify;\">\n<p><span style=\"color: #993300; font-size: 15px;\">Ta Samurajski Katana me\u010d je namenjen vsem, ki enostavno potrebujejo dober, a poceni me\u010d za vadbo sekanja. Kljub cenovni ugodnosti, ta me\u010d nudi odli\u010dno kvaliteto in obstojnost, ki jo i\u0161\u010de vsak praktikant me\u010devanja. Koshirae so narejeni iz jekla, medenine in aluminijske zlitine (Fuchi in Kashira), rezilo pa je izdelano iz 1045 high carbon jekla, nabru\u0161eno in kaljeno. Tsuka in Saya sta narejeni iz \u010dvrstega lesa. Tsuka Ito je narejena iz sinteti\u010dnega bomba\u017ea, ki je vezan preko pravega ribjega usnja barve. Izdelek dopolnjuje \u0161e posebna oblika Tsube (\u0161\u010ditnik) z pozla\u010denimi dodatki.<\/span><\/p>\n<p><span style=\"color: #993300; font-size: 15px;\">Detajli:<\/span><br \/>\n<span style=\"color: #993300; font-size: 15px;\">Jeklo: 1045 High Carbon Steel &#8211; NABRU\u0160EN<\/span><br \/>\n<span style=\"color: #993300; font-size: 15px;\">NAGASA (dol\u017eina rezila): 70 cm, 72,5 cm s Habaki-jem<\/span><br \/>\n<span style=\"color: #993300; font-size: 15px;\">HAMON (motiv ostrine): Notare<\/span><br \/>\n<span style=\"color: #993300; font-size: 15px;\">SORI (ukrivljenost): 2,00 cm <\/span><br \/>\n<span style=\"color: #993300; font-size: 15px;\">TSUKA (ro\u010daj): 26 cm <\/span><br \/>\n<span style=\"color: #993300; font-size: 15px;\">TSUKA ITO (navitje ro\u010daja): \u010drn bomba\u017e<\/span><br \/>\n<span style=\"color: #993300; font-size: 15px;\">SAME (podloga ro\u010daja): real ray skin bele barve<\/span><br \/>\n<span style=\"color: #993300; font-size: 15px;\">TSUBA (\u0161\u010ditnik): Mokkogata<\/span><br \/>\n<span style=\"color: #993300; font-size: 15px;\">BOHI (\u017eleb v rezilu): ne<\/span><br \/>\n<span style=\"color: #993300; font-size: 15px;\">SAYA: 76 cm \u010drn lakiran les<\/span><br \/>\n<span style=\"color: #993300; font-size: 15px;\">SAGEO (vrvica): rde\u010d bomba\u017e<\/span><br \/>\n<span style=\"color: #993300; font-size: 15px;\">MEKUGI (zati\u010d): bambusov 2X <\/span><br \/>\n<span style=\"color: #993300; font-size: 15px;\">Te\u017ea: cca. 1.300 g (s Sayo), 1.100 g (brez Saye)<\/span><\/p>\n<p><span style=\"color: #993300; font-size: 15px;\">Darilo: <strong>prenosni torba!<\/strong><\/span><\/p>\n<p><span style=\"color: #993300; font-size: 15px;\">TA ARTIKEL PRODAJAMO SAMO POLNOLETNIM OSEBAM!!<\/span><\/p>\n<\/div>\n<div style=\"text-align: justify;\"><\/div>\n<div style=\"text-align: justify;\"><span style=\"color: #993300; font-size: 11px;\">Opozorilo!<br \/>\n\u25ba Artikel je namenjen samo dekorativni uporabi oziroma osebnemu treningu borilnih ve\u0161\u010din.<br \/>\n\u25ba Po prodaji, prodajalec ni ve\u010d odgovoren za nikakr\u0161ne po\u0161kodbe, ki se lahko zgodijo zaradi napa\u010dne uporabe ali zanemarjanja teh opozoril. Novi lastnik prevzema popolno odgovornost za skrb in uporabo tega artikla.<br \/>\n\u25ba Vsakr\u0161na napa\u010dna uporaba ali nepazljivost lahko vam ali drugemu povzro\u010di resne po\u0161kodbe ali celo smrt!<br \/>\n\u25ba Ta artikel se v nobenem primeru ne sme uporabljati na drugi osebi!<\/span><\/div>\n","protected":false},"excerpt":{"rendered":"<p><strong><span style=\"color: #002060;\">Nabru\u0161en dolg Samurajski Shinken Katana me\u010d.<\/span><\/strong><\/p>\n","protected":false},"featured_media":66459,"comment_status":"open","ping_status":"closed","template":"","meta":[],"product_brand":[],"product_cat":[5384,1035,1037],"product_tag":[],"class_list":{"0":"post-66457","1":"product","2":"type-product","3":"status-publish","4":"has-post-thumbnail","6":"product_cat-shinken-trening-katana-meci","7":"product_cat-aikido-kendo-iai-kobudo-1","8":"product_cat-ninjutsu-3","10":"first","11":"outofstock","12":"taxable","13":"shipping-taxable","14":"purchasable","15":"product-type-simple"},"_links":{"self":[{"href":"https:\/\/www.budoshop.si\/sl\/wp-json\/wp\/v2\/product\/66457","targetHints":{"allow":["GET"]}}],"collection":[{"href":"https:\/\/www.budoshop.si\/sl\/wp-json\/wp\/v2\/product"}],"about":[{"href":"https:\/\/www.budoshop.si\/sl\/wp-json\/wp\/v2\/types\/product"}],"replies":[{"embeddable":true,"href":"https:\/\/www.budoshop.si\/sl\/wp-json\/wp\/v2\/comments?post=66457"}],"wp:featuredmedia":[{"embeddable":true,"href":"https:\/\/www.budoshop.si\/sl\/wp-json\/wp\/v2\/media\/66459"}],"wp:attachment":[{"href":"https:\/\/www.budoshop.si\/sl\/wp-json\/wp\/v2\/media?parent=66457"}],"wp:term":[{"taxonomy":"product_brand","embeddable":true,"href":"https:\/\/www.budoshop.si\/sl\/wp-json\/wp\/v2\/product_brand?post=66457"},{"taxonomy":"product_cat","embeddable":true,"href":"https:\/\/www.budoshop.si\/sl\/wp-json\/wp\/v2\/product_cat?post=66457"},{"taxonomy":"product_tag","embeddable":true,"href":"https:\/\/www.budoshop.si\/sl\/wp-json\/wp\/v2\/product_tag?post=66457"}],"curies":[{"name":"wp","href":"https:\/\/api.w.org\/{rel}","templated":true}]}}