{"id":66447,"date":"2018-09-13T06:51:49","date_gmt":"2018-09-13T06:51:49","guid":{"rendered":"https:\/\/budoshop.si\/?product=lesen-ukrivljen-vadbeni-taichi-in-kung-fu-mec"},"modified":"2026-01-13T10:19:18","modified_gmt":"2026-01-13T09:19:18","slug":"lesen-ukrivljen-vadbeni-taichi-in-kung-fu-mec","status":"publish","type":"product","link":"https:\/\/www.budoshop.si\/sl\/izdelek\/lesen-ukrivljen-vadbeni-taichi-in-kung-fu-mec\/","title":{"rendered":"Lesen ukrivljen vadbeni TAICHI in KUNG FU me\u010d"},"content":{"rendered":"<div style=\"text-align: justify;\">\n<p><span style=\"color: #993300; font-size: 15px;\">Lesen zakrivljen trening TAI CHI in KUNG FU me\u010d tradicionalne WU SHU oblike z \u0161irokim rezilom (4 &#8211; 6 cm), ki se \u0161iri proti vrhu in lesenim \u0161\u010ditnikom pri ro\u010daju.<\/span><\/p>\n<p><span style=\"color: #993300; font-size: 15px;\">Skupna dol\u017eina: cca. 86,5 cm<\/span><br \/>\n<span style=\"color: #993300; font-size: 15px;\">Dol\u017eina rezila: cca. 67,5 cm<\/span><br \/>\n<span style=\"color: #993300; font-size: 15px;\">Dol\u017eina ro\u010daja: cca. 17,5 cm<\/span><br \/>\n<span style=\"color: #993300; font-size: 15px;\">Te\u017ea: cca. 520 g<\/span><\/p>\n<\/div>\n<div style=\"text-align: justify;\"><\/div>\n<div style=\"text-align: justify;\">\n<p><span style=\"color: #993300; font-size: 15px;\"><br \/>\n<span id=\"dnn_ctr448_ProductPage_lblItemHtmlHolder\" style=\"font-size: 11px;\">Opozorilo!<br \/>\n\u25ba Artikel je namenjen samo dekorativni uporabi oziroma osebnemu treningu borilnih ve\u0161\u010din.<br \/>\n\u25ba Po prodaji, prodajalec ni ve\u010d odgovoren za nikakr\u0161ne po\u0161kodbe, ki se lahko zgodijo zaradi napa\u010dne uporabe ali zanemarjanja teh opozoril. Novi lastnik prevzema popolno odgovornost za skrb in uporabo tega artikla.<br \/>\n\u25ba Vsakr\u0161na napa\u010dna uporaba ali nepazljivost lahko vam ali drugemu povzro\u010di resne po\u0161kodbe ali celo smrt!<br \/>\n\u25ba Ta artikel se v nobenem primeru ne sme uporabljati na drugi osebi!<\/span><\/span><\/p>\n<\/div>\n","protected":false},"excerpt":{"rendered":"<p><span style=\"color: #003366;\"><strong>Lesen zakrivljen WU SHU me\u010d.<\/strong><\/span><\/p>\n","protected":false},"featured_media":66449,"comment_status":"open","ping_status":"closed","template":"","meta":[],"product_brand":[5595],"product_cat":[1061,983,757,1041],"product_tag":[],"class_list":{"0":"post-66447","1":"product","2":"type-product","3":"status-publish","4":"has-post-thumbnail","6":"product_brand-ju-sports","7":"product_cat-kwon-5","8":"product_cat-kwon-3","9":"product_cat-leseni","10":"product_cat-tai-chi-kunf-fu-wu-shu-1","12":"first","13":"instock","14":"taxable","15":"shipping-taxable","16":"purchasable","17":"product-type-simple"},"_links":{"self":[{"href":"https:\/\/www.budoshop.si\/sl\/wp-json\/wp\/v2\/product\/66447","targetHints":{"allow":["GET"]}}],"collection":[{"href":"https:\/\/www.budoshop.si\/sl\/wp-json\/wp\/v2\/product"}],"about":[{"href":"https:\/\/www.budoshop.si\/sl\/wp-json\/wp\/v2\/types\/product"}],"replies":[{"embeddable":true,"href":"https:\/\/www.budoshop.si\/sl\/wp-json\/wp\/v2\/comments?post=66447"}],"wp:featuredmedia":[{"embeddable":true,"href":"https:\/\/www.budoshop.si\/sl\/wp-json\/wp\/v2\/media\/66449"}],"wp:attachment":[{"href":"https:\/\/www.budoshop.si\/sl\/wp-json\/wp\/v2\/media?parent=66447"}],"wp:term":[{"taxonomy":"product_brand","embeddable":true,"href":"https:\/\/www.budoshop.si\/sl\/wp-json\/wp\/v2\/product_brand?post=66447"},{"taxonomy":"product_cat","embeddable":true,"href":"https:\/\/www.budoshop.si\/sl\/wp-json\/wp\/v2\/product_cat?post=66447"},{"taxonomy":"product_tag","embeddable":true,"href":"https:\/\/www.budoshop.si\/sl\/wp-json\/wp\/v2\/product_tag?post=66447"}],"curies":[{"name":"wp","href":"https:\/\/api.w.org\/{rel}","templated":true}]}}