{"id":66437,"date":"2018-09-13T06:51:49","date_gmt":"2018-09-13T06:51:49","guid":{"rendered":"https:\/\/budoshop.si\/?product=bambusov-kendo-mec-shinai-keiko"},"modified":"2026-01-13T10:17:35","modified_gmt":"2026-01-13T09:17:35","slug":"bambusov-kendo-mec-shinai-keiko","status":"publish","type":"product","link":"https:\/\/www.budoshop.si\/sl\/izdelek\/bambusov-kendo-mec-shinai-keiko\/","title":{"rendered":"Bambusov Kendo me\u010d &#8221;Shinai KEIKO&#8221;"},"content":{"rendered":"<div style=\"text-align: justify;\">\n<p><span style=\"color: #993300; font-size: 15px;\">Bambusov me\u010d s Tsubo (\u0161\u010ditnikom) pri ro\u010daju, ki se uporablja pri Kendo-ju pa tudi v drugih sorodnih ve\u0161\u010dinah, kjer se ukvarjajo z japonskim me\u010devanjem. Me\u010d je narejen iz ve\u010d bambusovih plasti, ki so povezane skupaj, kar nudi varen trening. Ro\u010daj je oble\u010den v umetno usnje kar zagodavlja dober oprijem. Opremljen tdui z gumiranim Tsuba \u0161\u010ditnikom pri ro\u010daju.<\/span><\/p>\n<p><span style=\"color: #993300; font-size: 15px;\"><br \/>\nVelikost:<br \/>\n&#8211; 104 cm (34)<br \/>\n&#8211; 110 cm (36)<br \/>\n&#8211; 113 cm (37)<br \/>\n&#8211; 117 cm (38)<br \/>\n&#8211; 119 cm (39)<br \/>\n<\/span><\/p>\n<\/div>\n<div style=\"text-align: justify;\"><\/div>\n<div style=\"text-align: justify;\"><span style=\"color: #993300; font-size: 11px;\">\u00a0<\/span><\/div>\n<div style=\"text-align: justify;\">\n<p><span style=\"color: #993300; font-size: 11px;\">Opozorilo!<br \/>\n\u25ba Artikel je namenjen samo dekorativni uporabi oziroma osebnemu treningu borilnih ve\u0161\u010din.<br \/>\n\u25ba Po prodaji, prodajalec ni ve\u010d odgovoren za nikakr\u0161ne po\u0161kodbe, ki se lahko zgodijo zaradi napa\u010dne uporabe ali zanemarjanja teh opozoril. Novi lastnik prevzema popolno odgovornost za skrb in uporabo tega artikla.<br \/>\n\u25ba Vsakr\u0161na napa\u010dna uporaba ali nepazljivost lahko vam ali drugemu povzro\u010di resne po\u0161kodbe ali celo smrt!<br \/>\n\u25ba Ta artikel se v nobenem primeru ne sme uporabljati na drugi osebi!<\/span><\/p>\n<\/div>\n","protected":false},"excerpt":{"rendered":"<p><span style=\"color: #002060;\"><strong>Klasi\u010den bambusov KENDO me\u010d.<\/strong><\/span><\/p>\n","protected":false},"featured_media":113922,"comment_status":"open","ping_status":"closed","template":"","meta":[],"product_brand":[5595],"product_cat":[5405,5406,1035,1037,757],"product_tag":[],"class_list":{"0":"post-66437","1":"product","2":"type-product","3":"status-publish","4":"has-post-thumbnail","6":"product_brand-ju-sports","7":"product_cat-ju-sports","8":"product_cat-ju-sports-2","9":"product_cat-aikido-kendo-iai-kobudo-1","10":"product_cat-ninjutsu-3","11":"product_cat-leseni","12":"pa_size-104-cm-2","13":"pa_size-110cm-sl","14":"pa_size-113-cm-sl","15":"pa_size-117-cm-sl","16":"pa_size-119-cm-sl","18":"first","19":"onbackorder","20":"taxable","21":"shipping-taxable","22":"purchasable","23":"product-type-variable"},"_links":{"self":[{"href":"https:\/\/www.budoshop.si\/sl\/wp-json\/wp\/v2\/product\/66437","targetHints":{"allow":["GET"]}}],"collection":[{"href":"https:\/\/www.budoshop.si\/sl\/wp-json\/wp\/v2\/product"}],"about":[{"href":"https:\/\/www.budoshop.si\/sl\/wp-json\/wp\/v2\/types\/product"}],"replies":[{"embeddable":true,"href":"https:\/\/www.budoshop.si\/sl\/wp-json\/wp\/v2\/comments?post=66437"}],"wp:featuredmedia":[{"embeddable":true,"href":"https:\/\/www.budoshop.si\/sl\/wp-json\/wp\/v2\/media\/113922"}],"wp:attachment":[{"href":"https:\/\/www.budoshop.si\/sl\/wp-json\/wp\/v2\/media?parent=66437"}],"wp:term":[{"taxonomy":"product_brand","embeddable":true,"href":"https:\/\/www.budoshop.si\/sl\/wp-json\/wp\/v2\/product_brand?post=66437"},{"taxonomy":"product_cat","embeddable":true,"href":"https:\/\/www.budoshop.si\/sl\/wp-json\/wp\/v2\/product_cat?post=66437"},{"taxonomy":"product_tag","embeddable":true,"href":"https:\/\/www.budoshop.si\/sl\/wp-json\/wp\/v2\/product_tag?post=66437"}],"curies":[{"name":"wp","href":"https:\/\/api.w.org\/{rel}","templated":true}]}}