{"id":66423,"date":"2018-09-13T06:51:49","date_gmt":"2018-09-13T04:51:49","guid":{"rendered":"https:\/\/budoshop.si\/?product=tanto-shinobi"},"modified":"2024-06-20T10:47:45","modified_gmt":"2024-06-20T08:47:45","slug":"tanto-shinobi","status":"publish","type":"product","link":"https:\/\/www.budoshop.si\/sl\/izdelek\/tanto-shinobi\/","title":{"rendered":"TANTO &#8221;SHINOBI&#8221;"},"content":{"rendered":"<div style=\"text-align: justify;\"><span style=\"color: #c00000;\">Popolnoma ro\u010dno narejen lesen no\u017e z leseno Sayo (no\u017enico), ki navzven ka\u017ee podobo navadne palice, ko pa se ga razpre, se iz njega prika\u017ee leseno rezilo. <br \/>Izdelan iz mahagonija v naravni barvi lesa.<br \/>Dol\u017eina rezila 23 cm, dol\u017eina ro\u010daja 13 cm, dol\u017eina Saye 25 cm.<br \/><\/span><\/div>\n","protected":false},"excerpt":{"rendered":"<p><span style=\"color: #002060;\"><strong>Lesen no\u017e z no\u017enico.<\/strong><\/span><\/p>\n","protected":false},"featured_media":66425,"comment_status":"open","ping_status":"closed","template":"","meta":[],"product_brand":[],"product_cat":[2211],"product_tag":[],"class_list":{"0":"post-66423","1":"product","2":"type-product","3":"status-publish","4":"has-post-thumbnail","6":"product_cat-nekategorizirano","8":"first","9":"outofstock","10":"taxable","11":"shipping-taxable","12":"purchasable","13":"product-type-simple"},"_links":{"self":[{"href":"https:\/\/www.budoshop.si\/sl\/wp-json\/wp\/v2\/product\/66423","targetHints":{"allow":["GET"]}}],"collection":[{"href":"https:\/\/www.budoshop.si\/sl\/wp-json\/wp\/v2\/product"}],"about":[{"href":"https:\/\/www.budoshop.si\/sl\/wp-json\/wp\/v2\/types\/product"}],"replies":[{"embeddable":true,"href":"https:\/\/www.budoshop.si\/sl\/wp-json\/wp\/v2\/comments?post=66423"}],"wp:featuredmedia":[{"embeddable":true,"href":"https:\/\/www.budoshop.si\/sl\/wp-json\/wp\/v2\/media\/66425"}],"wp:attachment":[{"href":"https:\/\/www.budoshop.si\/sl\/wp-json\/wp\/v2\/media?parent=66423"}],"wp:term":[{"taxonomy":"product_brand","embeddable":true,"href":"https:\/\/www.budoshop.si\/sl\/wp-json\/wp\/v2\/product_brand?post=66423"},{"taxonomy":"product_cat","embeddable":true,"href":"https:\/\/www.budoshop.si\/sl\/wp-json\/wp\/v2\/product_cat?post=66423"},{"taxonomy":"product_tag","embeddable":true,"href":"https:\/\/www.budoshop.si\/sl\/wp-json\/wp\/v2\/product_tag?post=66423"}],"curies":[{"name":"wp","href":"https:\/\/api.w.org\/{rel}","templated":true}]}}