{"id":66365,"date":"2018-09-13T06:51:49","date_gmt":"2018-09-13T06:51:49","guid":{"rendered":"https:\/\/budoshop.si\/?product=lesen-vadbeni-mec-bokken-shoto"},"modified":"2026-01-13T10:14:48","modified_gmt":"2026-01-13T09:14:48","slug":"lesen-vadbeni-mec-bokken-shoto","status":"publish","type":"product","link":"https:\/\/www.budoshop.si\/sl\/izdelek\/lesen-vadbeni-mec-bokken-shoto\/","title":{"rendered":"Lesen vadbeni me\u010d &#8221;Bokken SHOTO&#8221;"},"content":{"rendered":"<div style=\"text-align: justify;\"><span style=\"color: #c00000; font-size: 15px;\">Ta kratek lesen vadbeni me\u010d, klasi\u010dne tradicionalne oblike japonskega Wakizashi-ja, s plasti\u010dno Tsubo (\u0161\u010ditnikom) pri ro\u010daju, omogo\u010da varen in kvaliteten trening me\u010devanja. Narejen je iz kvalitetnega in obstojnega lesa. V naravni barvi lesa.<br \/>\n<\/span><span style=\"color: #c00000;\"><br \/>\n<span style=\"font-size: 15px;\">Skupna dol\u017eina: cca. 55 cm.<\/span><br \/>\n<span style=\"font-size: 15px;\">Dol\u017eina rezila: 39 cm.<\/span><br \/>\n<span style=\"font-size: 15px;\">Dol\u017eina ro\u010daja: 16 cm.<\/span><br \/>\n<span style=\"font-size: 15px;\">Te\u017ea: cca. 335 g<\/span><br \/>\n<\/span><\/div>\n","protected":false},"excerpt":{"rendered":"<p><span style=\"color: #003366;\"><strong>Kratek lesen vadbeni me\u010d Samurai-ske Wakizashi oblike.<\/strong><\/span><\/p>\n","protected":false},"featured_media":66367,"comment_status":"open","ping_status":"closed","template":"","meta":[],"product_brand":[5595],"product_cat":[1035,1037,757,983,1061],"product_tag":[],"class_list":{"0":"post-66365","1":"product","2":"type-product","3":"status-publish","4":"has-post-thumbnail","6":"product_brand-ju-sports","7":"product_cat-aikido-kendo-iai-kobudo-1","8":"product_cat-ninjutsu-3","9":"product_cat-leseni","10":"product_cat-kwon-3","11":"product_cat-kwon-5","13":"first","14":"instock","15":"taxable","16":"shipping-taxable","17":"purchasable","18":"product-type-simple"},"_links":{"self":[{"href":"https:\/\/www.budoshop.si\/sl\/wp-json\/wp\/v2\/product\/66365","targetHints":{"allow":["GET"]}}],"collection":[{"href":"https:\/\/www.budoshop.si\/sl\/wp-json\/wp\/v2\/product"}],"about":[{"href":"https:\/\/www.budoshop.si\/sl\/wp-json\/wp\/v2\/types\/product"}],"replies":[{"embeddable":true,"href":"https:\/\/www.budoshop.si\/sl\/wp-json\/wp\/v2\/comments?post=66365"}],"wp:featuredmedia":[{"embeddable":true,"href":"https:\/\/www.budoshop.si\/sl\/wp-json\/wp\/v2\/media\/66367"}],"wp:attachment":[{"href":"https:\/\/www.budoshop.si\/sl\/wp-json\/wp\/v2\/media?parent=66365"}],"wp:term":[{"taxonomy":"product_brand","embeddable":true,"href":"https:\/\/www.budoshop.si\/sl\/wp-json\/wp\/v2\/product_brand?post=66365"},{"taxonomy":"product_cat","embeddable":true,"href":"https:\/\/www.budoshop.si\/sl\/wp-json\/wp\/v2\/product_cat?post=66365"},{"taxonomy":"product_tag","embeddable":true,"href":"https:\/\/www.budoshop.si\/sl\/wp-json\/wp\/v2\/product_tag?post=66365"}],"curies":[{"name":"wp","href":"https:\/\/api.w.org\/{rel}","templated":true}]}}