{"id":66341,"date":"2018-09-13T06:51:49","date_gmt":"2018-09-13T06:51:49","guid":{"rendered":"https:\/\/budoshop.si\/?product=tezak-lesen-vadbeni-mec-suburito"},"modified":"2026-04-19T19:17:52","modified_gmt":"2026-04-19T17:17:52","slug":"tezak-lesen-vadbeni-mec-suburito","status":"publish","type":"product","link":"https:\/\/www.budoshop.si\/sl\/izdelek\/tezak-lesen-vadbeni-mec-suburito\/","title":{"rendered":"Te\u017eji lesen vadbeni me\u010d &#8221;SUBURITO&#8221;"},"content":{"rendered":"<p><span style=\"color: #993300; font-size: 15px;\">Suburito je te\u017eak lesen trening me\u010d. Izdelan je iz kvalitnega hrastovega lesa. Suburito se od klasi\u010dnega Bokken-a razlikuje v tem, da ima \u0161ir\u0161e in debelej\u0161e rezilo ter dalj\u0161o skupno dol\u017eino. Zaradi tega je ta trening me\u010d namenjen vadbi Suburi zamahon Kata formam me\u010devanja, poleg tega pa njegova te\u017ea pomaga oja\u010dati mi\u0161ice rok in ramenskega obro\u010da.<\/span><\/p>\n<p><span style=\"font-size: 15px; color: #993300;\">Skupna dol\u017eina: cca. 115 cm.<\/span><br \/>\n<span style=\"font-size: 15px; color: #993300;\">Dol\u017eina rezila: 84 cm.<\/span><br \/>\n<span style=\"font-size: 15px; color: #993300;\">Dol\u017eina ro\u010daja: 30 cm.<\/span><br \/>\n<span style=\"font-size: 15px; color: #993300;\">Debelina rezila: 2,2 cm.<\/span><br \/>\n<span style=\"font-size: 15px; color: #993300;\">\u0160irina rezila: 4,5 cm.<\/span><br \/>\n<span style=\"font-size: 15px; color: #993300;\">Te\u017ea: cca. 1.145 g<\/span><\/p>\n<p>&nbsp;<\/p>\n<p><span style=\"color: #993300; font-size: 11px;\">Opozorilo!<br \/>\n\u25ba Artikel je namenjen samo dekorativni uporabi oziroma osebnemu treningu borilnih ve\u0161\u010din.<br \/>\n\u25ba Po prodaji, prodajalec ni ve\u010d odgovoren za nikakr\u0161ne po\u0161kodbe, ki se lahko zgodijo zaradi napa\u010dne uporabe ali zanemarjanja teh opozoril. Novi lastnik prevzema popolno odgovornost za skrb in uporabo tega artikla.<br \/>\n\u25ba Vsakr\u0161na napa\u010dna uporaba ali nepazljivost lahko vam ali drugemu povzro\u010di resne po\u0161kodbe ali celo smrt!<br \/>\n\u25ba Ta artikel se v nobenem primeru ne sme uporabljati na drugi osebi!<\/span><\/p>\n<p>&nbsp;<\/p>\n","protected":false},"excerpt":{"rendered":"<p><span style=\"color: #003366;\"><strong>Te\u017eak lesen vadbeni Suburito me\u010d.<\/strong><\/span><\/p>\n","protected":false},"featured_media":66343,"comment_status":"open","ping_status":"closed","template":"","meta":[],"product_brand":[5596],"product_cat":[1035,1061,983,757,1037],"product_tag":[],"class_list":{"0":"post-66341","1":"product","2":"type-product","3":"status-publish","4":"has-post-thumbnail","6":"product_brand-kwon","7":"product_cat-aikido-kendo-iai-kobudo-1","8":"product_cat-kwon-5","9":"product_cat-kwon-3","10":"product_cat-leseni","11":"product_cat-ninjutsu-3","13":"first","14":"outofstock","15":"taxable","16":"shipping-taxable","17":"purchasable","18":"product-type-simple"},"_links":{"self":[{"href":"https:\/\/www.budoshop.si\/sl\/wp-json\/wp\/v2\/product\/66341","targetHints":{"allow":["GET"]}}],"collection":[{"href":"https:\/\/www.budoshop.si\/sl\/wp-json\/wp\/v2\/product"}],"about":[{"href":"https:\/\/www.budoshop.si\/sl\/wp-json\/wp\/v2\/types\/product"}],"replies":[{"embeddable":true,"href":"https:\/\/www.budoshop.si\/sl\/wp-json\/wp\/v2\/comments?post=66341"}],"wp:featuredmedia":[{"embeddable":true,"href":"https:\/\/www.budoshop.si\/sl\/wp-json\/wp\/v2\/media\/66343"}],"wp:attachment":[{"href":"https:\/\/www.budoshop.si\/sl\/wp-json\/wp\/v2\/media?parent=66341"}],"wp:term":[{"taxonomy":"product_brand","embeddable":true,"href":"https:\/\/www.budoshop.si\/sl\/wp-json\/wp\/v2\/product_brand?post=66341"},{"taxonomy":"product_cat","embeddable":true,"href":"https:\/\/www.budoshop.si\/sl\/wp-json\/wp\/v2\/product_cat?post=66341"},{"taxonomy":"product_tag","embeddable":true,"href":"https:\/\/www.budoshop.si\/sl\/wp-json\/wp\/v2\/product_tag?post=66341"}],"curies":[{"name":"wp","href":"https:\/\/api.w.org\/{rel}","templated":true}]}}