{"id":66329,"date":"2018-09-13T06:51:49","date_gmt":"2018-09-13T06:51:49","guid":{"rendered":"https:\/\/budoshop.si\/?product=zori-natikaci-japan"},"modified":"2023-10-01T15:33:45","modified_gmt":"2023-10-01T13:33:45","slug":"zori-natikaci-japan","status":"publish","type":"product","link":"https:\/\/www.budoshop.si\/sl\/izdelek\/zori-natikaci-japan\/","title":{"rendered":"Zori natika\u010di &#8221;JAPAN&#8221;"},"content":{"rendered":"<div style=\"text-align: justify;\">\n<p><span style=\"color: #993300; font-size: 15px;\">Tradicionalen japonski model Zori natika\u010dev z lo\u010denim palcem kar nudi, da stopalo ne drsi v natika\u010du, temve\u010d je noga s trakovi med prsti dobro pritrjena. Zgornji del podplata je iz svetlej\u0161e gume, na katerem so pritrjeni trakovi \u010drne barve iz 100% bomba\u017ea. Tudi podplat je iz gume s profilom, ki onemogo\u010da spodrsavanje. Primerno za uporabo v Dojo-ju, na prostem in s Tabi copati.<br \/>\nSESTAVA: Zgornji del: tekstil; Podloga in vlo\u017eek: tekstil; Podplat: umetni material<\/span><\/p>\n<p><span style=\"font-size: 15px; color: #993300;\">\u0160tevilke: S (37\/39) &#8211; M (40\/41) &#8211; L (42\/43) &#8211; XL (44\/46).<\/span><\/p>\n<\/div>\n","protected":false},"excerpt":{"rendered":"<p><span style=\"color: #002060;\"><strong>Tradicionalni japonski model Zori natika\u010dev iz gume.<\/strong><\/span><\/p>\n","protected":false},"featured_media":66331,"comment_status":"open","ping_status":"closed","template":"","meta":[],"product_brand":[],"product_cat":[1035,1033,1031,1029,1037,1053,961],"product_tag":[],"class_list":{"0":"post-66329","1":"product","2":"type-product","3":"status-publish","4":"has-post-thumbnail","6":"product_cat-aikido-kendo-iai-kobudo-1","7":"product_cat-ju-jitsujiu-jitsu-1","8":"product_cat-judo-1","9":"product_cat-karate-5","10":"product_cat-ninjutsu-3","11":"product_cat-vandal-3","12":"product_cat-zori-natikaci","13":"pa_velikost-l-4243-sl","14":"pa_velikost-m-40-41-sl","15":"pa_velikost-s-37-39-sl","16":"pa_velikost-xl-4446-sl","18":"first","19":"instock","20":"taxable","21":"shipping-taxable","22":"purchasable","23":"product-type-variable"},"_links":{"self":[{"href":"https:\/\/www.budoshop.si\/sl\/wp-json\/wp\/v2\/product\/66329","targetHints":{"allow":["GET"]}}],"collection":[{"href":"https:\/\/www.budoshop.si\/sl\/wp-json\/wp\/v2\/product"}],"about":[{"href":"https:\/\/www.budoshop.si\/sl\/wp-json\/wp\/v2\/types\/product"}],"replies":[{"embeddable":true,"href":"https:\/\/www.budoshop.si\/sl\/wp-json\/wp\/v2\/comments?post=66329"}],"wp:featuredmedia":[{"embeddable":true,"href":"https:\/\/www.budoshop.si\/sl\/wp-json\/wp\/v2\/media\/66331"}],"wp:attachment":[{"href":"https:\/\/www.budoshop.si\/sl\/wp-json\/wp\/v2\/media?parent=66329"}],"wp:term":[{"taxonomy":"product_brand","embeddable":true,"href":"https:\/\/www.budoshop.si\/sl\/wp-json\/wp\/v2\/product_brand?post=66329"},{"taxonomy":"product_cat","embeddable":true,"href":"https:\/\/www.budoshop.si\/sl\/wp-json\/wp\/v2\/product_cat?post=66329"},{"taxonomy":"product_tag","embeddable":true,"href":"https:\/\/www.budoshop.si\/sl\/wp-json\/wp\/v2\/product_tag?post=66329"}],"curies":[{"name":"wp","href":"https:\/\/api.w.org\/{rel}","templated":true}]}}