{"id":66315,"date":"2018-09-13T06:51:49","date_gmt":"2018-09-13T06:51:49","guid":{"rendered":"https:\/\/budoshop.si\/?product=zori-slamnati-natikaci-s-krizanimi-trakovi"},"modified":"2026-01-13T10:12:31","modified_gmt":"2026-01-13T09:12:31","slug":"zori-slamnati-natikaci-s-krizanimi-trakovi","status":"publish","type":"product","link":"https:\/\/www.budoshop.si\/sl\/izdelek\/zori-slamnati-natikaci-s-krizanimi-trakovi\/","title":{"rendered":"ZORI slamnati natika\u010di s kri\u017eanimi trakovi"},"content":{"rendered":"<div style=\"text-align: justify;\">\n<p><span style=\"color: #993300; font-size: 15px;\">Tradicionalni azijski slamnati Zori natika\u010di s kri\u017eanimi trakovi na vrhu, ki zagotavljajo dober oprijem nogi. Zgornji del podplata je iz ri\u017eeve slame, na katerem so pritrjeni trakovi iz 100% bomba\u017ea \u010drne barve, podplat pa je iz bele plastike s profilom na dnu, da ne drsi. Zaradi kri\u017eanih trakov se jih lahko nosi tudi s klasi\u010dnimi nogavicami.<br \/>\nSESTAVA: Zgornji del: tekstil; Podloga in vlo\u017eek: tekstil; Podplat: umetni material<\/span><\/p>\n<p><span style=\"font-size: 15px; color: #993300;\">\u0160tevilke: 38 \u2013 46 (tudi manj\u0161e po naro\u010dilu).<\/span><\/p>\n<\/div>\n","protected":false},"excerpt":{"rendered":"<p><span style=\"color: #002060;\"><strong>Tradicionalni azijski Zori natika\u010di s kri\u017eanimi trakovi.<\/strong><\/span><\/p>\n","protected":false},"featured_media":66317,"comment_status":"open","ping_status":"closed","template":"","meta":[],"product_brand":[5595],"product_cat":[1035,1033,5406,5405,1031,1029,1037,961],"product_tag":[],"class_list":{"0":"post-66315","1":"product","2":"type-product","3":"status-publish","4":"has-post-thumbnail","6":"product_brand-ju-sports","7":"product_cat-aikido-kendo-iai-kobudo-1","8":"product_cat-ju-jitsujiu-jitsu-1","9":"product_cat-ju-sports-2","10":"product_cat-ju-sports","11":"product_cat-judo-1","12":"product_cat-karate-5","13":"product_cat-ninjutsu-3","14":"product_cat-zori-natikaci","15":"pa_velikost-3839-sl","16":"pa_velikost-40-41-slo","17":"pa_velikost-4243-sl","18":"pa_velikost-4445-sl","19":"pa_velikost-46-47-slo","21":"first","22":"instock","23":"taxable","24":"shipping-taxable","25":"purchasable","26":"product-type-variable"},"_links":{"self":[{"href":"https:\/\/www.budoshop.si\/sl\/wp-json\/wp\/v2\/product\/66315","targetHints":{"allow":["GET"]}}],"collection":[{"href":"https:\/\/www.budoshop.si\/sl\/wp-json\/wp\/v2\/product"}],"about":[{"href":"https:\/\/www.budoshop.si\/sl\/wp-json\/wp\/v2\/types\/product"}],"replies":[{"embeddable":true,"href":"https:\/\/www.budoshop.si\/sl\/wp-json\/wp\/v2\/comments?post=66315"}],"wp:featuredmedia":[{"embeddable":true,"href":"https:\/\/www.budoshop.si\/sl\/wp-json\/wp\/v2\/media\/66317"}],"wp:attachment":[{"href":"https:\/\/www.budoshop.si\/sl\/wp-json\/wp\/v2\/media?parent=66315"}],"wp:term":[{"taxonomy":"product_brand","embeddable":true,"href":"https:\/\/www.budoshop.si\/sl\/wp-json\/wp\/v2\/product_brand?post=66315"},{"taxonomy":"product_cat","embeddable":true,"href":"https:\/\/www.budoshop.si\/sl\/wp-json\/wp\/v2\/product_cat?post=66315"},{"taxonomy":"product_tag","embeddable":true,"href":"https:\/\/www.budoshop.si\/sl\/wp-json\/wp\/v2\/product_tag?post=66315"}],"curies":[{"name":"wp","href":"https:\/\/api.w.org\/{rel}","templated":true}]}}