{"id":66291,"date":"2018-09-13T06:51:49","date_gmt":"2018-09-13T06:51:49","guid":{"rendered":"https:\/\/budoshop.si\/?product=zori-slamnati-natikaci-z-locenim-palcem"},"modified":"2025-05-13T08:29:25","modified_gmt":"2025-05-13T06:29:25","slug":"zori-slamnati-natikaci-z-locenim-palcem","status":"publish","type":"product","link":"https:\/\/www.budoshop.si\/sl\/izdelek\/zori-slamnati-natikaci-z-locenim-palcem\/","title":{"rendered":"ZORI slamnati natika\u010di z lo\u010denim palcem"},"content":{"rendered":"<div style=\"text-align: justify;\">\n<p><span style=\"color: #993300; font-size: 15px;\">Tradicionalni japonski slamnati Zori natika\u010di z lo\u010denim palcem, kar nudi, da noga v natika\u010du ne drsi temve\u010d je s trakovi med prsti dobro pritrjena. Zgornji del podplata je iz ri\u017eeve slame, na katerem so pritrjeni trakovi iz 100% bomba\u017ea \u010drne barve, podplat pa je iz \u010drne plastike s profilom, da ne drsi.<br \/>\nSESTAVA: Zgornji del: tekstil; Podloga in vlo\u017eek: tekstil; Podplat: umetni material<\/span><\/p>\n<p><span style=\"font-size: 15px; color: #993300;\">\u0160tevilke: 38 \u2013 46 (tudi manj\u0161i po naro\u010dilu).<\/span><\/p>\n<\/div>\n","protected":false},"excerpt":{"rendered":"<p><span style=\"color: #002060; font-size: 15px;\"><strong>Tradicionalni japonski Zori natika\u010di z lo\u010denim palcem.<\/strong><\/span><\/p>\n","protected":false},"featured_media":66293,"comment_status":"open","ping_status":"closed","template":"","meta":[],"product_brand":[],"product_cat":[1035,1033,5405,5406,1031,1029,1037,953,961],"product_tag":[],"class_list":{"0":"post-66291","1":"product","2":"type-product","3":"status-publish","4":"has-post-thumbnail","6":"product_cat-aikido-kendo-iai-kobudo-1","7":"product_cat-ju-jitsujiu-jitsu-1","8":"product_cat-ju-sports","9":"product_cat-ju-sports-2","10":"product_cat-judo-1","11":"product_cat-karate-5","12":"product_cat-ninjutsu-3","13":"product_cat-vandal-1","14":"product_cat-zori-natikaci","15":"pa_velikost-3839-sl","16":"pa_velikost-4041-sl","17":"pa_velikost-4243-sl","18":"pa_velikost-4445-sl","19":"pa_velikost-46-sl","21":"first","22":"instock","23":"taxable","24":"shipping-taxable","25":"purchasable","26":"product-type-variable"},"_links":{"self":[{"href":"https:\/\/www.budoshop.si\/sl\/wp-json\/wp\/v2\/product\/66291","targetHints":{"allow":["GET"]}}],"collection":[{"href":"https:\/\/www.budoshop.si\/sl\/wp-json\/wp\/v2\/product"}],"about":[{"href":"https:\/\/www.budoshop.si\/sl\/wp-json\/wp\/v2\/types\/product"}],"replies":[{"embeddable":true,"href":"https:\/\/www.budoshop.si\/sl\/wp-json\/wp\/v2\/comments?post=66291"}],"wp:featuredmedia":[{"embeddable":true,"href":"https:\/\/www.budoshop.si\/sl\/wp-json\/wp\/v2\/media\/66293"}],"wp:attachment":[{"href":"https:\/\/www.budoshop.si\/sl\/wp-json\/wp\/v2\/media?parent=66291"}],"wp:term":[{"taxonomy":"product_brand","embeddable":true,"href":"https:\/\/www.budoshop.si\/sl\/wp-json\/wp\/v2\/product_brand?post=66291"},{"taxonomy":"product_cat","embeddable":true,"href":"https:\/\/www.budoshop.si\/sl\/wp-json\/wp\/v2\/product_cat?post=66291"},{"taxonomy":"product_tag","embeddable":true,"href":"https:\/\/www.budoshop.si\/sl\/wp-json\/wp\/v2\/product_tag?post=66291"}],"curies":[{"name":"wp","href":"https:\/\/api.w.org\/{rel}","templated":true}]}}