{"id":66265,"date":"2018-09-13T06:51:49","date_gmt":"2018-09-13T04:51:49","guid":{"rendered":"https:\/\/budoshop.si\/?product=jika-tabi-japan"},"modified":"2025-08-26T15:40:18","modified_gmt":"2025-08-26T13:40:18","slug":"jika-tabi-japan","status":"publish","type":"product","link":"https:\/\/www.budoshop.si\/sl\/izdelek\/jika-tabi-japan\/","title":{"rendered":"Jika Tabi JAPAN"},"content":{"rendered":"<p style=\"text-align: justify;\"><span style=\"color: #993300; font-size: 15px;\">Bomba\u017eni NINJA copati z lo\u010denim palcem in gumijastim podplatom JAPONSKE blagovne znamke. Zunanji del copat je iz \u010drnega 100% bomba\u017ea, ve\u010dkrat ob\u0161it, da nudi obstojnost, notranji del je iz dvojnega 100% bomba\u017ea bele barve, da se noga v njem ne poti preve\u010d. Zapenjajo se na posebne nastavljive zati\u010de na zadnji strani. Podplat je iz mehke gume svetlej\u0161e barve, ki se odli\u010dno oprijema tal in ne drsi. Podplat je pri\u0161it in ne samo lepljen tako, da je zagotovljena kvaliteta in obstojnost. Copati so visoki tako, da vanje z lahko pripnemo tudi hla\u010dnice, da ne opletajo preko, ali pa jih nosimo pod hla\u010dnicami. Zaradi svojih lastnosti, daje to obuvalo ob\u010dutek kot bi bili bosi, hkrati pa \u0161\u010diti nogo in stopalo pred zunanjimi vplivi. Ti Tabi so namenjeni zunanji uporabi.<br \/>\nSESTAVA: Zgornji del: tekstil; Podloga in vlo\u017eek: tekstil; Podplat: umetni material<\/span><\/p>\n<p><span style=\"color: #993300; font-size: 15px;\">\u0160tevilke: 39 (25 cm), 40 (25,5 cm), 41 (26 cm), 42 (26,5 cm), 43 (27 cm)<br \/>\n<\/span><\/p>\n<p><span style=\"color: #993300; font-size: 15px;\">Barva: \u010drna<\/span><\/p>\n<p><span style=\"color: #993300; font-size: 15px;\"><strong>Omejena zaloga!<\/strong><\/span><\/p>\n","protected":false},"excerpt":{"rendered":"<p><strong><span style=\"color: #002060;\">Tabi z gumijastim podplatom MADE IN JAPAN.<\/span><\/strong><\/p>\n","protected":false},"featured_media":66267,"comment_status":"open","ping_status":"closed","template":"","meta":[],"product_brand":[],"product_cat":[1035,1033,1037,939,959],"product_tag":[],"class_list":{"0":"post-66265","1":"product","2":"type-product","3":"status-publish","4":"has-post-thumbnail","6":"product_cat-aikido-kendo-iai-kobudo-1","7":"product_cat-ju-jitsujiu-jitsu-1","8":"product_cat-ninjutsu-3","9":"product_cat-ninjutsu-oblacila","10":"product_cat-tabi-1","11":"pa_velikost-39-25-cm-sl","12":"pa_velikost-40-255-cm-sl-2","13":"pa_velikost-41-26-cm-sl","14":"pa_velikost-42-265-cm-sl","15":"pa_velikost-43-27-cm-sl-2","16":"pa_velikost-44-28-cm-sl-2","17":"pa_velikost-45-29-cm-sl-2","18":"pa_velikost-46-30-cm-sl-2","20":"first","21":"outofstock","22":"taxable","23":"shipping-taxable","24":"purchasable","25":"product-type-variable"},"_links":{"self":[{"href":"https:\/\/www.budoshop.si\/sl\/wp-json\/wp\/v2\/product\/66265","targetHints":{"allow":["GET"]}}],"collection":[{"href":"https:\/\/www.budoshop.si\/sl\/wp-json\/wp\/v2\/product"}],"about":[{"href":"https:\/\/www.budoshop.si\/sl\/wp-json\/wp\/v2\/types\/product"}],"replies":[{"embeddable":true,"href":"https:\/\/www.budoshop.si\/sl\/wp-json\/wp\/v2\/comments?post=66265"}],"wp:featuredmedia":[{"embeddable":true,"href":"https:\/\/www.budoshop.si\/sl\/wp-json\/wp\/v2\/media\/66267"}],"wp:attachment":[{"href":"https:\/\/www.budoshop.si\/sl\/wp-json\/wp\/v2\/media?parent=66265"}],"wp:term":[{"taxonomy":"product_brand","embeddable":true,"href":"https:\/\/www.budoshop.si\/sl\/wp-json\/wp\/v2\/product_brand?post=66265"},{"taxonomy":"product_cat","embeddable":true,"href":"https:\/\/www.budoshop.si\/sl\/wp-json\/wp\/v2\/product_cat?post=66265"},{"taxonomy":"product_tag","embeddable":true,"href":"https:\/\/www.budoshop.si\/sl\/wp-json\/wp\/v2\/product_tag?post=66265"}],"curies":[{"name":"wp","href":"https:\/\/api.w.org\/{rel}","templated":true}]}}