{"id":66231,"date":"2018-09-13T06:51:49","date_gmt":"2018-09-13T06:51:49","guid":{"rendered":"https:\/\/budoshop.si\/?product=kung-fu-tai-chi-sportni-copati"},"modified":"2026-01-13T10:11:51","modified_gmt":"2026-01-13T09:11:51","slug":"kung-fu-tai-chi-sportni-copati","status":"publish","type":"product","link":"https:\/\/www.budoshop.si\/sl\/izdelek\/kung-fu-tai-chi-sportni-copati\/","title":{"rendered":"KUNG FU \/ TAI CHI \u0161portni copati"},"content":{"rendered":"<div style=\"text-align: justify;\"><span style=\"color: #993300; font-size: 15px;\">Bomba\u017eni \u0161portni copati iz 100 % bomba\u017enega notranjega in zunanjega dela ter podplata iz tanke, svetlej\u0161e in ne drse\u010de gume, ki zagotavlja dober kontakt s tlemi. Copati so \u010drne barve in na straneh prednjega dela ob\u0161iti z elastiko tako, da se dobro oprijemajo noge. Zaradi izjemne lahkotnosti in pro\u017enosti, ki dajejo ob\u010dutek bose noge, nudijo optimalen u\u010dinek treninga. Copati so primerni tako za trening TAI CHI-ja, kot tudi tradicionalnega KUNG FU-a, WING CHUNA-a, QI GONG-a oziroma drugih borilnih ve\u0161\u010din, pa tudi kot navadni copati, ki zaradi lahkotnosti nudijo udoben in lahek korak. <\/span><\/div>\n<div style=\"text-align: justify;\">\n<p><span style=\"color: #993300; font-size: 15px;\">SESTAVA: Zgornji del: tekstil; Podloga in vlo\u017eek: tekstil; Podplat: umetni material<\/span><\/p>\n<p><span style=\"font-size: 15px; color: #993300;\">\u0160tevilke: 34 &#8211; 46.<\/span><\/p>\n<p>&nbsp;<\/p>\n<\/div>\n","protected":false},"excerpt":{"rendered":"<p><span style=\"color: #003366;\"><strong>Udobni lahki \u0161portni copati za Kung Fu ali Tai Chi.<\/strong><\/span><\/p>\n","protected":false},"featured_media":119430,"comment_status":"open","ping_status":"closed","template":"","meta":[],"product_brand":[5595],"product_cat":[5405,5406,957,963,1041],"product_tag":[],"class_list":{"0":"post-66231","1":"product","2":"type-product","3":"status-publish","4":"has-post-thumbnail","6":"product_brand-ju-sports","7":"product_cat-ju-sports","8":"product_cat-ju-sports-2","9":"product_cat-karate-taekwondo-copati","10":"product_cat-ostalo-6","11":"product_cat-tai-chi-kunf-fu-wu-shu-1","12":"pa_velikost-34-sl","13":"pa_velikost-35-sl","14":"pa_velikost-36-sl","15":"pa_velikost-37-sl","16":"pa_velikost-38-sl","17":"pa_velikost-39-sl","18":"pa_velikost-40-sl","19":"pa_velikost-41-sl","20":"pa_velikost-42-sl","21":"pa_velikost-43-sl","22":"pa_velikost-44-sl","23":"pa_velikost-45-sl","24":"pa_velikost-46-sl","26":"first","27":"instock","28":"taxable","29":"shipping-taxable","30":"purchasable","31":"product-type-variable"},"_links":{"self":[{"href":"https:\/\/www.budoshop.si\/sl\/wp-json\/wp\/v2\/product\/66231","targetHints":{"allow":["GET"]}}],"collection":[{"href":"https:\/\/www.budoshop.si\/sl\/wp-json\/wp\/v2\/product"}],"about":[{"href":"https:\/\/www.budoshop.si\/sl\/wp-json\/wp\/v2\/types\/product"}],"replies":[{"embeddable":true,"href":"https:\/\/www.budoshop.si\/sl\/wp-json\/wp\/v2\/comments?post=66231"}],"wp:featuredmedia":[{"embeddable":true,"href":"https:\/\/www.budoshop.si\/sl\/wp-json\/wp\/v2\/media\/119430"}],"wp:attachment":[{"href":"https:\/\/www.budoshop.si\/sl\/wp-json\/wp\/v2\/media?parent=66231"}],"wp:term":[{"taxonomy":"product_brand","embeddable":true,"href":"https:\/\/www.budoshop.si\/sl\/wp-json\/wp\/v2\/product_brand?post=66231"},{"taxonomy":"product_cat","embeddable":true,"href":"https:\/\/www.budoshop.si\/sl\/wp-json\/wp\/v2\/product_cat?post=66231"},{"taxonomy":"product_tag","embeddable":true,"href":"https:\/\/www.budoshop.si\/sl\/wp-json\/wp\/v2\/product_tag?post=66231"}],"curies":[{"name":"wp","href":"https:\/\/api.w.org\/{rel}","templated":true}]}}