{"id":66199,"date":"2018-09-13T06:51:49","date_gmt":"2018-09-13T06:51:49","guid":{"rendered":"https:\/\/budoshop.si\/?product=trening-copati-tokaido"},"modified":"2024-10-25T11:24:33","modified_gmt":"2024-10-25T09:24:33","slug":"trening-copati-tokaido","status":"publish","type":"product","link":"https:\/\/www.budoshop.si\/sl\/izdelek\/trening-copati-tokaido\/","title":{"rendered":"Trening copati za borilne ve\u0161\u010dine &#8221;TOKAIDO&#8221;"},"content":{"rendered":"<div style=\"text-align: justify;\">\n<p style=\"vertical-align: top;\"><span style=\"font-size: 15px;\"><span id=\"dnn_ctr448_ProductPage_lblItemHtmlHolder\"><span style=\"color: #c00000;\">Ti copati za trening borilnih ve\u0161\u010din znamke Tokaido so izdelani iz izredno trpe\u017enega umetnega usnja<\/span><\/span><span id=\"dnn_ctr448_ProductPage_lblItemHtmlHolder\"><span style=\"color: #c00000;\"> z elasti\u010dnim delom v predelu jezika za bolj\u0161i oprijem nogi in zavezovanjem na vezalke. Notranji del je iz 100% bomba\u017ea, rahlo privzdignjen podplat iz tanke gume pa zagotavlja odli\u010den kontakt s tlemi, \u0161e posebej na Tatami blazinah. Copati so na prednjem delu dvojno pre\u0161iti tako, da omogo\u010dajo ve\u010dje obremenitve in so primerni tudi za kick-trening s polnim kontaktom, zato nudijo maksimalen u\u010dinek treninga. <span id=\"dnn_ctr448_ProductPage_lblItemHtmlHolder\"><span style=\"color: #c00000;\">Bele barve s \u010drnim stranskim dizajnom in Tokaido logotipom na predelu\u00a0 jezika. <\/span><\/span>Copati so idealni za Karate in Taekwondo ter primerni za za\u010detnike, tekmovalce in sodnike.<\/span><\/span><span id=\"dnn_ctr448_ProductPage_lblItemHtmlHolder\"><\/span><\/span><\/p>\n<p style=\"vertical-align: top;\"><span id=\"dnn_ctr448_ProductPage_lblItemHtmlHolder\" style=\"font-size: 15px;\"><span style=\"color: #c00000;\">SESTAVA: Zgornji del: umetno usnje; Podloga in vlo\u017eek: tekstil; Podplat: umetni material<\/span><\/span><\/p>\n<p style=\"vertical-align: top;\"><span style=\"color: #c00000; font-size: 15px;\"><strong><span style=\"color: #c00000;\">Kvaliteta, ki jo lahko zagotavlja samo japonska TOKAIDO znamka!<\/span><\/strong><\/span><\/p>\n<p style=\"vertical-align: top;\"><span style=\"color: #c00000; font-size: 15px;\">Velikosti: 37 &#8211; 47 (tudi manj\u0161e po naro\u010dilu).<\/span><\/p>\n<p><span style=\"color: #c00000;\">\u00a0<\/span><\/p>\n<\/div>\n","protected":false},"excerpt":{"rendered":"<p><span style=\"color: #002060;\"><strong>Kvalitetni copati za trening borilnih ve\u0161\u010din znamke Tokaido.<\/strong><\/span><\/p>\n","protected":false},"featured_media":66201,"comment_status":"open","ping_status":"closed","template":"","meta":[],"product_brand":[5598],"product_cat":[1033,1029,1039,1041,957,949,1047],"product_tag":[],"class_list":{"0":"post-66199","1":"product","2":"type-product","3":"status-publish","4":"has-post-thumbnail","6":"product_brand-tokaido","7":"product_cat-ju-jitsujiu-jitsu-1","8":"product_cat-karate-5","9":"product_cat-taekwondo-3","10":"product_cat-tai-chi-kunf-fu-wu-shu-1","11":"product_cat-karate-taekwondo-copati","12":"product_cat-shureido-3","13":"product_cat-tokaido-1","14":"pa_velikost-37-sl","15":"pa_velikost-38-sl","16":"pa_velikost-39-sl","17":"pa_velikost-40-sl","18":"pa_velikost-41-sl","19":"pa_velikost-42-sl","20":"pa_velikost-43-sl","21":"pa_velikost-44-sl","22":"pa_velikost-45-sl","23":"pa_velikost-46-sl","24":"pa_velikost-47-sl","26":"first","27":"instock","28":"taxable","29":"shipping-taxable","30":"purchasable","31":"product-type-variable"},"_links":{"self":[{"href":"https:\/\/www.budoshop.si\/sl\/wp-json\/wp\/v2\/product\/66199","targetHints":{"allow":["GET"]}}],"collection":[{"href":"https:\/\/www.budoshop.si\/sl\/wp-json\/wp\/v2\/product"}],"about":[{"href":"https:\/\/www.budoshop.si\/sl\/wp-json\/wp\/v2\/types\/product"}],"replies":[{"embeddable":true,"href":"https:\/\/www.budoshop.si\/sl\/wp-json\/wp\/v2\/comments?post=66199"}],"wp:featuredmedia":[{"embeddable":true,"href":"https:\/\/www.budoshop.si\/sl\/wp-json\/wp\/v2\/media\/66201"}],"wp:attachment":[{"href":"https:\/\/www.budoshop.si\/sl\/wp-json\/wp\/v2\/media?parent=66199"}],"wp:term":[{"taxonomy":"product_brand","embeddable":true,"href":"https:\/\/www.budoshop.si\/sl\/wp-json\/wp\/v2\/product_brand?post=66199"},{"taxonomy":"product_cat","embeddable":true,"href":"https:\/\/www.budoshop.si\/sl\/wp-json\/wp\/v2\/product_cat?post=66199"},{"taxonomy":"product_tag","embeddable":true,"href":"https:\/\/www.budoshop.si\/sl\/wp-json\/wp\/v2\/product_tag?post=66199"}],"curies":[{"name":"wp","href":"https:\/\/api.w.org\/{rel}","templated":true}]}}