{"id":66185,"date":"2018-09-13T06:51:49","date_gmt":"2018-09-13T06:51:49","guid":{"rendered":"https:\/\/budoshop.si\/?product=boksarski-povoji-za-dlani-%e2%80%93-bandaze"},"modified":"2026-02-13T10:44:35","modified_gmt":"2026-02-13T09:44:35","slug":"boksarski-povoji-za-dlani-%e2%80%93-bandaze","status":"publish","type":"product","link":"https:\/\/www.budoshop.si\/sl\/izdelek\/boksarski-povoji-za-dlani-%e2%80%93-bandaze\/","title":{"rendered":"Boksarski povoji za dlani \u2013 banda\u017ee"},"content":{"rendered":"<div style=\"text-align: justify;\">\n<p><span style=\"font-size: 15px; color: #993300;\">Za\u0161\u010ditni bomba\u017eni boksarski povoji za dlani &#8211; banda\u017ee. Zapenjajo se z je\u017ekom z za\u010detno rinko za na palec, tako da trdno stojijo na dlaneh in med treningom nudijo vso potrebno za\u0161\u010dito. Izdelane so iz kvalitetnega materiala (97% bomba\u017e\/3% elastan) in primerne za Boks, Kickbox, Tajski boks (Muay Thai), MMA&#8230;<br \/>\nBanda\u017ee pomagajo za\u0161\u010dititi kosti in kite rok. Poleg tega nudijo podporo zapestju in palcu. Da bi se izognili po\u0161kodbam, pred treningom zato vedno povite dlani s povoji.<\/span><\/p>\n<p><span style=\"font-size: 15px; color: #993300;\">Dol\u017eina: cca. 450 cm<\/span><br \/>\n<span style=\"font-size: 15px; color: #993300;\">\u0160irina: 5cm<\/span><\/p>\n<p><span style=\"font-size: 15px; color: #993300;\">Barve: \u010drne, modre ali rde\u010de. <\/span><\/p>\n<p><span style=\"font-size: 15px; color: #993300;\">Prodajajo se v paru.<\/span><\/p>\n<\/div>\n","protected":false},"excerpt":{"rendered":"<p><span style=\"color: #003366;\"><strong>Za\u0161\u010ditni boksarski povoji\/banda\u017ee za dlani (par).<\/strong><\/span><\/p>\n","protected":false},"featured_media":66187,"comment_status":"open","ping_status":"closed","template":"","meta":[],"product_brand":[5596],"product_cat":[827,1043,1085,1087,771],"product_tag":[],"class_list":{"0":"post-66185","1":"product","2":"type-product","3":"status-publish","4":"has-post-thumbnail","6":"product_brand-kwon","7":"product_cat-bandaze-in-podrokavice","8":"product_cat-boks-kickbox-tajski-boks-mma","9":"product_cat-dax-1","10":"product_cat-dax-3","11":"product_cat-ostalo-3","12":"pa_barva-crne-barve-sl-2","13":"pa_barva-modre-barve-sl","14":"pa_barva-rdeca-barva-sl-2","16":"first","17":"instock","18":"taxable","19":"shipping-taxable","20":"purchasable","21":"product-type-variable"},"_links":{"self":[{"href":"https:\/\/www.budoshop.si\/sl\/wp-json\/wp\/v2\/product\/66185","targetHints":{"allow":["GET"]}}],"collection":[{"href":"https:\/\/www.budoshop.si\/sl\/wp-json\/wp\/v2\/product"}],"about":[{"href":"https:\/\/www.budoshop.si\/sl\/wp-json\/wp\/v2\/types\/product"}],"replies":[{"embeddable":true,"href":"https:\/\/www.budoshop.si\/sl\/wp-json\/wp\/v2\/comments?post=66185"}],"wp:featuredmedia":[{"embeddable":true,"href":"https:\/\/www.budoshop.si\/sl\/wp-json\/wp\/v2\/media\/66187"}],"wp:attachment":[{"href":"https:\/\/www.budoshop.si\/sl\/wp-json\/wp\/v2\/media?parent=66185"}],"wp:term":[{"taxonomy":"product_brand","embeddable":true,"href":"https:\/\/www.budoshop.si\/sl\/wp-json\/wp\/v2\/product_brand?post=66185"},{"taxonomy":"product_cat","embeddable":true,"href":"https:\/\/www.budoshop.si\/sl\/wp-json\/wp\/v2\/product_cat?post=66185"},{"taxonomy":"product_tag","embeddable":true,"href":"https:\/\/www.budoshop.si\/sl\/wp-json\/wp\/v2\/product_tag?post=66185"}],"curies":[{"name":"wp","href":"https:\/\/api.w.org\/{rel}","templated":true}]}}