{"id":66169,"date":"2018-09-13T06:51:49","date_gmt":"2018-09-13T06:51:49","guid":{"rendered":"https:\/\/budoshop.si\/?product=taekwondo-celada-white-ce"},"modified":"2026-03-05T11:15:57","modified_gmt":"2026-03-05T10:15:57","slug":"taekwondo-celada-white-ce","status":"publish","type":"product","link":"https:\/\/www.budoshop.si\/sl\/izdelek\/taekwondo-celada-white-ce\/","title":{"rendered":"Taekwondo \u010delada &#8221;WHITE&#8221;"},"content":{"rendered":"<div style=\"text-align: justify;\">\n<p><span style=\"font-size: 15px; color: #993300;\">Klasi\u010dna za\u0161\u010ditna WT verificirana trening in\/ali tekmovalna Taekwondo \u010delada bele barve. Narejena je iz posebne visoko obstojne oblikovane pene s prevleko iz lahke umetne mase, ki omogo\u010da dobro za\u0161\u010dito glave. Dodatne odprtine zmanj\u0161ujejo znojenje in pove\u010dujejo udobje, vdrtine za u\u0161esa pa prepre\u010dujejo neprijeten pritisk na u\u0161esa in ne omejujejo sluha. Elasti\u010den trak preko brade, ki se zapenja z je\u017ekom daje dober in trden oprijem tako, da \u010delada trdno stoji na glavi in ne omejuje uporabnika. Zaradi svoje minimalne te\u017ee uporabnik sploh nima ob\u010dutka, da nosi \u010delado. <\/span><\/p>\n<p><span style=\"color: #993300; font-size: 15px;\"><strong>Ta artikel je odobren iz strani WT<\/strong>-ja (World Taekwondo Federation). <\/span><\/p>\n<p><span style=\"color: #993300; font-size: 15px;\">Ustreza CE standardom!<br \/>\n<\/span><\/p>\n<p><span style=\"font-size: 15px; color: #993300;\"><span class=\"HwtZe\" lang=\"sl\"><span class=\"jCAhz ChMk0b\"><span class=\"ryNqvb\">Za maksimalno za\u0161\u010dito uporabite ustrezen \u0161\u010ditnik za va\u0161o vi\u0161ino, v skladu z naslednjo tabelo:<\/span><\/span><\/span>:<\/span><\/p>\n<p><span style=\"font-size: small; color: #993300;\"><span style=\"font-size: 15px;\">Velikosti:<\/span><br \/>\n<span style=\"font-size: 15px;\">XS (obseg glave &lt;52 cm)<\/span><br \/>\n<span style=\"font-size: 15px;\">S (obseg glave 52-55 cm)<\/span><br \/>\n<span style=\"font-size: 15px;\">M (obseg glave 55-58 cm)<\/span><br \/>\n<span style=\"font-size: 15px;\">L (obseg glave 58-60 cm)<\/span><br \/>\n<span style=\"font-size: 15px;\">XL (obseg glave 60+ cm)<\/span><br \/>\n<\/span><\/p>\n<p>&nbsp;<\/p>\n<\/div>\n","protected":false},"excerpt":{"rendered":"<p><span style=\"color: #002060;\"><strong>WT verificirana Taekwondo \u010delada bele barve.<\/strong><\/span><\/p>\n","protected":false},"featured_media":66171,"comment_status":"open","ping_status":"closed","template":"","meta":[],"product_brand":[5596],"product_cat":[1039,927,769,983,1061],"product_tag":[],"class_list":{"0":"post-66169","1":"product","2":"type-product","3":"status-publish","4":"has-post-thumbnail","6":"product_brand-kwon","7":"product_cat-taekwondo-3","8":"product_cat-v-akciji","9":"product_cat-scitniki-za-glavo","10":"product_cat-kwon-3","11":"product_cat-kwon-5","12":"pa_velikost-xs-sl","13":"pa_velikost-s-sl-2","14":"pa_velikost-m-sl-2","15":"pa_velikost-l-sl-2","16":"pa_velikost-xl-sl","18":"first","19":"instock","20":"taxable","21":"shipping-taxable","22":"purchasable","23":"product-type-variable"},"_links":{"self":[{"href":"https:\/\/www.budoshop.si\/sl\/wp-json\/wp\/v2\/product\/66169","targetHints":{"allow":["GET"]}}],"collection":[{"href":"https:\/\/www.budoshop.si\/sl\/wp-json\/wp\/v2\/product"}],"about":[{"href":"https:\/\/www.budoshop.si\/sl\/wp-json\/wp\/v2\/types\/product"}],"replies":[{"embeddable":true,"href":"https:\/\/www.budoshop.si\/sl\/wp-json\/wp\/v2\/comments?post=66169"}],"wp:featuredmedia":[{"embeddable":true,"href":"https:\/\/www.budoshop.si\/sl\/wp-json\/wp\/v2\/media\/66171"}],"wp:attachment":[{"href":"https:\/\/www.budoshop.si\/sl\/wp-json\/wp\/v2\/media?parent=66169"}],"wp:term":[{"taxonomy":"product_brand","embeddable":true,"href":"https:\/\/www.budoshop.si\/sl\/wp-json\/wp\/v2\/product_brand?post=66169"},{"taxonomy":"product_cat","embeddable":true,"href":"https:\/\/www.budoshop.si\/sl\/wp-json\/wp\/v2\/product_cat?post=66169"},{"taxonomy":"product_tag","embeddable":true,"href":"https:\/\/www.budoshop.si\/sl\/wp-json\/wp\/v2\/product_tag?post=66169"}],"curies":[{"name":"wp","href":"https:\/\/api.w.org\/{rel}","templated":true}]}}