{"id":66157,"date":"2018-09-13T06:51:49","date_gmt":"2018-09-13T06:51:49","guid":{"rendered":"https:\/\/budoshop.si\/?product=dvojni-scitnik-za-zobe"},"modified":"2026-03-06T08:05:11","modified_gmt":"2026-03-06T07:05:11","slug":"dvojni-scitnik-za-zobe","status":"publish","type":"product","link":"https:\/\/www.budoshop.si\/sl\/izdelek\/dvojni-scitnik-za-zobe\/","title":{"rendered":"Dvojni \u0161\u010ditnik za zobe"},"content":{"rendered":"<div style=\"text-align: justify;\">\n<p><span style=\"color: #993300; font-size: 15px;\">Dvojni samooblikovalni \u0161\u010ditnik za obe vrsti zob, je narejen iz PA-Termoplastike. S segretjem \u0161\u010ditnika v vro\u010di vodi, se ta odli\u010dno prilagodi zobovju in jih tako maksimalno \u0161\u010diti, hkrati pa omogo\u010da normalno dihanje in gibljivost \u010deljusti. Primerno za borilne in druge \u0161porte.<\/span><\/p>\n<p><span style=\"font-size: 15px; color: #993300;\">Prilo\u017eena \u0161katlica zagotavlja higiensko shranjevanje. <\/span><\/p>\n<p><span style=\"font-size: 15px; color: #993300;\">Velikost: JR ali SR.<\/span><\/p>\n<p><span style=\"font-size: 15px; color: #993300;\">Barva: prozorna<\/span><\/p>\n<\/div>\n","protected":false},"excerpt":{"rendered":"<p><span style=\"color: #002060;\"><strong>Neoblikovani dvojni \u0161\u010ditnik za zobe s \u0161katlico.<\/strong><\/span><\/p>\n","protected":false},"featured_media":115950,"comment_status":"open","ping_status":"closed","template":"","meta":[],"product_brand":[5595],"product_cat":[1043,1033,5405,5406,1029,903,1039],"product_tag":[],"class_list":{"0":"post-66157","1":"product","2":"type-product","3":"status-publish","4":"has-post-thumbnail","6":"product_brand-ju-sports","7":"product_cat-boks-kickbox-tajski-boks-mma","8":"product_cat-ju-jitsujiu-jitsu-1","9":"product_cat-ju-sports","10":"product_cat-ju-sports-2","11":"product_cat-karate-5","12":"product_cat-scitniki-za-zobe","13":"product_cat-taekwondo-3","14":"pa_velikost-jr-sl","15":"pa_velikost-sr-sl","17":"first","18":"instock","19":"taxable","20":"shipping-taxable","21":"purchasable","22":"product-type-variable"},"_links":{"self":[{"href":"https:\/\/www.budoshop.si\/sl\/wp-json\/wp\/v2\/product\/66157","targetHints":{"allow":["GET"]}}],"collection":[{"href":"https:\/\/www.budoshop.si\/sl\/wp-json\/wp\/v2\/product"}],"about":[{"href":"https:\/\/www.budoshop.si\/sl\/wp-json\/wp\/v2\/types\/product"}],"replies":[{"embeddable":true,"href":"https:\/\/www.budoshop.si\/sl\/wp-json\/wp\/v2\/comments?post=66157"}],"wp:featuredmedia":[{"embeddable":true,"href":"https:\/\/www.budoshop.si\/sl\/wp-json\/wp\/v2\/media\/115950"}],"wp:attachment":[{"href":"https:\/\/www.budoshop.si\/sl\/wp-json\/wp\/v2\/media?parent=66157"}],"wp:term":[{"taxonomy":"product_brand","embeddable":true,"href":"https:\/\/www.budoshop.si\/sl\/wp-json\/wp\/v2\/product_brand?post=66157"},{"taxonomy":"product_cat","embeddable":true,"href":"https:\/\/www.budoshop.si\/sl\/wp-json\/wp\/v2\/product_cat?post=66157"},{"taxonomy":"product_tag","embeddable":true,"href":"https:\/\/www.budoshop.si\/sl\/wp-json\/wp\/v2\/product_tag?post=66157"}],"curies":[{"name":"wp","href":"https:\/\/api.w.org\/{rel}","templated":true}]}}