{"id":66133,"date":"2018-09-13T06:51:49","date_gmt":"2018-09-13T06:51:49","guid":{"rendered":"https:\/\/budoshop.si\/?product=scitnik-za-zobe-enojni"},"modified":"2026-01-09T10:04:51","modified_gmt":"2026-01-09T09:04:51","slug":"scitnik-za-zobe-enojni","status":"publish","type":"product","link":"https:\/\/www.budoshop.si\/sl\/izdelek\/scitnik-za-zobe-enojni\/","title":{"rendered":"\u0160\u010ditnik za zobe &#8211; enojni"},"content":{"rendered":"<div style=\"text-align: justify;\"><span style=\"font-size: 15px; color: #993300;\">Enojni samooblikovalni \u0161\u010ditnik za zgornjo vrsto zob, je narejen iz PA-Termoplastike raznih barv. S segretjem \u0161\u010ditnika v vro\u010di vodi, se ta odli\u010dno prilagodi zobovju in jih tako maksimalno \u0161\u010diti. Prilo\u017eena \u0161katlica zagotavlja higiensko shranjevanje. <\/span><\/div>\n<div style=\"text-align: justify;\">\n<p><span style=\"font-size: 15px; color: #993300;\">Primerno za vse borilne in druge \u0161porte.<\/span><\/p>\n<p><span style=\"font-size: 15px; color: #993300;\">Velikost: JR &#8211; SR. <\/span><\/p>\n<p><span style=\"font-size: 15px; color: #993300;\">Barve: <\/span><br \/>\n<span style=\"font-size: 15px; color: #993300;\">JR: prozorna, rumena<\/span><br \/>\n<span style=\"font-size: 15px; color: #993300;\">SR: prozorna, \u010drna, rumena<br \/>\n<\/span><\/p>\n<\/div>\n","protected":false},"excerpt":{"rendered":"<p><span style=\"color: #002060;\"><strong>Neoblikovan enojni \u0161\u010ditnik za zobe s \u0161katlico.<\/strong><\/span><\/p>\n","protected":false},"featured_media":117659,"comment_status":"open","ping_status":"closed","template":"","meta":[],"product_brand":[5596],"product_cat":[1043,1033,1029,983,1061,903,1039],"product_tag":[],"class_list":{"0":"post-66133","1":"product","2":"type-product","3":"status-publish","4":"has-post-thumbnail","6":"product_brand-kwon","7":"product_cat-boks-kickbox-tajski-boks-mma","8":"product_cat-ju-jitsujiu-jitsu-1","9":"product_cat-karate-5","10":"product_cat-kwon-3","11":"product_cat-kwon-5","12":"product_cat-scitniki-za-zobe","13":"product_cat-taekwondo-3","14":"pa_barva-crne-barve-sl-2","15":"pa_barva-modre-barve-sl","16":"pa_barva-prozoren","17":"pa_barva-rdeca-barva-sl-2","18":"pa_barva-rumene-barve-sl","19":"pa_velikost-jr-sl","20":"pa_velikost-sr-sl","22":"first","23":"instock","24":"taxable","25":"shipping-taxable","26":"purchasable","27":"product-type-variable"},"_links":{"self":[{"href":"https:\/\/www.budoshop.si\/sl\/wp-json\/wp\/v2\/product\/66133","targetHints":{"allow":["GET"]}}],"collection":[{"href":"https:\/\/www.budoshop.si\/sl\/wp-json\/wp\/v2\/product"}],"about":[{"href":"https:\/\/www.budoshop.si\/sl\/wp-json\/wp\/v2\/types\/product"}],"replies":[{"embeddable":true,"href":"https:\/\/www.budoshop.si\/sl\/wp-json\/wp\/v2\/comments?post=66133"}],"wp:featuredmedia":[{"embeddable":true,"href":"https:\/\/www.budoshop.si\/sl\/wp-json\/wp\/v2\/media\/117659"}],"wp:attachment":[{"href":"https:\/\/www.budoshop.si\/sl\/wp-json\/wp\/v2\/media?parent=66133"}],"wp:term":[{"taxonomy":"product_brand","embeddable":true,"href":"https:\/\/www.budoshop.si\/sl\/wp-json\/wp\/v2\/product_brand?post=66133"},{"taxonomy":"product_cat","embeddable":true,"href":"https:\/\/www.budoshop.si\/sl\/wp-json\/wp\/v2\/product_cat?post=66133"},{"taxonomy":"product_tag","embeddable":true,"href":"https:\/\/www.budoshop.si\/sl\/wp-json\/wp\/v2\/product_tag?post=66133"}],"curies":[{"name":"wp","href":"https:\/\/api.w.org\/{rel}","templated":true}]}}