{"id":66123,"date":"2018-09-13T06:51:49","date_gmt":"2018-09-13T06:51:49","guid":{"rendered":"https:\/\/budoshop.si\/?product=scitniksteznik-za-glezenj-z-oblozitvijo"},"modified":"2026-03-15T11:20:10","modified_gmt":"2026-03-15T10:20:10","slug":"scitniksteznik-za-glezenj-z-oblozitvijo","status":"publish","type":"product","link":"https:\/\/www.budoshop.si\/sl\/izdelek\/scitniksteznik-za-glezenj-z-oblozitvijo\/","title":{"rendered":"\u0160\u010ditnik\/steznik za gle\u017eenj z oblo\u017eitvijo"},"content":{"rendered":"<div style=\"text-align: justify;\">\n<p><span style=\"color: #993300; font-size: 15px;\">Elasti\u010dni oblazinjen bomba\u017eni \u0161\u010ditnik\/steznik za gle\u017eenj za za\u0161\u010dito, stabilnost in oporo v borilnih ve\u0161\u010dinah. \u0160\u010ditnik je narejen je iz posebnega ko\u017ei prijaznega elasti\u010dniga bomba\u017ea, ki je na predelu gle\u017enja odebeljen z 20mm debelo za\u0161\u010ditno peno. \u0160\u010ditnik se enostavno natakne na nogo in ga ni potrebno zapenjati, zaradi elasti\u010dnega materiala pa se lepo in trdno prilega nogi ter zagotavlja dobro gibljivost gle\u017enja in za\u0161\u010dito pred odrgninami, zvini, udarci ali drugimi po\u0161kodbami. Prosta peta in prsti omogo\u010dajo dober stik s tlemi ter prepre\u010dujejo drsenje. Primeren tudi pri rehabilitaciji.<\/span><\/p>\n<p><span style=\"font-size: 15px; color: #993300;\">Barve: bela ali \u010drna.<\/span><\/p>\n<p><span style=\"font-size: 15px; color: #993300;\">Univerzalna velikost.<\/span><\/p>\n<\/div>\n<div style=\"text-align: justify;\"><span style=\"font-size: 15px; color: #993300;\">Prodaja se v paru.<\/span><\/div>\n<div style=\"text-align: justify;\">\n<p>&nbsp;<\/p>\n<\/div>\n","protected":false},"excerpt":{"rendered":"<p><span style=\"color: #002060;\"><strong>Elasti\u010dni oblazinjen \u0161\u010ditnik gle\u017enja bele ali \u010drne barve (par).<\/strong><\/span><\/p>\n","protected":false},"featured_media":66125,"comment_status":"open","ping_status":"closed","template":"","meta":[],"product_brand":[5608],"product_cat":[1043,1087,1085,1033,1029,895],"product_tag":[],"class_list":{"0":"post-66123","1":"product","2":"type-product","3":"status-publish","4":"has-post-thumbnail","6":"product_brand-dax","7":"product_cat-boks-kickbox-tajski-boks-mma","8":"product_cat-dax-3","9":"product_cat-dax-1","10":"product_cat-ju-jitsujiu-jitsu-1","11":"product_cat-karate-5","12":"product_cat-scitniki-za-glezenj","13":"pa_barva-bele-barve-sl","14":"pa_barva-crne-barve-sl-2","16":"first","17":"instock","18":"taxable","19":"shipping-taxable","20":"purchasable","21":"product-type-variable"},"_links":{"self":[{"href":"https:\/\/www.budoshop.si\/sl\/wp-json\/wp\/v2\/product\/66123","targetHints":{"allow":["GET"]}}],"collection":[{"href":"https:\/\/www.budoshop.si\/sl\/wp-json\/wp\/v2\/product"}],"about":[{"href":"https:\/\/www.budoshop.si\/sl\/wp-json\/wp\/v2\/types\/product"}],"replies":[{"embeddable":true,"href":"https:\/\/www.budoshop.si\/sl\/wp-json\/wp\/v2\/comments?post=66123"}],"wp:featuredmedia":[{"embeddable":true,"href":"https:\/\/www.budoshop.si\/sl\/wp-json\/wp\/v2\/media\/66125"}],"wp:attachment":[{"href":"https:\/\/www.budoshop.si\/sl\/wp-json\/wp\/v2\/media?parent=66123"}],"wp:term":[{"taxonomy":"product_brand","embeddable":true,"href":"https:\/\/www.budoshop.si\/sl\/wp-json\/wp\/v2\/product_brand?post=66123"},{"taxonomy":"product_cat","embeddable":true,"href":"https:\/\/www.budoshop.si\/sl\/wp-json\/wp\/v2\/product_cat?post=66123"},{"taxonomy":"product_tag","embeddable":true,"href":"https:\/\/www.budoshop.si\/sl\/wp-json\/wp\/v2\/product_tag?post=66123"}],"curies":[{"name":"wp","href":"https:\/\/api.w.org\/{rel}","templated":true}]}}