{"id":66109,"date":"2018-09-13T06:51:49","date_gmt":"2018-09-13T06:51:49","guid":{"rendered":"https:\/\/budoshop.si\/?product=bombazni-scitnik-za-golen-in-nart-ce"},"modified":"2026-01-09T10:08:10","modified_gmt":"2026-01-09T09:08:10","slug":"bombazni-scitnik-za-golen-in-nart-ce","status":"publish","type":"product","link":"https:\/\/www.budoshop.si\/sl\/izdelek\/bombazni-scitnik-za-golen-in-nart-ce\/","title":{"rendered":"Bomba\u017eni \u0161\u010ditnik za golen in nart"},"content":{"rendered":"<div style=\"text-align: justify;\">\n<p><span style=\"font-size: 15px; color: #993300;\">Elasti\u010dni oblazinjen bomba\u017eni \u0161\u010ditnik za golen\/pi\u0161\u010dal in nart v enem. Narejen je iz posebne 10 mm pene, ki je oble\u010dena v ko\u017ei prijazen elasti\u010dni bomba\u017e. \u0160\u010ditnik se enostavno natakne na nogo in ga ni potrebno zapenjati, zaradi elasti\u010dnega materiala pa se lepo in trdno prilega nogi ter zagotavlja dobro gibljivost gle\u017enja ter za\u0161\u010dito goleni in gle\u017enja pred udarci, odrgninami, zvini ali drugimi po\u0161kodbami. <span class=\"HwtZe\" lang=\"sl\"><span class=\"jCAhz ChMk0b\"><span class=\"ryNqvb\">Bomba\u017eni material ne dra\u017ei ko\u017ee in je pralen do 30\u00b0C<\/span><\/span><\/span>.<\/span><\/p>\n<p><span style=\"font-size: 15px; color: #993300;\">Bele barve.<\/span><\/p>\n<\/div>\n<div style=\"text-align: justify;\">\n<p><span style=\"color: #993300; font-size: 15px;\">Ustreza CE standardom! <\/span><\/p>\n<p><span style=\"color: #993300; font-size: 15px;\">Velikosti: XS &#8211; S &#8211; M &#8211; L &#8211; XL. <\/span><\/p>\n<\/div>\n<div style=\"text-align: justify;\">\n<p><span style=\"font-size: 15px; color: #993300;\">Prodaja se v paru. <\/span><\/p>\n<p>&nbsp;<\/p>\n<\/div>\n","protected":false},"excerpt":{"rendered":"<p><span style=\"color: #002060;\"><strong>Elasti\u010dni oblazinjen \u0161\u010ditnik za golen\/pi\u0161\u010dal in nart (par).<\/strong><\/span><\/p>\n","protected":false},"featured_media":66111,"comment_status":"open","ping_status":"closed","template":"","meta":[],"product_brand":[5596],"product_cat":[1043,1033,1029,1061,983,899],"product_tag":[],"class_list":{"0":"post-66109","1":"product","2":"type-product","3":"status-publish","4":"has-post-thumbnail","6":"product_brand-kwon","7":"product_cat-boks-kickbox-tajski-boks-mma","8":"product_cat-ju-jitsujiu-jitsu-1","9":"product_cat-karate-5","10":"product_cat-kwon-5","11":"product_cat-kwon-3","12":"product_cat-scitniki-za-piscali","13":"pa_velikost-l-sl-2","14":"pa_velikost-m-sl-2","15":"pa_velikost-s-sl-2","16":"pa_velikost-xl-sl","17":"pa_velikost-xs-sl","19":"first","20":"instock","21":"taxable","22":"shipping-taxable","23":"purchasable","24":"product-type-variable"},"_links":{"self":[{"href":"https:\/\/www.budoshop.si\/sl\/wp-json\/wp\/v2\/product\/66109","targetHints":{"allow":["GET"]}}],"collection":[{"href":"https:\/\/www.budoshop.si\/sl\/wp-json\/wp\/v2\/product"}],"about":[{"href":"https:\/\/www.budoshop.si\/sl\/wp-json\/wp\/v2\/types\/product"}],"replies":[{"embeddable":true,"href":"https:\/\/www.budoshop.si\/sl\/wp-json\/wp\/v2\/comments?post=66109"}],"wp:featuredmedia":[{"embeddable":true,"href":"https:\/\/www.budoshop.si\/sl\/wp-json\/wp\/v2\/media\/66111"}],"wp:attachment":[{"href":"https:\/\/www.budoshop.si\/sl\/wp-json\/wp\/v2\/media?parent=66109"}],"wp:term":[{"taxonomy":"product_brand","embeddable":true,"href":"https:\/\/www.budoshop.si\/sl\/wp-json\/wp\/v2\/product_brand?post=66109"},{"taxonomy":"product_cat","embeddable":true,"href":"https:\/\/www.budoshop.si\/sl\/wp-json\/wp\/v2\/product_cat?post=66109"},{"taxonomy":"product_tag","embeddable":true,"href":"https:\/\/www.budoshop.si\/sl\/wp-json\/wp\/v2\/product_tag?post=66109"}],"curies":[{"name":"wp","href":"https:\/\/api.w.org\/{rel}","templated":true}]}}