{"id":66085,"date":"2018-09-13T06:51:49","date_gmt":"2018-09-13T06:51:49","guid":{"rendered":"https:\/\/budoshop.si\/?product=bombazni-scitniki-za-golenpiscal-par"},"modified":"2026-01-12T08:45:42","modified_gmt":"2026-01-12T07:45:42","slug":"bombazni-scitniki-za-golenpiscal-par","status":"publish","type":"product","link":"https:\/\/www.budoshop.si\/sl\/izdelek\/bombazni-scitniki-za-golenpiscal-par\/","title":{"rendered":"Bomba\u017eni \u0161\u010ditniki za golen\/pi\u0161\u010dal (par)"},"content":{"rendered":"<div style=\"text-align: justify;\">\n<p><span style=\"font-size: 15px; color: #993300;\">Elasti\u010dni oblazinjen bomba\u017eni \u0161\u010ditnik za golen bele ali \u010drne barve. \u0160\u010ditnik je narejen iz posebne pene, ki je oble\u010dena v elasti\u010dni tekstil. \u0160\u010ditnik se enostavno natakne na nogo in ga ni potrebno zapenjati, zaradi elasti\u010dnega materiala pa se lepo in trdno prilega nogi ter \u0161\u010diti pred udarci, odrgninami\u00a0 in drugimi po\u0161kodbami ter zagotavlja dobro za\u0161\u010dito celotne goleni od kolena do stopala. <\/span><\/p>\n<p><span style=\"font-size: 15px; color: #993300;\">Ustreza CE standardom!<\/span><\/p>\n<\/div>\n<div style=\"text-align: justify;\"><span style=\"font-size: 15px; color: #993300;\">\u00a0<\/span><\/div>\n<div style=\"text-align: justify;\"><span style=\"font-size: 15px; color: #993300;\">Barva: bela ali \u010drna.<\/span><\/div>\n<div style=\"text-align: justify;\">\n<p><span style=\"font-size: 15px; color: #993300;\">Velikosti: S &#8211; M &#8211; L &#8211; XL. <\/span><\/p>\n<p><span style=\"font-size: 15px; color: #993300;\">Prodaja se v paru.<\/span><\/p>\n<p>&nbsp;<\/p>\n<\/div>\n","protected":false},"excerpt":{"rendered":"<p><span style=\"color: #002060;\"><strong>Elasti\u010dni bomba\u017eni oblazinjen \u0161\u010ditnik za golen bele ali \u010drne barve (par).<\/strong><\/span><\/p>\n","protected":false},"featured_media":66087,"comment_status":"open","ping_status":"closed","template":"","meta":[],"product_brand":[5608],"product_cat":[1043,1085,1087,1033,1029,899,1041],"product_tag":[],"class_list":{"0":"post-66085","1":"product","2":"type-product","3":"status-publish","4":"has-post-thumbnail","6":"product_brand-dax","7":"product_cat-boks-kickbox-tajski-boks-mma","8":"product_cat-dax-1","9":"product_cat-dax-3","10":"product_cat-ju-jitsujiu-jitsu-1","11":"product_cat-karate-5","12":"product_cat-scitniki-za-piscali","13":"product_cat-tai-chi-kunf-fu-wu-shu-1","14":"pa_barva-bele-barve-sl","15":"pa_barva-crne-barve-sl-2","16":"pa_velikost-l-sl-2","17":"pa_velikost-m-sl-2","18":"pa_velikost-s-sl-2","19":"pa_velikost-xl-sl","21":"first","22":"instock","23":"taxable","24":"shipping-taxable","25":"purchasable","26":"product-type-variable"},"_links":{"self":[{"href":"https:\/\/www.budoshop.si\/sl\/wp-json\/wp\/v2\/product\/66085","targetHints":{"allow":["GET"]}}],"collection":[{"href":"https:\/\/www.budoshop.si\/sl\/wp-json\/wp\/v2\/product"}],"about":[{"href":"https:\/\/www.budoshop.si\/sl\/wp-json\/wp\/v2\/types\/product"}],"replies":[{"embeddable":true,"href":"https:\/\/www.budoshop.si\/sl\/wp-json\/wp\/v2\/comments?post=66085"}],"wp:featuredmedia":[{"embeddable":true,"href":"https:\/\/www.budoshop.si\/sl\/wp-json\/wp\/v2\/media\/66087"}],"wp:attachment":[{"href":"https:\/\/www.budoshop.si\/sl\/wp-json\/wp\/v2\/media?parent=66085"}],"wp:term":[{"taxonomy":"product_brand","embeddable":true,"href":"https:\/\/www.budoshop.si\/sl\/wp-json\/wp\/v2\/product_brand?post=66085"},{"taxonomy":"product_cat","embeddable":true,"href":"https:\/\/www.budoshop.si\/sl\/wp-json\/wp\/v2\/product_cat?post=66085"},{"taxonomy":"product_tag","embeddable":true,"href":"https:\/\/www.budoshop.si\/sl\/wp-json\/wp\/v2\/product_tag?post=66085"}],"curies":[{"name":"wp","href":"https:\/\/api.w.org\/{rel}","templated":true}]}}