{"id":66075,"date":"2018-09-13T06:51:49","date_gmt":"2018-09-13T06:51:49","guid":{"rendered":"https:\/\/budoshop.si\/?product=elasticni-scitnik-za-koleno"},"modified":"2026-03-30T07:45:27","modified_gmt":"2026-03-30T05:45:27","slug":"elasticni-scitnik-za-koleno","status":"publish","type":"product","link":"https:\/\/www.budoshop.si\/sl\/izdelek\/elasticni-scitnik-za-koleno\/","title":{"rendered":"Elasti\u010dni \u0161\u010ditnik za koleno"},"content":{"rendered":"<div style=\"text-align: justify;\">\n<p><span style=\"color: #993300; font-size: 15px;\">Elasti\u010dni oblazinjen bomba\u017eni \u0161\u010ditnik za koleno. Narejen je iz posebne 1cm debele pene, ki je oble\u010dena v elasti\u010dni tekstil. \u0160\u010ditnik se enostavno natakne na koleno in ga ni potrebno zapenjati, zaradi elasti\u010dnega materiala pa se lepo in trdno prilega nogi ter zagotavlja dobro gibljivost kolena in za\u0161\u010dito pred odrgninami, udarci ali drugimi po\u0161kodbami. <span class=\"HwtZe\" lang=\"sl\"><span class=\"jCAhz ChMk0b\"><span class=\"ryNqvb\">Bomba\u017eni material ne dra\u017ei ko\u017ee in je pralen do 30\u00b0C.<\/span><\/span><\/span><br \/>\nPrimerno za borilne in druge \u0161porte.<\/span><\/p>\n<p><span style=\"font-size: 15px; color: #993300;\">Barve: bela ali \u010drna.<\/span><\/p>\n<p><span style=\"font-size: 15px; color: #993300;\">Univerzalna velikost.<\/span><\/p>\n<\/div>\n<div style=\"text-align: justify;\">\n<p><span style=\"color: #993300; font-size: 15px;\">Prodaja se v paru.<\/span><\/p>\n<p>&nbsp;<\/p>\n<\/div>\n","protected":false},"excerpt":{"rendered":"<p><span style=\"color: #003366;\"><strong>Elasti\u010dni oblazinjen \u0161\u010ditnik za kolena bele ali \u010drne barve (par).<\/strong><\/span><\/p>\n","protected":false},"featured_media":66077,"comment_status":"open","ping_status":"closed","template":"","meta":[],"product_brand":[5596],"product_cat":[1043,1033,1031,1061,983,1037,897,1041],"product_tag":[],"class_list":{"0":"post-66075","1":"product","2":"type-product","3":"status-publish","4":"has-post-thumbnail","6":"product_brand-kwon","7":"product_cat-boks-kickbox-tajski-boks-mma","8":"product_cat-ju-jitsujiu-jitsu-1","9":"product_cat-judo-1","10":"product_cat-kwon-5","11":"product_cat-kwon-3","12":"product_cat-ninjutsu-3","13":"product_cat-scitnik-za-kolena","14":"product_cat-tai-chi-kunf-fu-wu-shu-1","15":"pa_barva-bele-barve-sl","16":"pa_barva-crne-barve-sl-2","18":"first","19":"instock","20":"taxable","21":"shipping-taxable","22":"purchasable","23":"product-type-variable"},"_links":{"self":[{"href":"https:\/\/www.budoshop.si\/sl\/wp-json\/wp\/v2\/product\/66075","targetHints":{"allow":["GET"]}}],"collection":[{"href":"https:\/\/www.budoshop.si\/sl\/wp-json\/wp\/v2\/product"}],"about":[{"href":"https:\/\/www.budoshop.si\/sl\/wp-json\/wp\/v2\/types\/product"}],"replies":[{"embeddable":true,"href":"https:\/\/www.budoshop.si\/sl\/wp-json\/wp\/v2\/comments?post=66075"}],"wp:featuredmedia":[{"embeddable":true,"href":"https:\/\/www.budoshop.si\/sl\/wp-json\/wp\/v2\/media\/66077"}],"wp:attachment":[{"href":"https:\/\/www.budoshop.si\/sl\/wp-json\/wp\/v2\/media?parent=66075"}],"wp:term":[{"taxonomy":"product_brand","embeddable":true,"href":"https:\/\/www.budoshop.si\/sl\/wp-json\/wp\/v2\/product_brand?post=66075"},{"taxonomy":"product_cat","embeddable":true,"href":"https:\/\/www.budoshop.si\/sl\/wp-json\/wp\/v2\/product_cat?post=66075"},{"taxonomy":"product_tag","embeddable":true,"href":"https:\/\/www.budoshop.si\/sl\/wp-json\/wp\/v2\/product_tag?post=66075"}],"curies":[{"name":"wp","href":"https:\/\/api.w.org\/{rel}","templated":true}]}}