{"id":66055,"date":"2018-09-13T06:51:49","date_gmt":"2018-09-13T06:51:49","guid":{"rendered":"https:\/\/budoshop.si\/?product=scitnik-za-podlaket-komolec"},"modified":"2026-01-09T10:05:30","modified_gmt":"2026-01-09T09:05:30","slug":"scitnik-za-podlaket-komolec","status":"publish","type":"product","link":"https:\/\/www.budoshop.si\/sl\/izdelek\/scitnik-za-podlaket-komolec\/","title":{"rendered":"\u0160\u010ditnik za podlaket &#038; komolec"},"content":{"rendered":"<div style=\"text-align: justify;\">\n<p><span style=\"color: #993300; font-size: 15px;\">Elasti\u010dni oblazinjen bomba\u017eni \u0161\u010ditnik za komlec in podlaket, bele ali \u010drne barve. Narejen je iz posebne 10 mm pene, ki je oble\u010dena v ko\u017ei prijazen elasti\u010dni tekstil. \u0160\u010ditnik se enostavno natakne na roko in ga ni potrebno zapenjati, zaradi elasti\u010dnega materiala pa se lepo in trdno prilega roki ter zagotavlja dobro gibljivost komolca in za\u0161\u010dito cele podlakti in komolca pred odrgninami, zvini, udarci ali drugimi po\u0161kodbami. <\/span><\/p>\n<p><span style=\"font-size: 15px; color: #993300;\">Barve: bela ali \u010drna. <\/span><\/p>\n<p><span style=\"font-size: 15px; color: #993300;\">Velikost: S &#8211; M &#8211; L.<\/span><\/p>\n<p><span style=\"font-size: small; color: #993300;\"><span style=\"font-size: 15px;\">Prodaja se v paru.<\/span> <\/span><\/p>\n<p><span style=\"font-size: small; color: #993300;\">Ustreza CE standardom!<\/span><\/p>\n<p>&nbsp;<\/p>\n<\/div>\n","protected":false},"excerpt":{"rendered":"<p><span style=\"color: #003366;\"><strong>Elasti\u010dni oblazinjen \u0161\u010ditnik komolca in podlakti bele ali \u010drne barve (par).<\/strong><\/span><\/p>\n","protected":false},"featured_media":66057,"comment_status":"open","ping_status":"closed","template":"","meta":[],"product_brand":[5596],"product_cat":[1043,1085,1087,1033,1029,767,1039,1041],"product_tag":[],"class_list":{"0":"post-66055","1":"product","2":"type-product","3":"status-publish","4":"has-post-thumbnail","6":"product_brand-kwon","7":"product_cat-boks-kickbox-tajski-boks-mma","8":"product_cat-dax-1","9":"product_cat-dax-3","10":"product_cat-ju-jitsujiu-jitsu-1","11":"product_cat-karate-5","12":"product_cat-scitniki-za-roke","13":"product_cat-taekwondo-3","14":"product_cat-tai-chi-kunf-fu-wu-shu-1","15":"pa_barva-bele-barve-sl","16":"pa_barva-crne-barve-sl-2","17":"pa_velikost-l-sl-2","18":"pa_velikost-m-sl-2","19":"pa_velikost-s-sl-2","21":"first","22":"instock","23":"taxable","24":"shipping-taxable","25":"purchasable","26":"product-type-variable"},"_links":{"self":[{"href":"https:\/\/www.budoshop.si\/sl\/wp-json\/wp\/v2\/product\/66055","targetHints":{"allow":["GET"]}}],"collection":[{"href":"https:\/\/www.budoshop.si\/sl\/wp-json\/wp\/v2\/product"}],"about":[{"href":"https:\/\/www.budoshop.si\/sl\/wp-json\/wp\/v2\/types\/product"}],"replies":[{"embeddable":true,"href":"https:\/\/www.budoshop.si\/sl\/wp-json\/wp\/v2\/comments?post=66055"}],"wp:featuredmedia":[{"embeddable":true,"href":"https:\/\/www.budoshop.si\/sl\/wp-json\/wp\/v2\/media\/66057"}],"wp:attachment":[{"href":"https:\/\/www.budoshop.si\/sl\/wp-json\/wp\/v2\/media?parent=66055"}],"wp:term":[{"taxonomy":"product_brand","embeddable":true,"href":"https:\/\/www.budoshop.si\/sl\/wp-json\/wp\/v2\/product_brand?post=66055"},{"taxonomy":"product_cat","embeddable":true,"href":"https:\/\/www.budoshop.si\/sl\/wp-json\/wp\/v2\/product_cat?post=66055"},{"taxonomy":"product_tag","embeddable":true,"href":"https:\/\/www.budoshop.si\/sl\/wp-json\/wp\/v2\/product_tag?post=66055"}],"curies":[{"name":"wp","href":"https:\/\/api.w.org\/{rel}","templated":true}]}}