{"id":66045,"date":"2018-09-13T06:51:49","date_gmt":"2018-09-13T04:51:49","guid":{"rendered":"https:\/\/budoshop.si\/?product=scitnik-za-komolec-bel-par"},"modified":"2023-09-30T18:34:33","modified_gmt":"2023-09-30T16:34:33","slug":"scitnik-za-komolec-bel-par","status":"publish","type":"product","link":"https:\/\/www.budoshop.si\/sl\/izdelek\/scitnik-za-komolec-bel-par\/","title":{"rendered":"\u0160\u010ditnik za komolec &#8211; bel (par)"},"content":{"rendered":"<div style=\"text-align: justify;\">\n<p><span style=\"color: #993300; font-size: 15px;\">Elasti\u010dni oblazinjen bomba\u017eni \u0161\u010ditnik za komolec bele ali \u010drne barve. Narejen je iz posebne 10mm debele pene, ki je oble\u010dena v elasti\u010dni ko\u017ei prijazen tekstil. Zaradi svoje sestave se ga lahko enostavno pere v pralnem stroju.<br \/>\n\u0160\u010ditnik se enostavno natakne na komolec in ga ni potrebno zapenjati, zaradi elasti\u010dnega materiala pa se lepo in trdno prilega roki ter zagotavlja dobro gibljivost komolca in za\u0161\u010dito pred zvini, udarci ali drugimi po\u0161kodbami. Uporabljajo ga pri Karate-ju, Muay Thai-ju, Vale Tudo-ju, Judo-ju &#8230; pa tudi v \u0161portih kot so odbojka in podobno. <\/span><\/p>\n<p><span style=\"font-size: 15px; color: #993300;\">Prodaja se v paru. <\/span><\/p>\n<p><span style=\"font-size: 15px; color: #993300;\">Velikost: JR &#8211; SR.<\/span><\/p>\n<\/div>\n","protected":false},"excerpt":{"rendered":"<p><span style=\"color: #003366;\"><strong>Elasti\u010dni oblazinjen \u0161\u010ditnik komolca bele barve (par).<\/strong><\/span><\/p>\n","protected":false},"featured_media":66047,"comment_status":"open","ping_status":"closed","template":"","meta":[],"product_brand":[],"product_cat":[1035,1043,1085,1087,1033,1029,1037,767,1041],"product_tag":[],"class_list":{"0":"post-66045","1":"product","2":"type-product","3":"status-publish","4":"has-post-thumbnail","6":"product_cat-aikido-kendo-iai-kobudo-1","7":"product_cat-boks-kickbox-tajski-boks-mma","8":"product_cat-dax-1","9":"product_cat-dax-3","10":"product_cat-ju-jitsujiu-jitsu-1","11":"product_cat-karate-5","12":"product_cat-ninjutsu-3","13":"product_cat-scitniki-za-roke","14":"product_cat-tai-chi-kunf-fu-wu-shu-1","15":"pa_velikost-jr-sl","16":"pa_velikost-sr-sl","18":"first","19":"instock","20":"taxable","21":"shipping-taxable","22":"purchasable","23":"product-type-variable"},"_links":{"self":[{"href":"https:\/\/www.budoshop.si\/sl\/wp-json\/wp\/v2\/product\/66045","targetHints":{"allow":["GET"]}}],"collection":[{"href":"https:\/\/www.budoshop.si\/sl\/wp-json\/wp\/v2\/product"}],"about":[{"href":"https:\/\/www.budoshop.si\/sl\/wp-json\/wp\/v2\/types\/product"}],"replies":[{"embeddable":true,"href":"https:\/\/www.budoshop.si\/sl\/wp-json\/wp\/v2\/comments?post=66045"}],"wp:featuredmedia":[{"embeddable":true,"href":"https:\/\/www.budoshop.si\/sl\/wp-json\/wp\/v2\/media\/66047"}],"wp:attachment":[{"href":"https:\/\/www.budoshop.si\/sl\/wp-json\/wp\/v2\/media?parent=66045"}],"wp:term":[{"taxonomy":"product_brand","embeddable":true,"href":"https:\/\/www.budoshop.si\/sl\/wp-json\/wp\/v2\/product_brand?post=66045"},{"taxonomy":"product_cat","embeddable":true,"href":"https:\/\/www.budoshop.si\/sl\/wp-json\/wp\/v2\/product_cat?post=66045"},{"taxonomy":"product_tag","embeddable":true,"href":"https:\/\/www.budoshop.si\/sl\/wp-json\/wp\/v2\/product_tag?post=66045"}],"curies":[{"name":"wp","href":"https:\/\/api.w.org\/{rel}","templated":true}]}}