{"id":66033,"date":"2018-09-13T06:51:49","date_gmt":"2018-09-13T06:51:49","guid":{"rendered":"https:\/\/budoshop.si\/?product=zenski-scitnik-za-mednozje-suspenzor-ce"},"modified":"2026-04-14T08:53:17","modified_gmt":"2026-04-14T06:53:17","slug":"zenski-scitnik-za-mednozje-suspenzor-ce","status":"publish","type":"product","link":"https:\/\/www.budoshop.si\/sl\/izdelek\/zenski-scitnik-za-mednozje-suspenzor-ce\/","title":{"rendered":"\u017denski \u0161\u010ditnik za medno\u017eje (suspenzor)"},"content":{"rendered":"<div style=\"text-align: justify;\">\n<p><span style=\"color: #993300; font-size: 15px;\">Ta kvaliteten \u017eenski \u0161\u010ditnik \u017eenskih za medno\u017eje bele barve znamke Kwon je narejen po WT (World Taekwondo Federation) normativih in ustreza tudi Karate tekmovanjem! Narejen je iz plastike ter oblazinjen s peno in oble\u010den v umetno usnje, kar zagotavlja odli\u010dno za\u0161\u010dito pred udarci v genitalije in maksimalno higieni\u010dnost. Pritrja se z elasti\u010dnimi trakovi, ki nudijo dober oprijem telesu in hitro obla\u010denje in sla\u010denje. \u0160\u010ditnik je bil testiran proti \u0161kodljivim substancam.<\/span><\/p>\n<p><span style=\"font-size: 15px; color: #993300;\">Ustreza CE standardom! <\/span><\/p>\n<p><span style=\"font-size: 15px; color: #993300;\">Velikosti: S &#8211; M &#8211; L<\/span><\/p>\n<p>&nbsp;<\/p>\n<\/div>\n","protected":false},"excerpt":{"rendered":"<p><span style=\"color: #003366;\"><strong>Anatomsko oblikovan \u017eenski \u0161\u010ditnik genitalij.<\/strong><\/span><\/p>\n","protected":false},"featured_media":66035,"comment_status":"open","ping_status":"closed","template":"","meta":[],"product_brand":[5596],"product_cat":[1043,1029,1061,983,1117,765,1039],"product_tag":[],"class_list":{"0":"post-66033","1":"product","2":"type-product","3":"status-publish","4":"has-post-thumbnail","6":"product_brand-kwon","7":"product_cat-boks-kickbox-tajski-boks-mma","8":"product_cat-karate-5","9":"product_cat-kwon-5","10":"product_cat-kwon-3","11":"product_cat-scitniki-za-zenske","12":"product_cat-suspenzorji","13":"product_cat-taekwondo-3","14":"pa_velikost-l-sl-2","15":"pa_velikost-m-sl-2","16":"pa_velikost-s-sl-2","17":"pa_velikost-xs-sl","19":"first","20":"instock","21":"taxable","22":"shipping-taxable","23":"purchasable","24":"product-type-variable"},"_links":{"self":[{"href":"https:\/\/www.budoshop.si\/sl\/wp-json\/wp\/v2\/product\/66033","targetHints":{"allow":["GET"]}}],"collection":[{"href":"https:\/\/www.budoshop.si\/sl\/wp-json\/wp\/v2\/product"}],"about":[{"href":"https:\/\/www.budoshop.si\/sl\/wp-json\/wp\/v2\/types\/product"}],"replies":[{"embeddable":true,"href":"https:\/\/www.budoshop.si\/sl\/wp-json\/wp\/v2\/comments?post=66033"}],"wp:featuredmedia":[{"embeddable":true,"href":"https:\/\/www.budoshop.si\/sl\/wp-json\/wp\/v2\/media\/66035"}],"wp:attachment":[{"href":"https:\/\/www.budoshop.si\/sl\/wp-json\/wp\/v2\/media?parent=66033"}],"wp:term":[{"taxonomy":"product_brand","embeddable":true,"href":"https:\/\/www.budoshop.si\/sl\/wp-json\/wp\/v2\/product_brand?post=66033"},{"taxonomy":"product_cat","embeddable":true,"href":"https:\/\/www.budoshop.si\/sl\/wp-json\/wp\/v2\/product_cat?post=66033"},{"taxonomy":"product_tag","embeddable":true,"href":"https:\/\/www.budoshop.si\/sl\/wp-json\/wp\/v2\/product_tag?post=66033"}],"curies":[{"name":"wp","href":"https:\/\/api.w.org\/{rel}","templated":true}]}}