{"id":66019,"date":"2018-09-13T06:51:49","date_gmt":"2018-09-13T06:51:49","guid":{"rendered":"https:\/\/budoshop.si\/?product=moski-anatomski-scitnik-za-mednozje-suspenzor-ce"},"modified":"2024-05-09T09:08:24","modified_gmt":"2024-05-09T07:08:24","slug":"moski-anatomski-scitnik-za-mednozje-suspenzor-ce","status":"publish","type":"product","link":"https:\/\/www.budoshop.si\/sl\/izdelek\/moski-anatomski-scitnik-za-mednozje-suspenzor-ce\/","title":{"rendered":"Mo\u0161ki anatomski \u0161\u010ditnik za medno\u017eje (suspenzor)"},"content":{"rendered":"<div style=\"text-align: justify;\">\n<p><span style=\"color: #993300; font-size: 15px;\">Ta anatomsko oblikovan mo\u0161ki \u0161\u010ditnik genitalij je sestavljen iz klasi\u010dne &#8216;\u0161koljke&#8217; bele barve, ki je narejena iz trde in obstojne plastike ter oble\u010dena v trpe\u017een bomba\u017e. Pritrdi se z elasti\u010dnimi trakovi tako, da se lahko hitro obla\u010di in sla\u010di. Maksimalno \u0161\u010diti genitalije in je zato primeren tako za borilne kot tudi druge \u0161porte.<br \/>\nVlo\u017eek je odstranljiv kar zagotavlja dobro higieni\u010dnost saj se ga enostavno obri\u0161e z vla\u017eno krpo, ostalo pa opere v pralnem stroju.<\/span><\/p>\n<p><span style=\"font-size: 15px; color: #993300;\">Ustreza CE standardom!<\/span><\/p>\n<p><span style=\"font-size: 15px; color: #993300;\">Velikosti: S &#8211; M &#8211; L &#8211; XL.<\/span><\/p>\n<p>&nbsp;<\/p>\n<\/div>\n","protected":false},"excerpt":{"rendered":"<p><span style=\"color: #002060;\"><strong>Klasi\u010den mo\u0161ki suspenzor za borilne ve\u0161\u010dine z odstranljivim vlo\u017ekom.<\/strong><\/span><\/p>\n","protected":false},"featured_media":66021,"comment_status":"open","ping_status":"closed","template":"","meta":[],"product_brand":[],"product_cat":[1033,1029,1039,765,1083,1075],"product_tag":[],"class_list":{"0":"post-66019","1":"product","2":"type-product","3":"status-publish","4":"has-post-thumbnail","6":"product_cat-ju-jitsujiu-jitsu-1","7":"product_cat-karate-5","8":"product_cat-taekwondo-3","9":"product_cat-suspenzorji","10":"product_cat-pride-3","11":"product_cat-pride-1","12":"pa_velikost-s-sl-2","13":"pa_velikost-m-sl-2","14":"pa_velikost-l-sl-2","15":"pa_velikost-xl-sl","17":"first","18":"instock","19":"taxable","20":"shipping-taxable","21":"purchasable","22":"product-type-variable"},"_links":{"self":[{"href":"https:\/\/www.budoshop.si\/sl\/wp-json\/wp\/v2\/product\/66019","targetHints":{"allow":["GET"]}}],"collection":[{"href":"https:\/\/www.budoshop.si\/sl\/wp-json\/wp\/v2\/product"}],"about":[{"href":"https:\/\/www.budoshop.si\/sl\/wp-json\/wp\/v2\/types\/product"}],"replies":[{"embeddable":true,"href":"https:\/\/www.budoshop.si\/sl\/wp-json\/wp\/v2\/comments?post=66019"}],"wp:featuredmedia":[{"embeddable":true,"href":"https:\/\/www.budoshop.si\/sl\/wp-json\/wp\/v2\/media\/66021"}],"wp:attachment":[{"href":"https:\/\/www.budoshop.si\/sl\/wp-json\/wp\/v2\/media?parent=66019"}],"wp:term":[{"taxonomy":"product_brand","embeddable":true,"href":"https:\/\/www.budoshop.si\/sl\/wp-json\/wp\/v2\/product_brand?post=66019"},{"taxonomy":"product_cat","embeddable":true,"href":"https:\/\/www.budoshop.si\/sl\/wp-json\/wp\/v2\/product_cat?post=66019"},{"taxonomy":"product_tag","embeddable":true,"href":"https:\/\/www.budoshop.si\/sl\/wp-json\/wp\/v2\/product_tag?post=66019"}],"curies":[{"name":"wp","href":"https:\/\/api.w.org\/{rel}","templated":true}]}}