{"id":65983,"date":"2018-09-13T06:51:49","date_gmt":"2018-09-13T06:51:49","guid":{"rendered":"https:\/\/budoshop.si\/?product=taekwondo-scitnik-trupa-ce"},"modified":"2026-01-09T09:04:53","modified_gmt":"2026-01-09T08:04:53","slug":"taekwondo-scitnik-trupa-ce","status":"publish","type":"product","link":"https:\/\/www.budoshop.si\/sl\/izdelek\/taekwondo-scitnik-trupa-ce\/","title":{"rendered":"Taekwondo \u0161\u010ditnik trupa"},"content":{"rendered":"<div style=\"text-align: justify;\">\n<p><span style=\"font-size: 15px; color: #993300;\">TAEKWONDO dvobarvni \u0161\u010ditnik trupa znamke Kwon. Nov dizajn za nova tekmovalna pravila! Narejen je iz posebne oblikovane pene, ki je prevle\u010dena z umetnim usnjem, zaradi \u010desar je \u0161\u010ditnik lahek vendar obstojen in izjemno higieni\u010den. Za\u0161\u010diten tudi predel ramen. Priljubljeno Kwon &#8216;hook and loop&#8217; zapenjanje s kri\u017enimi trakovi na hrbtu, omogo\u010dajo negibno in udobno dr\u017eanje na trupu ter zelo enostavno obla\u010denje in sla\u010denje. \u0160\u010ditnik je je primeren tako za tekmovanja kot trening, zaradi u\u010dinkovitosti pa ga pri svojem treningu uporabljajo tudi pripadniki drugih ve\u0161\u010din. <\/span><\/p>\n<p><span style=\"color: #993300; font-size: 15px;\">Ustreza CE standardom! <\/span><\/p>\n<p><span style=\"color: #993300; font-size: 15px;\"><strong>Ta artikel je odobren iz strani WT<\/strong>-ja (World Taekwondo Federation). <\/span><\/p>\n<p><span style=\"font-size: 15px; color: #993300;\">Velikosti: XS\/1 &#8211; S\/2 &#8211; M\/3 &#8211; L\/4 &#8211; XL\/5<\/span><\/p>\n<p>&nbsp;<\/p>\n<\/div>\n","protected":false},"excerpt":{"rendered":"<p><span style=\"color: #002060;\"><strong>Dvobarvni WT verificirani Taekwondo \u0161\u010ditnik trupa.<\/strong><\/span><\/p>\n","protected":false},"featured_media":65985,"comment_status":"open","ping_status":"closed","template":"","meta":[],"product_brand":[5596],"product_cat":[983,1061,775,1039],"product_tag":[],"class_list":{"0":"post-65983","1":"product","2":"type-product","3":"status-publish","4":"has-post-thumbnail","6":"product_brand-kwon","7":"product_cat-kwon-3","8":"product_cat-kwon-5","9":"product_cat-scitniki-prsi-in-trupa","10":"product_cat-taekwondo-3","11":"pa_velikost-l-sl-2","12":"pa_velikost-m-sl-2","13":"pa_velikost-s-sl-2","14":"pa_velikost-xl-sl","15":"pa_velikost-xs-sl","17":"first","18":"instock","19":"taxable","20":"shipping-taxable","21":"purchasable","22":"product-type-variable"},"_links":{"self":[{"href":"https:\/\/www.budoshop.si\/sl\/wp-json\/wp\/v2\/product\/65983","targetHints":{"allow":["GET"]}}],"collection":[{"href":"https:\/\/www.budoshop.si\/sl\/wp-json\/wp\/v2\/product"}],"about":[{"href":"https:\/\/www.budoshop.si\/sl\/wp-json\/wp\/v2\/types\/product"}],"replies":[{"embeddable":true,"href":"https:\/\/www.budoshop.si\/sl\/wp-json\/wp\/v2\/comments?post=65983"}],"wp:featuredmedia":[{"embeddable":true,"href":"https:\/\/www.budoshop.si\/sl\/wp-json\/wp\/v2\/media\/65985"}],"wp:attachment":[{"href":"https:\/\/www.budoshop.si\/sl\/wp-json\/wp\/v2\/media?parent=65983"}],"wp:term":[{"taxonomy":"product_brand","embeddable":true,"href":"https:\/\/www.budoshop.si\/sl\/wp-json\/wp\/v2\/product_brand?post=65983"},{"taxonomy":"product_cat","embeddable":true,"href":"https:\/\/www.budoshop.si\/sl\/wp-json\/wp\/v2\/product_cat?post=65983"},{"taxonomy":"product_tag","embeddable":true,"href":"https:\/\/www.budoshop.si\/sl\/wp-json\/wp\/v2\/product_tag?post=65983"}],"curies":[{"name":"wp","href":"https:\/\/api.w.org\/{rel}","templated":true}]}}