{"id":65931,"date":"2018-09-13T06:51:49","date_gmt":"2018-09-13T06:51:49","guid":{"rendered":"https:\/\/budoshop.si\/?product=scitniki-narta-full-contact"},"modified":"2026-02-17T13:16:28","modified_gmt":"2026-02-17T12:16:28","slug":"scitniki-narta-full-contact","status":"publish","type":"product","link":"https:\/\/www.budoshop.si\/sl\/izdelek\/scitniki-narta-full-contact\/","title":{"rendered":"\u0160\u010ditniki narta &#8221;FULL CONTACT&#8221; &#8211; V AKCIJI!!!"},"content":{"rendered":"<div style=\"text-align: justify;\"><span style=\"color: #c00000; font-size: 15px;\">Ti \u0161\u010ditniki narta za borilne \u0161porte so izdelani iz oblikovane pene oble\u010dene z umetnim usnjem brez podplata, znamke Vandal. \u0160\u010ditniki narta so izredno lahki in udobni. \u010crne barve z zapenjanjem z elasti\u010dnim trakom okrog gle\u017enja, ki se ga pritrdi z je\u017ekom, kar nudi dobro oprijetost stopalu. Uporabljajo se za trening Kickboxa (Light Contact, Semi Contact, Full Contact, Point Fight &#8230;)<\/span><\/div>\n<div style=\"text-align: justify;\">\n<p><span style=\"color: #c00000; font-size: 15px;\">\u010crne varve.<\/span><\/p>\n<p><span style=\"color: #c00000; font-size: 15px;\">Velikosti: XS &#8211; S &#8211; M &#8211; L &#8211; XL.<\/span><\/p>\n<p>&nbsp;<\/p>\n<\/div>\n","protected":false},"excerpt":{"rendered":"<p><span style=\"color: #002060;\"><strong>\u0160\u010ditniki za nart brez podplata iz umetnega usnja \u010cRNE barve.<\/strong><\/span><\/p>\n","protected":false},"featured_media":65933,"comment_status":"open","ping_status":"closed","template":"","meta":[],"product_brand":[],"product_cat":[1027,1043,825,1053,953],"product_tag":[],"class_list":{"0":"post-65931","1":"product","2":"type-product","3":"status-publish","4":"has-post-thumbnail","6":"product_cat-v-akciji-2","7":"product_cat-boks-kickbox-tajski-boks-mma","8":"product_cat-scitniki-narta","9":"product_cat-vandal-3","10":"product_cat-vandal-1","11":"pa_velikost-l-sl-2","12":"pa_velikost-m-sl-2","13":"pa_velikost-s-sl-2","14":"pa_velikost-xl-sl","15":"pa_velikost-xs-sl","17":"first","18":"instock","19":"sale","20":"taxable","21":"shipping-taxable","22":"purchasable","23":"product-type-variable"},"_links":{"self":[{"href":"https:\/\/www.budoshop.si\/sl\/wp-json\/wp\/v2\/product\/65931","targetHints":{"allow":["GET"]}}],"collection":[{"href":"https:\/\/www.budoshop.si\/sl\/wp-json\/wp\/v2\/product"}],"about":[{"href":"https:\/\/www.budoshop.si\/sl\/wp-json\/wp\/v2\/types\/product"}],"replies":[{"embeddable":true,"href":"https:\/\/www.budoshop.si\/sl\/wp-json\/wp\/v2\/comments?post=65931"}],"wp:featuredmedia":[{"embeddable":true,"href":"https:\/\/www.budoshop.si\/sl\/wp-json\/wp\/v2\/media\/65933"}],"wp:attachment":[{"href":"https:\/\/www.budoshop.si\/sl\/wp-json\/wp\/v2\/media?parent=65931"}],"wp:term":[{"taxonomy":"product_brand","embeddable":true,"href":"https:\/\/www.budoshop.si\/sl\/wp-json\/wp\/v2\/product_brand?post=65931"},{"taxonomy":"product_cat","embeddable":true,"href":"https:\/\/www.budoshop.si\/sl\/wp-json\/wp\/v2\/product_cat?post=65931"},{"taxonomy":"product_tag","embeddable":true,"href":"https:\/\/www.budoshop.si\/sl\/wp-json\/wp\/v2\/product_tag?post=65931"}],"curies":[{"name":"wp","href":"https:\/\/api.w.org\/{rel}","templated":true}]}}