{"id":65897,"date":"2018-09-13T06:51:49","date_gmt":"2018-09-13T06:51:49","guid":{"rendered":"https:\/\/budoshop.si\/?product=boksarske-rokavice-rex"},"modified":"2026-02-06T17:31:54","modified_gmt":"2026-02-06T16:31:54","slug":"boksarske-rokavice-rex","status":"publish","type":"product","link":"https:\/\/www.budoshop.si\/sl\/izdelek\/boksarske-rokavice-rex\/","title":{"rendered":"Boksarske rokavice &#8221;REX&#8221;"},"content":{"rendered":"<div style=\"text-align: justify;\"><span style=\"color: #c00000; font-size: 15px;\">Te ro\u010dno delane boksarske rokavice \u010drne barve so izdelane iz umetnega usnja, odlikujejo pa jih lahkotnost, idealna lega na roki in odli\u010dna oblazinjenost. Zapenjajo se s trakom, ki se ga ovije okrog zapestja in pritrdi z je\u017ekom, kar boksarsko rokavico naredi negibno, palec pa ostaja negiben.Mre\u017easta notranjost zagotavlja optimalno zra\u010denje. Te boksarske rokavice so namenjene predvsem rekreativni boks in kickbox vadbi, primerne pa tudi za reden resnej\u0161i vsakdanji trening sparinga in trening na boksarski vre\u010di ali fokusarjih. Odli\u010dno razmerje med kvaliteto in ceno!<br \/>\nDizajnirane v EU!<\/span><\/div>\n<div style=\"text-align: justify;\"><span style=\"color: #c00000; font-size: 15px;\"><br \/>\n\u010crne barve.<br \/>\n<\/span><\/div>\n<div style=\"text-align: justify;\"><span style=\"color: #c00000; font-size: 15px;\">\u00a0<\/span><\/div>\n<div style=\"text-align: justify;\"><span style=\"color: #c00000; font-size: 15px;\">Velikosi: 10, 12 ali 14 oz<\/span><\/div>\n<div style=\"text-align: justify;\"><span style=\"color: #c00000; font-size: small;\">\u00a0<\/span><\/div>\n","protected":false},"excerpt":{"rendered":"<p><span style=\"color: #003366; font-size: 15px;\"><strong>\u010crne 10, 12 ali 14 OZ rokavice za boks in\/ali kickbox.<\/strong><\/span><\/p>\n","protected":false},"featured_media":65899,"comment_status":"open","ping_status":"closed","template":"","meta":[],"product_brand":[5608],"product_cat":[1043,821,969,1109,1087,1085],"product_tag":[],"class_list":{"0":"post-65897","1":"product","2":"type-product","3":"status-publish","4":"has-post-thumbnail","6":"product_brand-dax","7":"product_cat-boks-kickbox-tajski-boks-mma","8":"product_cat-kick-thai-boxing-rokavice","9":"product_cat-rokavice-za-vreco","10":"product_cat-zenske-boksarske-rokavice","11":"product_cat-dax-3","12":"product_cat-dax-1","13":"pa_velikost-10-oz-sl-2","14":"pa_velikost-12-oz-sl","15":"pa_velikost-14-oz-sl","17":"first","18":"instock","19":"taxable","20":"shipping-taxable","21":"purchasable","22":"product-type-variable"},"_links":{"self":[{"href":"https:\/\/www.budoshop.si\/sl\/wp-json\/wp\/v2\/product\/65897","targetHints":{"allow":["GET"]}}],"collection":[{"href":"https:\/\/www.budoshop.si\/sl\/wp-json\/wp\/v2\/product"}],"about":[{"href":"https:\/\/www.budoshop.si\/sl\/wp-json\/wp\/v2\/types\/product"}],"replies":[{"embeddable":true,"href":"https:\/\/www.budoshop.si\/sl\/wp-json\/wp\/v2\/comments?post=65897"}],"wp:featuredmedia":[{"embeddable":true,"href":"https:\/\/www.budoshop.si\/sl\/wp-json\/wp\/v2\/media\/65899"}],"wp:attachment":[{"href":"https:\/\/www.budoshop.si\/sl\/wp-json\/wp\/v2\/media?parent=65897"}],"wp:term":[{"taxonomy":"product_brand","embeddable":true,"href":"https:\/\/www.budoshop.si\/sl\/wp-json\/wp\/v2\/product_brand?post=65897"},{"taxonomy":"product_cat","embeddable":true,"href":"https:\/\/www.budoshop.si\/sl\/wp-json\/wp\/v2\/product_cat?post=65897"},{"taxonomy":"product_tag","embeddable":true,"href":"https:\/\/www.budoshop.si\/sl\/wp-json\/wp\/v2\/product_tag?post=65897"}],"curies":[{"name":"wp","href":"https:\/\/api.w.org\/{rel}","templated":true}]}}