{"id":65877,"date":"2018-09-13T06:51:49","date_gmt":"2018-09-13T06:51:49","guid":{"rendered":"https:\/\/budoshop.si\/?product=bele-karate-rokavice-kumite"},"modified":"2026-03-03T11:12:40","modified_gmt":"2026-03-03T10:12:40","slug":"bele-karate-rokavice-kumite","status":"publish","type":"product","link":"https:\/\/www.budoshop.si\/sl\/izdelek\/bele-karate-rokavice-kumite\/","title":{"rendered":"Bele Karate rokavice &#8221;KUMITE&#8221;"},"content":{"rendered":"<div style=\"text-align: justify;\">\n<p><span style=\"color: #c00000; font-size: 15px;\">Te bele Karate rokavice so izdelane iz umetnega usnja in polnjene s posebno oblikovano peno. Karate rokavice &#8216;KUMITE&#8217; so namenjene KUMITE borbam tradicionalnega Karateja, pa tudi sparingom ostalih ve\u0161\u010din ter udarjanju v vre\u010do. Te Karate rokavice se zapenjajo z elasti\u010dnim pasom, ki ga ovijemo okrog zapestja in pritrdimo z je\u017ekom kar nudi dobro prilagodljivost, trden oprijem pesti in hitro natikanje in snemanje. <\/span><\/p>\n<p><span style=\"color: #c00000; font-size: 15px;\">Ustreza CE standardom! <\/span><\/p>\n<p><span style=\"color: #c00000; font-size: 15px;\">Barva: bela<\/span><\/p>\n<p><span style=\"color: #c00000; font-size: 15px;\">Velikosti: S &#8211; M &#8211; L &#8211; XL<\/span><\/p>\n<p>&nbsp;<\/p>\n<\/div>\n","protected":false},"excerpt":{"rendered":"<p><span style=\"color: #002060;\"><strong>Bele Karate rokavice.<\/strong><\/span><\/p>\n","protected":false},"featured_media":65879,"comment_status":"open","ping_status":"closed","template":"","meta":[],"product_brand":[5560],"product_cat":[1033,1029,817,1059,981],"product_tag":[],"class_list":{"0":"post-65877","1":"product","2":"type-product","3":"status-publish","4":"has-post-thumbnail","6":"product_brand-shimai","7":"product_cat-ju-jitsujiu-jitsu-1","8":"product_cat-karate-5","9":"product_cat-karate-in-jujitsu-rokavice","10":"product_cat-shimai-3","11":"product_cat-shimai-1","12":"pa_velikost-l-sl-2","13":"pa_velikost-m-sl-2","14":"pa_velikost-s-sl-2","15":"pa_velikost-xl-sl","17":"first","18":"instock","19":"taxable","20":"shipping-taxable","21":"purchasable","22":"product-type-variable"},"_links":{"self":[{"href":"https:\/\/www.budoshop.si\/sl\/wp-json\/wp\/v2\/product\/65877","targetHints":{"allow":["GET"]}}],"collection":[{"href":"https:\/\/www.budoshop.si\/sl\/wp-json\/wp\/v2\/product"}],"about":[{"href":"https:\/\/www.budoshop.si\/sl\/wp-json\/wp\/v2\/types\/product"}],"replies":[{"embeddable":true,"href":"https:\/\/www.budoshop.si\/sl\/wp-json\/wp\/v2\/comments?post=65877"}],"wp:featuredmedia":[{"embeddable":true,"href":"https:\/\/www.budoshop.si\/sl\/wp-json\/wp\/v2\/media\/65879"}],"wp:attachment":[{"href":"https:\/\/www.budoshop.si\/sl\/wp-json\/wp\/v2\/media?parent=65877"}],"wp:term":[{"taxonomy":"product_brand","embeddable":true,"href":"https:\/\/www.budoshop.si\/sl\/wp-json\/wp\/v2\/product_brand?post=65877"},{"taxonomy":"product_cat","embeddable":true,"href":"https:\/\/www.budoshop.si\/sl\/wp-json\/wp\/v2\/product_cat?post=65877"},{"taxonomy":"product_tag","embeddable":true,"href":"https:\/\/www.budoshop.si\/sl\/wp-json\/wp\/v2\/product_tag?post=65877"}],"curies":[{"name":"wp","href":"https:\/\/api.w.org\/{rel}","templated":true}]}}