{"id":65861,"date":"2018-09-13T06:51:49","date_gmt":"2018-09-13T06:51:49","guid":{"rendered":"https:\/\/budoshop.si\/?product=karate-rokavice-karate"},"modified":"2026-02-25T20:37:18","modified_gmt":"2026-02-25T19:37:18","slug":"karate-rokavice-karate","status":"publish","type":"product","link":"https:\/\/www.budoshop.si\/sl\/izdelek\/karate-rokavice-karate\/","title":{"rendered":"Karate rokavice &#8221;KARATE&#8221;"},"content":{"rendered":"<div style=\"text-align: justify;\">\n<p><span style=\"color: #993300; font-size: 15px;\">Te elasti\u010dne Karate rokavice bele barve imajo na prednjem delu dve odprtini za po dva prsta, na stranskem pa je odprtina za palec. Zgornji del, ki pokriva \u010dlenke in stranski del, ki pokriva rob dlani sta oblo\u017eena z za\u0161\u010ditno peno (pri modelu JR je obloga debelej\u0161a) tako, da te Karate rokavice omogo\u010dajo dobro za\u0161\u010dito pesti in prepre\u010dujejo modrice. Te Karate rokavice so izdelane iz 100%, banda\u017eam podobnega elasti\u010dnega bomba\u017ea, ki ne dra\u017ei ko\u017ee in so kot tak\u0161ne primerne tako za udarjanje kot tudi za grabljenje, kar omogo\u010dajo prosti prsti. Primerne so za KARATE KUMITE in tudi sparing vseh ostalih ve\u0161\u010din in \u0161portov. Poleg tega pa so primerne tudi za ve\u0161\u010dine kot so JU JUTSU in udarjanje v vre\u010do. Pralne do 30\u00b0.<\/span><\/p>\n<p><span style=\"font-size: 15px; color: #993300;\">Prodajajo se v paru. <\/span><\/p>\n<p><span style=\"font-size: 15px; color: #993300;\">Velikosti: S &#8211; M &#8211; L<\/span><\/p>\n<p>&nbsp;<\/p>\n<\/div>\n","protected":false},"excerpt":{"rendered":"<p><span style=\"color: #002060; font-size: 15px;\"><strong>Bomba\u017ene elasti\u010dne Karate rokavice bele barve.<\/strong><\/span><\/p>\n","protected":false},"featured_media":65863,"comment_status":"open","ping_status":"closed","template":"","meta":[],"product_brand":[5608],"product_cat":[1085,1087,1033,1029,817],"product_tag":[],"class_list":{"0":"post-65861","1":"product","2":"type-product","3":"status-publish","4":"has-post-thumbnail","6":"product_brand-dax","7":"product_cat-dax-1","8":"product_cat-dax-3","9":"product_cat-ju-jitsujiu-jitsu-1","10":"product_cat-karate-5","11":"product_cat-karate-in-jujitsu-rokavice","12":"pa_velikost-l-sl-2","13":"pa_velikost-m-sl-2","14":"pa_velikost-s-sl-2","16":"first","17":"instock","18":"taxable","19":"shipping-taxable","20":"purchasable","21":"product-type-variable"},"_links":{"self":[{"href":"https:\/\/www.budoshop.si\/sl\/wp-json\/wp\/v2\/product\/65861","targetHints":{"allow":["GET"]}}],"collection":[{"href":"https:\/\/www.budoshop.si\/sl\/wp-json\/wp\/v2\/product"}],"about":[{"href":"https:\/\/www.budoshop.si\/sl\/wp-json\/wp\/v2\/types\/product"}],"replies":[{"embeddable":true,"href":"https:\/\/www.budoshop.si\/sl\/wp-json\/wp\/v2\/comments?post=65861"}],"wp:featuredmedia":[{"embeddable":true,"href":"https:\/\/www.budoshop.si\/sl\/wp-json\/wp\/v2\/media\/65863"}],"wp:attachment":[{"href":"https:\/\/www.budoshop.si\/sl\/wp-json\/wp\/v2\/media?parent=65861"}],"wp:term":[{"taxonomy":"product_brand","embeddable":true,"href":"https:\/\/www.budoshop.si\/sl\/wp-json\/wp\/v2\/product_brand?post=65861"},{"taxonomy":"product_cat","embeddable":true,"href":"https:\/\/www.budoshop.si\/sl\/wp-json\/wp\/v2\/product_cat?post=65861"},{"taxonomy":"product_tag","embeddable":true,"href":"https:\/\/www.budoshop.si\/sl\/wp-json\/wp\/v2\/product_tag?post=65861"}],"curies":[{"name":"wp","href":"https:\/\/api.w.org\/{rel}","templated":true}]}}