{"id":65837,"date":"2018-09-13T06:51:49","date_gmt":"2018-09-13T06:51:49","guid":{"rendered":"https:\/\/budoshop.si\/?product=kung-fu-pas"},"modified":"2025-06-17T07:52:14","modified_gmt":"2025-06-17T05:52:14","slug":"kung-fu-pas","status":"publish","type":"product","link":"https:\/\/www.budoshop.si\/sl\/izdelek\/kung-fu-pas\/","title":{"rendered":"KUNG FU pas"},"content":{"rendered":"<div style=\"text-align: justify;\">\n<p><span style=\"color: #c00000; font-size: 15px;\">Tradicionalen satenast, 10 cm \u0161irok in 300 cm dolg, KUNG FU pas, ki se uporablja v tradicionalnem KUNG FU-ju. Pasovi se mehki, da ne ovirajo gibanja in se ve\u010dkrat ve\u017eejo okrog pasu. Zelo obstojnih in kvalitetnih barv. <\/span><\/p>\n<p><span style=\"color: #c00000; font-size: 15px;\">Barve: bela, rumena, oran\u017ena, rde\u010da, zelena, vijoli\u010dna, modra, rjava in \u010drna.<\/span><\/p>\n<\/div>\n","protected":false},"excerpt":{"rendered":"<p><span style=\"color: #002060;\"><strong>Enobarvni dolg Kung fu pas iz satena.<\/strong><\/span><\/p>\n","protected":false},"featured_media":65839,"comment_status":"open","ping_status":"closed","template":"","meta":[],"product_brand":[],"product_cat":[859,1041],"product_tag":[],"class_list":{"0":"post-65837","1":"product","2":"type-product","3":"status-publish","4":"has-post-thumbnail","6":"product_cat-barvni-pasovi","7":"product_cat-tai-chi-kunf-fu-wu-shu-1","8":"pa_barva-bele-barve-sl","9":"pa_barva-crne-barve-sl-2","10":"pa_barva-modre-barve-sl","11":"pa_barva-oranzna-barva-sl","12":"pa_barva-rdeca-barva-sl-2","13":"pa_barva-rjava-barva-sl","14":"pa_barva-rumene-barve-sl","15":"pa_barva-vijolicna","16":"pa_barva-zelene-barve-sl","18":"first","19":"instock","20":"taxable","21":"shipping-taxable","22":"purchasable","23":"product-type-variable"},"_links":{"self":[{"href":"https:\/\/www.budoshop.si\/sl\/wp-json\/wp\/v2\/product\/65837","targetHints":{"allow":["GET"]}}],"collection":[{"href":"https:\/\/www.budoshop.si\/sl\/wp-json\/wp\/v2\/product"}],"about":[{"href":"https:\/\/www.budoshop.si\/sl\/wp-json\/wp\/v2\/types\/product"}],"replies":[{"embeddable":true,"href":"https:\/\/www.budoshop.si\/sl\/wp-json\/wp\/v2\/comments?post=65837"}],"wp:featuredmedia":[{"embeddable":true,"href":"https:\/\/www.budoshop.si\/sl\/wp-json\/wp\/v2\/media\/65839"}],"wp:attachment":[{"href":"https:\/\/www.budoshop.si\/sl\/wp-json\/wp\/v2\/media?parent=65837"}],"wp:term":[{"taxonomy":"product_brand","embeddable":true,"href":"https:\/\/www.budoshop.si\/sl\/wp-json\/wp\/v2\/product_brand?post=65837"},{"taxonomy":"product_cat","embeddable":true,"href":"https:\/\/www.budoshop.si\/sl\/wp-json\/wp\/v2\/product_cat?post=65837"},{"taxonomy":"product_tag","embeddable":true,"href":"https:\/\/www.budoshop.si\/sl\/wp-json\/wp\/v2\/product_tag?post=65837"}],"curies":[{"name":"wp","href":"https:\/\/api.w.org\/{rel}","templated":true}]}}