{"id":65807,"date":"2018-09-13T06:51:49","date_gmt":"2018-09-13T06:51:49","guid":{"rendered":"https:\/\/budoshop.si\/?product=karate-judo-jujitsu-taekwondo-crn-pas-obi-extra"},"modified":"2026-04-22T07:57:23","modified_gmt":"2026-04-22T05:57:23","slug":"karate-judo-jujitsu-taekwondo-crn-pas-obi-extra","status":"publish","type":"product","link":"https:\/\/www.budoshop.si\/sl\/izdelek\/karate-judo-jujitsu-taekwondo-crn-pas-obi-extra\/","title":{"rendered":"Karate \/ Judo \/ Jujitsu \/ Taekwondo \u010drn pas &#8221;Obi EXTRA&#8221;"},"content":{"rendered":"<div style=\"text-align: justify;\">\n<p><span style=\"color: #c00000; font-size: 15px;\">Klasi\u010den mojstrski pas za Karate, Judo, Taekwondo in druge borilne ve\u0161\u010dine, obstojne in kvalitetne \u010drne barve, \u0161irine 4 cm. Narejen je iz 100% obstojnega bomba\u017ea in 8x pre\u0161it kar daje pasu trdnost in trajnost.<br \/>\n<\/span><\/p>\n<p><span style=\"color: #c00000; font-size: 15px;\">Dol\u017eine: 240 \u2013 260 &#8211; 280 &#8211; 300. <\/span><\/p>\n<\/div>\n","protected":false},"excerpt":{"rendered":"<p><span style=\"color: #002060;\"><strong>\u010crn bomba\u017eni pas za borilne ve\u0161\u010dine.<\/strong><\/span><\/p>\n","protected":false},"featured_media":65823,"comment_status":"open","ping_status":"closed","template":"","meta":[],"product_brand":[5607],"product_cat":[1035,1063,985,1033,1031,1029,861,1037,1039],"product_tag":[],"class_list":{"0":"post-65807","1":"product","2":"type-product","3":"status-publish","4":"has-post-thumbnail","6":"product_brand-danhro","7":"product_cat-aikido-kendo-iai-kobudo-1","8":"product_cat-danhro-1","9":"product_cat-danrho-1","10":"product_cat-ju-jitsujiu-jitsu-1","11":"product_cat-judo-1","12":"product_cat-karate-5","13":"product_cat-mojstrski-pasovi","14":"product_cat-ninjutsu-3","15":"product_cat-taekwondo-3","16":"pa_velikost-240-cm-2","17":"pa_velikost-260-cm-sl","18":"pa_velikost-280-cm-sl","19":"pa_velikost-300-cm-sl","21":"first","22":"instock","23":"taxable","24":"shipping-taxable","25":"purchasable","26":"product-type-variable"},"_links":{"self":[{"href":"https:\/\/www.budoshop.si\/sl\/wp-json\/wp\/v2\/product\/65807","targetHints":{"allow":["GET"]}}],"collection":[{"href":"https:\/\/www.budoshop.si\/sl\/wp-json\/wp\/v2\/product"}],"about":[{"href":"https:\/\/www.budoshop.si\/sl\/wp-json\/wp\/v2\/types\/product"}],"replies":[{"embeddable":true,"href":"https:\/\/www.budoshop.si\/sl\/wp-json\/wp\/v2\/comments?post=65807"}],"wp:featuredmedia":[{"embeddable":true,"href":"https:\/\/www.budoshop.si\/sl\/wp-json\/wp\/v2\/media\/65823"}],"wp:attachment":[{"href":"https:\/\/www.budoshop.si\/sl\/wp-json\/wp\/v2\/media?parent=65807"}],"wp:term":[{"taxonomy":"product_brand","embeddable":true,"href":"https:\/\/www.budoshop.si\/sl\/wp-json\/wp\/v2\/product_brand?post=65807"},{"taxonomy":"product_cat","embeddable":true,"href":"https:\/\/www.budoshop.si\/sl\/wp-json\/wp\/v2\/product_cat?post=65807"},{"taxonomy":"product_tag","embeddable":true,"href":"https:\/\/www.budoshop.si\/sl\/wp-json\/wp\/v2\/product_tag?post=65807"}],"curies":[{"name":"wp","href":"https:\/\/api.w.org\/{rel}","templated":true}]}}