{"id":65705,"date":"2018-09-13T06:51:49","date_gmt":"2018-09-13T06:51:49","guid":{"rendered":"https:\/\/budoshop.si\/?product=dvobarvni-judo-karate-pas-obi-double"},"modified":"2026-01-09T09:48:19","modified_gmt":"2026-01-09T08:48:19","slug":"dvobarvni-judo-karate-pas-obi-double","status":"publish","type":"product","link":"https:\/\/www.budoshop.si\/sl\/izdelek\/dvobarvni-judo-karate-pas-obi-double\/","title":{"rendered":"Dvobarvni Judo \/ Karate pas &#8221;Obi DOUBLE&#8221;"},"content":{"rendered":"<div style=\"text-align: justify;\">\n<p><span style=\"color: #c00000; font-size: 15px;\">Dvobarvni Kyu stopenski pasovi za JUDO in podobne ve\u0161\u010dine. \u0160irine 4 cm in narejeni iz 100% bomba\u017ea. Pasovi so osemkrat pre\u0161iti, kar daje pasu trdnost in obstojnost, barve pa so visoko kvalitetne in se s pranjem ne obrabijo. <\/span><\/p>\n<p><span style=\"font-size: 15px;\"><span style=\"color: #c00000;\">Barve:<br \/>\n&#8211; belo-rumena,<br \/>\n&#8211; rumeno-oran\u017ena,<br \/>\n&#8211; oran\u017eno-zelena,<br \/>\n&#8211; zeleno-modra,<br \/>\n&#8211; modro-rjava,<br \/>\n&#8211; rjavo-\u010drna,<br \/>\n&#8211; rjavo-modra,<br \/>\n&#8211; rumeno-zelena,<br \/>\n&#8211; rde\u010de-modra,<br \/>\n&#8211; rde\u010de-\u010drna<\/span><\/span><\/p>\n<\/div>\n<div style=\"text-align: justify;\">\n<p><span style=\"color: #c00000; font-size: 15px;\">Dol\u017eine: 200 &#8211; 240 \u2013 260 &#8211; 290 cm.<\/span><\/p>\n<\/div>\n","protected":false},"excerpt":{"rendered":"<p><span style=\"color: #002060;\"><strong>Dvobarvni bomba\u017eni pasovi za Judo in sorodne borilne ve\u0161\u010dine.<\/strong><\/span><\/p>\n","protected":false},"featured_media":115652,"comment_status":"open","ping_status":"closed","template":"","meta":[],"product_brand":[5596],"product_cat":[859,1033,1031,1029],"product_tag":[],"class_list":{"0":"post-65705","1":"product","2":"type-product","3":"status-publish","4":"has-post-thumbnail","6":"product_brand-kwon","7":"product_cat-barvni-pasovi","8":"product_cat-ju-jitsujiu-jitsu-1","9":"product_cat-judo-1","10":"product_cat-karate-5","11":"pa_barva-belo-rumen-sl","12":"pa_barva-modro-rjav-sl","13":"pa_barva-oranzno-zelen-sl","14":"pa_barva-rdece-crn-sl","15":"pa_barva-rdece-moder-sl","16":"pa_barva-rjavo-crn-sl","17":"pa_barva-rjavo-moder-sl","18":"pa_barva-rumeno-oranzen-sl","19":"pa_barva-rumeno-zelen-sl","20":"pa_barva-zeleno-moder-sl","21":"pa_dolzina-200-cm-sl","22":"pa_dolzina-240-cm-sl","23":"pa_dolzina-260-cm-sl","24":"pa_dolzina-280-cm-sl","25":"pa_dolzina-290-cm-sl","27":"first","28":"instock","29":"taxable","30":"shipping-taxable","31":"purchasable","32":"product-type-variable"},"_links":{"self":[{"href":"https:\/\/www.budoshop.si\/sl\/wp-json\/wp\/v2\/product\/65705","targetHints":{"allow":["GET"]}}],"collection":[{"href":"https:\/\/www.budoshop.si\/sl\/wp-json\/wp\/v2\/product"}],"about":[{"href":"https:\/\/www.budoshop.si\/sl\/wp-json\/wp\/v2\/types\/product"}],"replies":[{"embeddable":true,"href":"https:\/\/www.budoshop.si\/sl\/wp-json\/wp\/v2\/comments?post=65705"}],"wp:featuredmedia":[{"embeddable":true,"href":"https:\/\/www.budoshop.si\/sl\/wp-json\/wp\/v2\/media\/115652"}],"wp:attachment":[{"href":"https:\/\/www.budoshop.si\/sl\/wp-json\/wp\/v2\/media?parent=65705"}],"wp:term":[{"taxonomy":"product_brand","embeddable":true,"href":"https:\/\/www.budoshop.si\/sl\/wp-json\/wp\/v2\/product_brand?post=65705"},{"taxonomy":"product_cat","embeddable":true,"href":"https:\/\/www.budoshop.si\/sl\/wp-json\/wp\/v2\/product_cat?post=65705"},{"taxonomy":"product_tag","embeddable":true,"href":"https:\/\/www.budoshop.si\/sl\/wp-json\/wp\/v2\/product_tag?post=65705"}],"curies":[{"name":"wp","href":"https:\/\/api.w.org\/{rel}","templated":true}]}}