{"id":65587,"date":"2018-09-13T06:51:49","date_gmt":"2018-09-13T06:51:49","guid":{"rendered":"https:\/\/budoshop.si\/?product=karate-judo-taekwondo-pas-obi-colour"},"modified":"2026-01-09T09:41:59","modified_gmt":"2026-01-09T08:41:59","slug":"karate-judo-taekwondo-pas-obi-colour","status":"publish","type":"product","link":"https:\/\/www.budoshop.si\/sl\/izdelek\/karate-judo-taekwondo-pas-obi-colour\/","title":{"rendered":"Karate \/ Judo \/ Taekwondo pas &#8221;Obi COLOUR&#8221;"},"content":{"rendered":"<div style=\"text-align: justify;\">\n<p><span style=\"color: #c00000; font-size: 15px;\">Kyu stopenjski barvni pasovi za borilne ve\u0161\u010dine kot so Karate, Judo, Jujitsu, Taekwondo in druge. Pasovi so \u0161irine 4 cm in narejeni iz 100% bomba\u017ea. Vsak pas je osemkrat pre\u0161iti, kar daje pasu trdnost in obstojnost, barve pa so kvalitetne in se s pranjem ne obrabijo. <\/span><\/p>\n<p><span style=\"color: #c00000; font-size: 15px;\">Barve: bela, rumena, oran\u017ena, rde\u010da, zelena, modra in rjava. <\/span><\/p>\n<p><span style=\"color: #c00000; font-size: 15px;\">Dol\u017eine: 200 &#8211; 220 \u2013 240 &#8211; 280 &#8211; 280 &#8211; 300 &#8211; 320 &#8211; 350cm.<\/span><\/p>\n<\/div>\n","protected":false},"excerpt":{"rendered":"<p><span style=\"color: #002060;\"><strong>Enobarvni bomba\u017eni pasovi za borilne ve\u0161\u010dine.<\/strong><\/span><\/p>\n","protected":false},"featured_media":65589,"comment_status":"open","ping_status":"closed","template":"","meta":[],"product_brand":[5596],"product_cat":[1035,859,1033,1031,1029,1037,1039],"product_tag":[],"class_list":{"0":"post-65587","1":"product","2":"type-product","3":"status-publish","4":"has-post-thumbnail","6":"product_brand-kwon","7":"product_cat-aikido-kendo-iai-kobudo-1","8":"product_cat-barvni-pasovi","9":"product_cat-ju-jitsujiu-jitsu-1","10":"product_cat-judo-1","11":"product_cat-karate-5","12":"product_cat-ninjutsu-3","13":"product_cat-taekwondo-3","14":"pa_barva-bele-barve-sl","15":"pa_barva-modre-barve-sl","16":"pa_barva-oranzna-barva-sl","17":"pa_barva-rdeca-barva-sl-2","18":"pa_barva-rjava-barva-sl","19":"pa_barva-rumene-barve-sl","20":"pa_barva-zelene-barve-sl","21":"pa_dolzina-200-cm-sl","22":"pa_dolzina-220-cm-sl","23":"pa_dolzina-240-cm-sl","24":"pa_dolzina-260-cm-sl","25":"pa_dolzina-280-cm-sl","26":"pa_dolzina-300-cm-sl","27":"pa_dolzina-320-cm-sl","28":"pa_dolzina-350-cm-sl","30":"first","31":"instock","32":"taxable","33":"shipping-taxable","34":"purchasable","35":"product-type-variable"},"_links":{"self":[{"href":"https:\/\/www.budoshop.si\/sl\/wp-json\/wp\/v2\/product\/65587","targetHints":{"allow":["GET"]}}],"collection":[{"href":"https:\/\/www.budoshop.si\/sl\/wp-json\/wp\/v2\/product"}],"about":[{"href":"https:\/\/www.budoshop.si\/sl\/wp-json\/wp\/v2\/types\/product"}],"replies":[{"embeddable":true,"href":"https:\/\/www.budoshop.si\/sl\/wp-json\/wp\/v2\/comments?post=65587"}],"wp:featuredmedia":[{"embeddable":true,"href":"https:\/\/www.budoshop.si\/sl\/wp-json\/wp\/v2\/media\/65589"}],"wp:attachment":[{"href":"https:\/\/www.budoshop.si\/sl\/wp-json\/wp\/v2\/media?parent=65587"}],"wp:term":[{"taxonomy":"product_brand","embeddable":true,"href":"https:\/\/www.budoshop.si\/sl\/wp-json\/wp\/v2\/product_brand?post=65587"},{"taxonomy":"product_cat","embeddable":true,"href":"https:\/\/www.budoshop.si\/sl\/wp-json\/wp\/v2\/product_cat?post=65587"},{"taxonomy":"product_tag","embeddable":true,"href":"https:\/\/www.budoshop.si\/sl\/wp-json\/wp\/v2\/product_tag?post=65587"}],"curies":[{"name":"wp","href":"https:\/\/api.w.org\/{rel}","templated":true}]}}