{"id":65569,"date":"2018-09-13T06:51:49","date_gmt":"2018-09-13T04:51:49","guid":{"rendered":"https:\/\/budoshop.si\/?product=crne-kung-fu-hlace"},"modified":"2025-04-03T08:20:26","modified_gmt":"2025-04-03T06:20:26","slug":"crne-kung-fu-hlace","status":"publish","type":"product","link":"https:\/\/www.budoshop.si\/sl\/izdelek\/crne-kung-fu-hlace\/","title":{"rendered":"\u010crne KUNG FU hla\u010de"},"content":{"rendered":"<div style=\"text-align: justify;\">\n<p><span style=\"color: #c00000; font-size: 15px;\">Udobne in lahke KUNG FU hla\u010de \u010drne barve, kakr\u0161ne je v svojih filmih nosil legendarni BRUCE LEE. Hla\u010de so iz posebnega \u0161irokega in udobnega kroja, z elastiko v pasu. Na spodnjem delu so hla\u010dnice zo\u017eane z elastiko ali trakovi. Tako je ta kroj hla\u010d primeren za trening borilnih ve\u0161\u010din kot so KUNG FU, WING CHUN, TAI CHI, JEET KUNE DO, NINJUTSU in podobno, uporabljajo pa se tudi za rekreacijo, tek in fitnes, saj so zelo udobne in prakti\u010dne. Narejene so iz srednje te\u017ekega (cca. 10 OZ) 100% bomba\u017ea z elastiko v pasu in gle\u017enjih, kar onemogo\u010da opletanje hla\u010dnic. <\/span><\/p>\n<p><span style=\"color: #c00000; font-size: 15px;\">Vi\u0161ine: 140 \u2013 200 cm\u00a0<span style=\"color: #c00000;\">(na 10 cm) &#8211; tudi manj\u0161e po naro\u010dilu.<\/span> <\/span><\/p>\n<p><span style=\"font-size: 11px; color: #c00000;\">Pozor! Hla\u010de nisi predprana in se lahko pri prvem pranju skr\u010dijo za cca. 3 %.<\/span><\/p>\n<\/div>\n","protected":false},"excerpt":{"rendered":"<p><span style=\"color: #002060;\"><strong>Trening hla\u010de \u010drne barve z elastiko v pasu in spodnjem delu hla\u010dnic.<\/strong><\/span><\/p>\n","protected":false},"featured_media":113747,"comment_status":"open","ping_status":"closed","template":"","meta":[],"product_brand":[],"product_cat":[1037,1041,679,685],"product_tag":[],"class_list":{"0":"post-65569","1":"product","2":"type-product","3":"status-publish","4":"has-post-thumbnail","6":"product_cat-ninjutsu-3","7":"product_cat-tai-chi-kunf-fu-wu-shu-1","8":"product_cat-kung-fu-tai-chi-uniforme","9":"product_cat-ostalo","10":"pa_velikost-140-cm-sl","11":"pa_velikost-150-cm-sl","12":"pa_velikost-160-cm-sl","13":"pa_velikost-170-cm-sl","14":"pa_velikost-180-cm-sl","15":"pa_velikost-190-cm-sl","16":"pa_velikost-200-cm-sl","18":"first","19":"instock","20":"taxable","21":"shipping-taxable","22":"purchasable","23":"product-type-variable"},"_links":{"self":[{"href":"https:\/\/www.budoshop.si\/sl\/wp-json\/wp\/v2\/product\/65569","targetHints":{"allow":["GET"]}}],"collection":[{"href":"https:\/\/www.budoshop.si\/sl\/wp-json\/wp\/v2\/product"}],"about":[{"href":"https:\/\/www.budoshop.si\/sl\/wp-json\/wp\/v2\/types\/product"}],"replies":[{"embeddable":true,"href":"https:\/\/www.budoshop.si\/sl\/wp-json\/wp\/v2\/comments?post=65569"}],"wp:featuredmedia":[{"embeddable":true,"href":"https:\/\/www.budoshop.si\/sl\/wp-json\/wp\/v2\/media\/113747"}],"wp:attachment":[{"href":"https:\/\/www.budoshop.si\/sl\/wp-json\/wp\/v2\/media?parent=65569"}],"wp:term":[{"taxonomy":"product_brand","embeddable":true,"href":"https:\/\/www.budoshop.si\/sl\/wp-json\/wp\/v2\/product_brand?post=65569"},{"taxonomy":"product_cat","embeddable":true,"href":"https:\/\/www.budoshop.si\/sl\/wp-json\/wp\/v2\/product_cat?post=65569"},{"taxonomy":"product_tag","embeddable":true,"href":"https:\/\/www.budoshop.si\/sl\/wp-json\/wp\/v2\/product_tag?post=65569"}],"curies":[{"name":"wp","href":"https:\/\/api.w.org\/{rel}","templated":true}]}}