{"id":65553,"date":"2018-09-13T06:51:49","date_gmt":"2018-09-13T06:51:49","guid":{"rendered":"https:\/\/budoshop.si\/?product=crne-karate-hlace"},"modified":"2026-01-13T09:49:34","modified_gmt":"2026-01-13T08:49:34","slug":"crne-karate-hlace","status":"publish","type":"product","link":"https:\/\/www.budoshop.si\/sl\/izdelek\/crne-karate-hlace\/","title":{"rendered":"\u010crne KARATE hla\u010de"},"content":{"rendered":"<div style=\"text-align: justify;\">\n<p><span style=\"color: #c00000; font-size: 15px;\">Udobne in lahke KARATE hla\u010de \u010drne barve, primerne tako za trening Karateja kot tudi Kung fu-ja, Tai Chi-ja, Ninjutsu-ja in drugih borilnih ve\u0161\u010din. Narejene so iz srednje te\u017ekega (cca. 10 OZ) 100% bomba\u017ea z elastiko v pasu. <\/span><\/p>\n<p><span style=\"color: #c00000; font-size: 15px;\">Vi\u0161ine: 150 \u2013 200 cm (na 10 cm) &#8211; tudi manj\u0161e po naro\u010dilu. <\/span><\/p>\n<p><span style=\"font-size: 11px; color: #c00000;\">Pozor! Hla\u010de niso predprane in se lahko pri prvem pranju skr\u010dijo za cca. 3 %.<\/span><\/p>\n<\/div>\n","protected":false},"excerpt":{"rendered":"<p><span style=\"color: #003366;\"><strong>\u010crne hla\u010de za Karate, Tai chi, Kung Fu, Wing Chun, Ninjutsu in sorodne borilne ve\u0161\u010dine.<\/strong><\/span><\/p>\n","protected":false},"featured_media":113662,"comment_status":"open","ping_status":"closed","template":"","meta":[],"product_brand":[5595],"product_cat":[5405,5406,1029,911,1037,939,685,1041],"product_tag":[],"class_list":{"0":"post-65553","1":"product","2":"type-product","3":"status-publish","4":"has-post-thumbnail","6":"product_brand-ju-sports","7":"product_cat-ju-sports","8":"product_cat-ju-sports-2","9":"product_cat-karate-5","10":"product_cat-klasik-1","11":"product_cat-ninjutsu-3","12":"product_cat-ninjutsu-oblacila","13":"product_cat-ostalo","14":"product_cat-tai-chi-kunf-fu-wu-shu-1","15":"pa_velikost-150-cm-sl","16":"pa_velikost-160-cm-sl","17":"pa_velikost-170-cm-sl","18":"pa_velikost-180-cm-sl","19":"pa_velikost-190-cm-sl","20":"pa_velikost-200-cm-sl","22":"first","23":"instock","24":"taxable","25":"shipping-taxable","26":"purchasable","27":"product-type-variable"},"_links":{"self":[{"href":"https:\/\/www.budoshop.si\/sl\/wp-json\/wp\/v2\/product\/65553","targetHints":{"allow":["GET"]}}],"collection":[{"href":"https:\/\/www.budoshop.si\/sl\/wp-json\/wp\/v2\/product"}],"about":[{"href":"https:\/\/www.budoshop.si\/sl\/wp-json\/wp\/v2\/types\/product"}],"replies":[{"embeddable":true,"href":"https:\/\/www.budoshop.si\/sl\/wp-json\/wp\/v2\/comments?post=65553"}],"wp:featuredmedia":[{"embeddable":true,"href":"https:\/\/www.budoshop.si\/sl\/wp-json\/wp\/v2\/media\/113662"}],"wp:attachment":[{"href":"https:\/\/www.budoshop.si\/sl\/wp-json\/wp\/v2\/media?parent=65553"}],"wp:term":[{"taxonomy":"product_brand","embeddable":true,"href":"https:\/\/www.budoshop.si\/sl\/wp-json\/wp\/v2\/product_brand?post=65553"},{"taxonomy":"product_cat","embeddable":true,"href":"https:\/\/www.budoshop.si\/sl\/wp-json\/wp\/v2\/product_cat?post=65553"},{"taxonomy":"product_tag","embeddable":true,"href":"https:\/\/www.budoshop.si\/sl\/wp-json\/wp\/v2\/product_tag?post=65553"}],"curies":[{"name":"wp","href":"https:\/\/api.w.org\/{rel}","templated":true}]}}