{"id":65549,"date":"2018-09-13T06:51:49","date_gmt":"2018-09-13T04:51:49","guid":{"rendered":"https:\/\/budoshop.si\/?product=karate-hlace-bele-barve-z-vrvico-v-pasu-outlet"},"modified":"2024-01-24T18:11:38","modified_gmt":"2024-01-24T17:11:38","slug":"karate-hlace-bele-barve-z-vrvico-v-pasu-outlet","status":"publish","type":"product","link":"https:\/\/www.budoshop.si\/sl\/izdelek\/karate-hlace-bele-barve-z-vrvico-v-pasu-outlet\/","title":{"rendered":"KARATE hla\u010de bele barve z vrvico v pasu &#8211; OUTLET!!!"},"content":{"rendered":"<div style=\"text-align: justify;\"><span style=\"color: #c00000; font-size: small;\">Tradicionalen kroj KARATE hla\u010d, ki so narejene iz 100% bomba\u017ea z vrvico v pasu. Hla\u010de so udobne in lahke ter narejene iz kvalitetnega srednje te\u017ekega (cca. 10 OZ) bomba\u017ea tako, da so primerne tako za trening Karateja, pa tudi Tai chi-ja, Taekwondo-ja, Capoeira in drugih borilnih ve\u0161\u010din. <\/span><\/p>\n<p><span style=\"color: #c00000;\"><span style=\"font-size: small;\">Vi\u0161ine: 190 cm.<\/span> <\/span><\/p>\n<p><span style=\"font-size: 11px; color: #c00000;\">Pozor! Hla\u010de niso preprane in se lahko pri prvem pranju skr\u010dijo za cca. 3 % .<\/span><\/div>\n","protected":false},"excerpt":{"rendered":"<p><span style=\"color: #000080;\"><strong>Karate hla\u010de bele barve z vrvico v pasu.<\/strong><\/span><\/p>\n","protected":false},"featured_media":65551,"comment_status":"open","ping_status":"closed","template":"","meta":[],"product_brand":[],"product_cat":[2211],"product_tag":[],"class_list":{"0":"post-65549","1":"product","2":"type-product","3":"status-publish","4":"has-post-thumbnail","6":"product_cat-nekategorizirano","8":"first","9":"outofstock","10":"sale","11":"taxable","12":"shipping-taxable","13":"purchasable","14":"product-type-simple"},"_links":{"self":[{"href":"https:\/\/www.budoshop.si\/sl\/wp-json\/wp\/v2\/product\/65549","targetHints":{"allow":["GET"]}}],"collection":[{"href":"https:\/\/www.budoshop.si\/sl\/wp-json\/wp\/v2\/product"}],"about":[{"href":"https:\/\/www.budoshop.si\/sl\/wp-json\/wp\/v2\/types\/product"}],"replies":[{"embeddable":true,"href":"https:\/\/www.budoshop.si\/sl\/wp-json\/wp\/v2\/comments?post=65549"}],"wp:featuredmedia":[{"embeddable":true,"href":"https:\/\/www.budoshop.si\/sl\/wp-json\/wp\/v2\/media\/65551"}],"wp:attachment":[{"href":"https:\/\/www.budoshop.si\/sl\/wp-json\/wp\/v2\/media?parent=65549"}],"wp:term":[{"taxonomy":"product_brand","embeddable":true,"href":"https:\/\/www.budoshop.si\/sl\/wp-json\/wp\/v2\/product_brand?post=65549"},{"taxonomy":"product_cat","embeddable":true,"href":"https:\/\/www.budoshop.si\/sl\/wp-json\/wp\/v2\/product_cat?post=65549"},{"taxonomy":"product_tag","embeddable":true,"href":"https:\/\/www.budoshop.si\/sl\/wp-json\/wp\/v2\/product_tag?post=65549"}],"curies":[{"name":"wp","href":"https:\/\/api.w.org\/{rel}","templated":true}]}}