{"id":65537,"date":"2018-09-13T06:51:49","date_gmt":"2018-09-13T06:51:49","guid":{"rendered":"https:\/\/budoshop.si\/?product=karate-hlace-bele-barve-z-elastiko-v-pasu"},"modified":"2026-01-13T09:49:03","modified_gmt":"2026-01-13T08:49:03","slug":"karate-hlace-bele-barve-z-elastiko-v-pasu","status":"publish","type":"product","link":"https:\/\/www.budoshop.si\/sl\/izdelek\/karate-hlace-bele-barve-z-elastiko-v-pasu\/","title":{"rendered":"KARATE hla\u010de bele barve z elastiko v pasu"},"content":{"rendered":"<div style=\"text-align: justify;\">\n<p><span style=\"color: #c00000; font-size: 15px;\">Moderne in udobne lahke KARATE hla\u010de, primerne tako za trening Karateja, pa tudi Tai chi-ja, Taekwondo-ja, Capoeira in drugih borilnih ve\u0161\u010din. Narejene so iz srednje te\u017ekega (cca. 10 OZ) 100% bomba\u017ea z elastiko in dodatno vrvico v pasu. <\/span><\/p>\n<p><span style=\"color: #c00000; font-size: 15px;\">Vi\u0161ina: od 160 \u2013 190 cm\u00a0<span style=\"color: #c00000;\">(na 10 cm) &#8211; tudi manj\u0161e po naro\u010dilu.<\/span> <\/span><\/p>\n<p><span style=\"font-size: 11px; color: #c00000;\">Pozor! Hla\u010de niso predprane in se lahko pri prvem pranju skr\u010dijo za cca. 3 %.<\/span><\/p>\n<\/div>\n","protected":false},"excerpt":{"rendered":"<p><span style=\"color: #003366;\"><strong>Bele Karate hla\u010de.<\/strong><\/span><\/p>\n","protected":false},"featured_media":113726,"comment_status":"open","ping_status":"closed","template":"","meta":[],"product_brand":[5595],"product_cat":[1029,911,685,1041],"product_tag":[],"class_list":{"0":"post-65537","1":"product","2":"type-product","3":"status-publish","4":"has-post-thumbnail","6":"product_brand-ju-sports","7":"product_cat-karate-5","8":"product_cat-klasik-1","9":"product_cat-ostalo","10":"product_cat-tai-chi-kunf-fu-wu-shu-1","11":"pa_velikost-150-cm-sl","12":"pa_velikost-160-cm-sl","13":"pa_velikost-170-cm-sl","14":"pa_velikost-180-cm-sl","15":"pa_velikost-190-cm-sl","16":"pa_velikost-200-cm-sl","18":"first","19":"instock","20":"taxable","21":"shipping-taxable","22":"purchasable","23":"product-type-variable"},"_links":{"self":[{"href":"https:\/\/www.budoshop.si\/sl\/wp-json\/wp\/v2\/product\/65537","targetHints":{"allow":["GET"]}}],"collection":[{"href":"https:\/\/www.budoshop.si\/sl\/wp-json\/wp\/v2\/product"}],"about":[{"href":"https:\/\/www.budoshop.si\/sl\/wp-json\/wp\/v2\/types\/product"}],"replies":[{"embeddable":true,"href":"https:\/\/www.budoshop.si\/sl\/wp-json\/wp\/v2\/comments?post=65537"}],"wp:featuredmedia":[{"embeddable":true,"href":"https:\/\/www.budoshop.si\/sl\/wp-json\/wp\/v2\/media\/113726"}],"wp:attachment":[{"href":"https:\/\/www.budoshop.si\/sl\/wp-json\/wp\/v2\/media?parent=65537"}],"wp:term":[{"taxonomy":"product_brand","embeddable":true,"href":"https:\/\/www.budoshop.si\/sl\/wp-json\/wp\/v2\/product_brand?post=65537"},{"taxonomy":"product_cat","embeddable":true,"href":"https:\/\/www.budoshop.si\/sl\/wp-json\/wp\/v2\/product_cat?post=65537"},{"taxonomy":"product_tag","embeddable":true,"href":"https:\/\/www.budoshop.si\/sl\/wp-json\/wp\/v2\/product_tag?post=65537"}],"curies":[{"name":"wp","href":"https:\/\/api.w.org\/{rel}","templated":true}]}}