{"id":65495,"date":"2018-09-13T06:51:49","date_gmt":"2018-09-13T06:51:49","guid":{"rendered":"https:\/\/budoshop.si\/?product=muay-thai-hlacke"},"modified":"2026-04-02T12:22:59","modified_gmt":"2026-04-02T10:22:59","slug":"boxing-kratke-hlace-iz-satena-z-napisom-in-zvezdami-odprodaja-50-24","status":"publish","type":"product","link":"https:\/\/www.budoshop.si\/sl\/izdelek\/boxing-kratke-hlace-iz-satena-z-napisom-in-zvezdami-odprodaja-50-24\/","title":{"rendered":"MUAY THAI hla\u010dke"},"content":{"rendered":"<div style=\"text-align: justify;\">\n<p><span style=\"color: #c00000; font-size: 15px;\"><span id=\"dnn_ctr448_ProductPage_lblItemHtmlHolder\"><span style=\"color: #c00000;\">Klasi\u010dne Muay Thai hla\u010dke, izdelane iz lahkotnega a odpornega in rahlo svetle\u010dega 100% poliestra. Na prednji strani se nahaja napis s tajskimi \u010drkami. \u0160irok kroj in mehkoba materiala omogo\u010data popolno mobilnost nog, \u0161iroka elastika v pasu pa zagotavlja dobro zapenjane in hitro obla\u010denje. Primerne za trening Tajskega boksa (Muay Thai), Kickbox-a in podobnih \u0161portov.<\/span><\/span><\/span><\/p>\n<div style=\"text-align: justify;\">\n<p><span style=\"color: #c00000; font-size: 15px;\"> Barva: \u010drna<\/span><\/p>\n<p><span style=\"color: #c00000; font-size: 15px;\">Velikosti: S &#8211; M &#8211; L &#8211; XL<\/span><\/p>\n<\/div>\n<p><span style=\"color: #c00000;\"><span id=\"dnn_ctr448_ProductPage_lblItemHtmlHolder\"><span style=\"color: #c00000;\">\u00a0<\/span><\/span><\/span><\/p>\n<\/div>\n","protected":false},"excerpt":{"rendered":"<p><span id=\"dnn_ctr448_ProductPage_lstProducts_lbllistDescription_9\"><span style=\"color: #002060;\"><strong>Klasi\u010dne Muay Thai hla\u010de z napisom \u010drne ali modre barve<\/strong><\/span><\/span>.<\/p>\n","protected":false},"featured_media":107887,"comment_status":"open","ping_status":"closed","template":"","meta":[],"product_brand":[5608],"product_cat":[1043,905,1087,1085],"product_tag":[],"class_list":{"0":"post-65495","1":"product","2":"type-product","3":"status-publish","4":"has-post-thumbnail","6":"product_brand-dax","7":"product_cat-boks-kickbox-tajski-boks-mma","8":"product_cat-hlacke","9":"product_cat-dax-3","10":"product_cat-dax-1","11":"pa_velikost-s-sl-2","12":"pa_velikost-m-sl-2","13":"pa_velikost-l-sl-2","14":"pa_velikost-xl-sl","16":"first","17":"instock","18":"taxable","19":"shipping-taxable","20":"purchasable","21":"product-type-variable"},"_links":{"self":[{"href":"https:\/\/www.budoshop.si\/sl\/wp-json\/wp\/v2\/product\/65495","targetHints":{"allow":["GET"]}}],"collection":[{"href":"https:\/\/www.budoshop.si\/sl\/wp-json\/wp\/v2\/product"}],"about":[{"href":"https:\/\/www.budoshop.si\/sl\/wp-json\/wp\/v2\/types\/product"}],"replies":[{"embeddable":true,"href":"https:\/\/www.budoshop.si\/sl\/wp-json\/wp\/v2\/comments?post=65495"}],"wp:featuredmedia":[{"embeddable":true,"href":"https:\/\/www.budoshop.si\/sl\/wp-json\/wp\/v2\/media\/107887"}],"wp:attachment":[{"href":"https:\/\/www.budoshop.si\/sl\/wp-json\/wp\/v2\/media?parent=65495"}],"wp:term":[{"taxonomy":"product_brand","embeddable":true,"href":"https:\/\/www.budoshop.si\/sl\/wp-json\/wp\/v2\/product_brand?post=65495"},{"taxonomy":"product_cat","embeddable":true,"href":"https:\/\/www.budoshop.si\/sl\/wp-json\/wp\/v2\/product_cat?post=65495"},{"taxonomy":"product_tag","embeddable":true,"href":"https:\/\/www.budoshop.si\/sl\/wp-json\/wp\/v2\/product_tag?post=65495"}],"curies":[{"name":"wp","href":"https:\/\/api.w.org\/{rel}","templated":true}]}}