{"id":65453,"date":"2018-09-13T06:51:49","date_gmt":"2018-09-13T06:51:49","guid":{"rendered":"https:\/\/budoshop.si\/?product=dolge-fullcontact-kickboxing-hlace-iz-satena-v-akciji"},"modified":"2024-12-19T12:34:03","modified_gmt":"2024-12-19T11:34:03","slug":"dolge-fullcontact-kickboxing-hlace-iz-satena-v-akciji","status":"publish","type":"product","link":"https:\/\/www.budoshop.si\/sl\/izdelek\/dolge-fullcontact-kickboxing-hlace-iz-satena-v-akciji\/","title":{"rendered":"Dolge FULLCONTACT \/ KICKBOXING hla\u010de iz satena &#8211; OUTLET!!!"},"content":{"rendered":"<div style=\"text-align: justify;\">\n<p><span style=\"color: #c00000; font-size: 15px;\">Udobne dolge Fullcontact in\/ali Kixboxing hla\u010de narejene iz 100% poliestra z elastiko v pasu in stranskim motivom. Mehkoba materiala in udobnost kroja omogo\u010data maksimalno svobodo gibanja. Primerne tudi za trening Kickboxinga-a in sorodnih ve\u0161\u010din. <\/span><\/p>\n<p><span style=\"color: #c00000; font-size: 15px;\">Rde\u010de barve.<br \/>\n<\/span><\/p>\n<p><span style=\"color: #c00000; font-size: 15px;\">Velikost: XL<\/span><\/p>\n<\/div>\n","protected":false},"excerpt":{"rendered":"<p><span style=\"color: #002060;\"><strong>Enobarvne dolge satenaste trening hla\u010de s stranskim motivom.<br \/>\n<\/strong><\/span><\/p>\n","protected":false},"featured_media":65455,"comment_status":"open","ping_status":"closed","template":"","meta":[],"product_brand":[],"product_cat":[],"product_tag":[],"class_list":{"0":"post-65453","1":"product","2":"type-product","3":"status-publish","4":"has-post-thumbnail","6":"pa_barva-rdeca-barva-sl-2","7":"pa_barva-modre-barve-sl","8":"pa_barva-crne-barve-sl-2","9":"pa_velikost-m-sl-2","10":"pa_velikost-l-sl-2","11":"pa_velikost-xl-sl","13":"first","14":"outofstock","15":"sale","16":"taxable","17":"shipping-taxable","18":"purchasable","19":"product-type-simple"},"_links":{"self":[{"href":"https:\/\/www.budoshop.si\/sl\/wp-json\/wp\/v2\/product\/65453","targetHints":{"allow":["GET"]}}],"collection":[{"href":"https:\/\/www.budoshop.si\/sl\/wp-json\/wp\/v2\/product"}],"about":[{"href":"https:\/\/www.budoshop.si\/sl\/wp-json\/wp\/v2\/types\/product"}],"replies":[{"embeddable":true,"href":"https:\/\/www.budoshop.si\/sl\/wp-json\/wp\/v2\/comments?post=65453"}],"wp:featuredmedia":[{"embeddable":true,"href":"https:\/\/www.budoshop.si\/sl\/wp-json\/wp\/v2\/media\/65455"}],"wp:attachment":[{"href":"https:\/\/www.budoshop.si\/sl\/wp-json\/wp\/v2\/media?parent=65453"}],"wp:term":[{"taxonomy":"product_brand","embeddable":true,"href":"https:\/\/www.budoshop.si\/sl\/wp-json\/wp\/v2\/product_brand?post=65453"},{"taxonomy":"product_cat","embeddable":true,"href":"https:\/\/www.budoshop.si\/sl\/wp-json\/wp\/v2\/product_cat?post=65453"},{"taxonomy":"product_tag","embeddable":true,"href":"https:\/\/www.budoshop.si\/sl\/wp-json\/wp\/v2\/product_tag?post=65453"}],"curies":[{"name":"wp","href":"https:\/\/api.w.org\/{rel}","templated":true}]}}