{"id":65423,"date":"2018-09-13T06:51:49","date_gmt":"2018-09-13T06:51:49","guid":{"rendered":"https:\/\/budoshop.si\/?product=kendo-gi-jakna"},"modified":"2026-03-31T07:56:45","modified_gmt":"2026-03-31T05:56:45","slug":"kendo-gi-jakna","status":"publish","type":"product","link":"https:\/\/www.budoshop.si\/sl\/izdelek\/kendo-gi-jakna\/","title":{"rendered":"Kendo Gi jakna"},"content":{"rendered":"<p style=\"text-align: justify;\"><span style=\"color: #993300; font-size: 15px;\">Tradicionalni Kendo Keiko jakna je izdelana iz mo\u010dnej\u0161ega zrnastega 100% bomba\u017ea, ki se nosi skupaj s Hakama hla\u010dnim krilom. Izbrani material zagotavlja stopnjo za\u0161\u010dite pred zgre\u0161enimi udarci, s katerimi se sre\u010dujejo v Kendo vadbi in tekmovanjih. Kvaliteta materiala tudi pomaga absorbirati znojenje in pospe\u0161uje su\u0161enje. Artikel je temno modre\/indigo barve. Primerno tudi za u\u010ditelje in u\u010dence Aikido-ja, Kyudo-ja, Ninjutsu-ja in sorodnih ve\u0161\u010din.<\/span><\/p>\n<p><span style=\"font-size: small; color: #993300;\"><span style=\"font-size: 15px;\">Velikosti: 160 &#8211; 190.<\/span> <\/span><\/p>\n<p><span style=\"font-size: 11px; color: #993300;\">Pozor! Jakna ni oprana in se lahko pri prvem pranju skr\u010di za cca. 3 %.<\/span><\/p>\n","protected":false},"excerpt":{"rendered":"<p><strong><span style=\"color: #002060;\">Tradicionalna Kendo Gi jakna (indigo) modre barve.<\/span><\/strong><\/p>\n","protected":false},"featured_media":65425,"comment_status":"open","ping_status":"closed","template":"","meta":[],"product_brand":[5600],"product_cat":[681,1035,1033,977,1055],"product_tag":[],"class_list":{"0":"post-65423","1":"product","2":"type-product","3":"status-publish","4":"has-post-thumbnail","6":"product_brand-yari-no-hanzo","7":"product_cat-aikido-kendo-oblacila","8":"product_cat-aikido-kendo-iai-kobudo-1","9":"product_cat-ju-jitsujiu-jitsu-1","10":"product_cat-yari-no-hanzo-1","11":"product_cat-yari-no-hanzo-3","12":"pa_velikost-160-cm-sl","13":"pa_velikost-170-cm-sl","14":"pa_velikost-180-cm-sl","15":"pa_velikost-190-cm-sl","17":"first","18":"instock","19":"taxable","20":"shipping-taxable","21":"purchasable","22":"product-type-variable"},"_links":{"self":[{"href":"https:\/\/www.budoshop.si\/sl\/wp-json\/wp\/v2\/product\/65423","targetHints":{"allow":["GET"]}}],"collection":[{"href":"https:\/\/www.budoshop.si\/sl\/wp-json\/wp\/v2\/product"}],"about":[{"href":"https:\/\/www.budoshop.si\/sl\/wp-json\/wp\/v2\/types\/product"}],"replies":[{"embeddable":true,"href":"https:\/\/www.budoshop.si\/sl\/wp-json\/wp\/v2\/comments?post=65423"}],"wp:featuredmedia":[{"embeddable":true,"href":"https:\/\/www.budoshop.si\/sl\/wp-json\/wp\/v2\/media\/65425"}],"wp:attachment":[{"href":"https:\/\/www.budoshop.si\/sl\/wp-json\/wp\/v2\/media?parent=65423"}],"wp:term":[{"taxonomy":"product_brand","embeddable":true,"href":"https:\/\/www.budoshop.si\/sl\/wp-json\/wp\/v2\/product_brand?post=65423"},{"taxonomy":"product_cat","embeddable":true,"href":"https:\/\/www.budoshop.si\/sl\/wp-json\/wp\/v2\/product_cat?post=65423"},{"taxonomy":"product_tag","embeddable":true,"href":"https:\/\/www.budoshop.si\/sl\/wp-json\/wp\/v2\/product_tag?post=65423"}],"curies":[{"name":"wp","href":"https:\/\/api.w.org\/{rel}","templated":true}]}}