{"id":65373,"date":"2018-09-13T06:51:49","date_gmt":"2018-09-13T06:51:49","guid":{"rendered":"https:\/\/budoshop.si\/?product=hakama-hokkaido"},"modified":"2026-02-06T08:49:42","modified_gmt":"2026-02-06T07:49:42","slug":"hakama-hokkaido","status":"publish","type":"product","link":"https:\/\/www.budoshop.si\/sl\/izdelek\/hakama-hokkaido\/","title":{"rendered":"Hakama &#8221;HOKKAIDO&#8221;"},"content":{"rendered":"<div style=\"text-align: justify;\">\n<p><span style=\"color: #993300; font-size: 15px;\">Hakama je tradicionalno japonsko hla\u010dno krilo. Hakama Hokkaido je vrhunske izdelave in ena bolj\u0161ih Hakam na na\u0161em tr\u017ei\u0161\u010du. Narejena je po tradicionalnem japonskem kroju in sestavljena iz 65% poliestra in 35% rajona, sestave ki dolgo ohranja gube, se ne me\u010dka, se ne kr\u010di, se hitro su\u0161i in ga je lahko \u010distiti.<br \/>\nNosijo jo vsi, ki se ukvarjajo s tradicionalnimi japonskimi ve\u0161\u010dinami kot so Kendo, Iaido, Aikido, Kobudo, pa tudi tradicionalni mojstri ve\u0161\u010din kot so Ju-jutsu in Karate. Znamke Kwon.<\/span><\/p>\n<p><span style=\"font-size: 15px; color: #993300;\">\u010crne barve.<\/span><\/p>\n<p><span style=\"font-size: 15px; color: #993300;\">Vi\u0161ine: 160cm &#8211; 190 cm (na 10 cm).<\/span><\/p>\n<p><span style=\"color: #993300; font-size: 15px;\">Kako izbrati ustrezno vi\u0161ino od pasu do gle\u017enja:<\/span><br \/>\n<span style=\"color: #993300; font-size: 15px;\">za vi\u0161ino 160, dol\u017eina cm* 90<\/span><br \/>\n<span style=\"color: #993300; font-size: 15px;\">za vi\u0161ino 170, dol\u017eina cm* 98<\/span><br \/>\n<span style=\"color: #993300; font-size: 15px;\">za vi\u0161ino 180, dol\u017eina cm*105<\/span><br \/>\n<span style=\"color: #993300; font-size: 15px;\">za vi\u0161ino 190, dol\u017eina cm*113<\/span><\/p>\n<p><span style=\"color: #993300; font-size: 15px;\">*merjeno od zgornjega hrbtnega dela (Koshi-ita) do spodnjega roba<\/span><\/p>\n<p><span style=\"color: #993300; font-size: 15px;\">Opomba: <span class=\"HwtZe\" lang=\"sl\"><span class=\"jCAhz ChMk0b\"><span class=\"ryNqvb\">v primeru zamenjave Hakame, SE NE SME ODSTRANITI belih \u0161ivov, ki dr\u017eijo gube, sicer vam izdelka ne bomo mogli zamenjati<\/span><\/span><\/span>!<\/span><\/p>\n<\/div>\n","protected":false},"excerpt":{"rendered":"<p><strong><span style=\"color: #002060;\">Kvalitetno tradicionalno japonsko hla\u010dno krilo Hakama.<\/span><\/strong><\/p>\n","protected":false},"featured_media":65375,"comment_status":"open","ping_status":"closed","template":"","meta":[],"product_brand":[5608],"product_cat":[1035,681,1087,1085],"product_tag":[],"class_list":{"0":"post-65373","1":"product","2":"type-product","3":"status-publish","4":"has-post-thumbnail","6":"product_brand-dax","7":"product_cat-aikido-kendo-iai-kobudo-1","8":"product_cat-aikido-kendo-oblacila","9":"product_cat-dax-3","10":"product_cat-dax-1","11":"pa_velikost-160-cm-sl","12":"pa_velikost-170-cm-sl","13":"pa_velikost-180-cm-sl","14":"pa_velikost-190-cm-sl","16":"first","17":"instock","18":"taxable","19":"shipping-taxable","20":"purchasable","21":"product-type-variable"},"_links":{"self":[{"href":"https:\/\/www.budoshop.si\/sl\/wp-json\/wp\/v2\/product\/65373","targetHints":{"allow":["GET"]}}],"collection":[{"href":"https:\/\/www.budoshop.si\/sl\/wp-json\/wp\/v2\/product"}],"about":[{"href":"https:\/\/www.budoshop.si\/sl\/wp-json\/wp\/v2\/types\/product"}],"replies":[{"embeddable":true,"href":"https:\/\/www.budoshop.si\/sl\/wp-json\/wp\/v2\/comments?post=65373"}],"wp:featuredmedia":[{"embeddable":true,"href":"https:\/\/www.budoshop.si\/sl\/wp-json\/wp\/v2\/media\/65375"}],"wp:attachment":[{"href":"https:\/\/www.budoshop.si\/sl\/wp-json\/wp\/v2\/media?parent=65373"}],"wp:term":[{"taxonomy":"product_brand","embeddable":true,"href":"https:\/\/www.budoshop.si\/sl\/wp-json\/wp\/v2\/product_brand?post=65373"},{"taxonomy":"product_cat","embeddable":true,"href":"https:\/\/www.budoshop.si\/sl\/wp-json\/wp\/v2\/product_cat?post=65373"},{"taxonomy":"product_tag","embeddable":true,"href":"https:\/\/www.budoshop.si\/sl\/wp-json\/wp\/v2\/product_tag?post=65373"}],"curies":[{"name":"wp","href":"https:\/\/api.w.org\/{rel}","templated":true}]}}