{"id":65353,"date":"2018-09-13T06:51:49","date_gmt":"2018-09-13T06:51:49","guid":{"rendered":"https:\/\/budoshop.si\/?product=crna-kung-fu-tai-chi-uniforma-shaolin-black"},"modified":"2026-01-13T09:46:41","modified_gmt":"2026-01-13T08:46:41","slug":"crna-kung-fu-tai-chi-uniforma-shaolin-black","status":"publish","type":"product","link":"https:\/\/www.budoshop.si\/sl\/izdelek\/crna-kung-fu-tai-chi-uniforma-shaolin-black\/","title":{"rendered":"\u010crna Kung Fu \/ Tai Chi uniforma &#8221;SHAOLIN BLACK&#8221;"},"content":{"rendered":"<p style=\"text-align: justify;\"><span style=\"color: #993300; font-size: 15px;\">Tradicionalni kitajski model uniforme za KUNG FU in TAI CHI \u010drne barve iz 100% bomba\u017ea (260 g\/m\u00b2). Narejena je po tradicionalnem kroju s kratkim ovratnikom in sedmimi gumbi na zati\u010de vzdol\u017e jakne. Udoben kroj in hla\u010de z elastiko tako omogo\u010dajo maksimalno lahkoto in prosto gibljivost. Zaradi tega jo nekatere na\u0161e stranke uporabljajo tudi kot udobno hi\u0161no ali spalno doma\u010de obla\u010dilo. <\/span><\/p>\n<p><span style=\"font-size: 15px; color: #993300;\">V kompletu so hla\u010de z elasti\u010dnim pasom in jakna z zapenjanjem na zati\u010de. <\/span><\/p>\n<p><span style=\"font-size: 15px; color: #993300;\">Vi\u0161ina: 160 \u2013 200 cm (na 10 cm) &#8211; tudi manj\u0161e po naro\u010dilu.<\/span><\/p>\n<p><span style=\"font-size: 11px; color: #993300;\">Pozor! Uniforma ni predprana in se pri prvem pranju skr\u010di za cca. 3 %.<\/span><\/p>\n","protected":false},"excerpt":{"rendered":"<p><strong><span style=\"color: #002060;\">Kung Fu in Tai Chi uniforma \u010drne barve.<\/span><\/strong><\/p>\n","protected":false},"featured_media":114902,"comment_status":"open","ping_status":"closed","template":"","meta":[],"product_brand":[5595],"product_cat":[679,1041],"product_tag":[],"class_list":{"0":"post-65353","1":"product","2":"type-product","3":"status-publish","4":"has-post-thumbnail","6":"product_brand-ju-sports","7":"product_cat-kung-fu-tai-chi-uniforme","8":"product_cat-tai-chi-kunf-fu-wu-shu-1","9":"pa_velikost-160-cm-sl","10":"pa_velikost-170-cm-sl","11":"pa_velikost-180-cm-sl","12":"pa_velikost-190-cm-sl","13":"pa_velikost-200-cm-sl","15":"first","16":"instock","17":"taxable","18":"shipping-taxable","19":"purchasable","20":"product-type-variable"},"_links":{"self":[{"href":"https:\/\/www.budoshop.si\/sl\/wp-json\/wp\/v2\/product\/65353","targetHints":{"allow":["GET"]}}],"collection":[{"href":"https:\/\/www.budoshop.si\/sl\/wp-json\/wp\/v2\/product"}],"about":[{"href":"https:\/\/www.budoshop.si\/sl\/wp-json\/wp\/v2\/types\/product"}],"replies":[{"embeddable":true,"href":"https:\/\/www.budoshop.si\/sl\/wp-json\/wp\/v2\/comments?post=65353"}],"wp:featuredmedia":[{"embeddable":true,"href":"https:\/\/www.budoshop.si\/sl\/wp-json\/wp\/v2\/media\/114902"}],"wp:attachment":[{"href":"https:\/\/www.budoshop.si\/sl\/wp-json\/wp\/v2\/media?parent=65353"}],"wp:term":[{"taxonomy":"product_brand","embeddable":true,"href":"https:\/\/www.budoshop.si\/sl\/wp-json\/wp\/v2\/product_brand?post=65353"},{"taxonomy":"product_cat","embeddable":true,"href":"https:\/\/www.budoshop.si\/sl\/wp-json\/wp\/v2\/product_cat?post=65353"},{"taxonomy":"product_tag","embeddable":true,"href":"https:\/\/www.budoshop.si\/sl\/wp-json\/wp\/v2\/product_tag?post=65353"}],"curies":[{"name":"wp","href":"https:\/\/api.w.org\/{rel}","templated":true}]}}