{"id":65299,"date":"2018-09-13T06:51:49","date_gmt":"2018-09-13T06:51:49","guid":{"rendered":"https:\/\/budoshop.si\/?product=modro-judo-gi-kimono-heavy-blue"},"modified":"2026-01-29T09:16:47","modified_gmt":"2026-01-29T08:16:47","slug":"modro-judo-gi-kimono-heavy-blue","status":"publish","type":"product","link":"https:\/\/www.budoshop.si\/sl\/izdelek\/modro-judo-gi-kimono-heavy-blue\/","title":{"rendered":"Modro Judo Gi (Kimono) &#8221;HEAVY BLUE&#8221;"},"content":{"rendered":"<p style=\"text-align: justify;\"><span style=\"color: #c00000; font-size: 15px;\">To modro Judo Kimono (model Randori) je narejeno po tradicionalnem Judo kroju iz mo\u010dnej\u0161ega a kljub temu lahkotnega in trpe\u017enega (600 g\/m\u00b2) 100% bomba\u017ea in je posebno primerno kot trening uniforma za in\u0161truktorje, naprednej\u0161e tekmovalce in lahkotnej\u0161a tekmovanja. Zaradi svoje obstojnosti in trdnosti je Kimono primerno za vsakdanjo vadno ne samo Juda temve\u010d tudi drugih ve\u0161\u010din.<br \/>\nKimono ima posebno oja\u010dane reverje, ramena, predel prsi in kolen. Kimono odlikuje tudi dalj\u0161i kroj jakne brez hrbtnega \u0161iva.<\/span><\/p>\n<p><span style=\"color: #c00000; font-size: 15px;\"> V kompletu so hla\u010de z elastiko in dodatno vrvico v pasu in jakna.<\/span><\/p>\n<p><span style=\"color: #c00000; font-size: 15px;\"> Vi\u0161ina: 150 &#8211; 200 cm (na 10 cm). <\/span><\/p>\n<p>&nbsp;<\/p>\n<p><span style=\"font-size: 11px; color: #c00000;\">Pozor! Kimono ni predprano in se lahko pri prvem pranju skr\u010di za cca. 3 %.<\/span><\/p>\n","protected":false},"excerpt":{"rendered":"<p><strong><span style=\"color: #002060;\">600g Judo Kimono modre barve.<\/span><\/strong><\/p>\n","protected":false},"featured_media":65301,"comment_status":"open","ping_status":"closed","template":"","meta":[],"product_brand":[5607],"product_cat":[1063,985,919,1033,1031,1077],"product_tag":[],"class_list":{"0":"post-65299","1":"product","2":"type-product","3":"status-publish","4":"has-post-thumbnail","6":"product_brand-danhro","7":"product_cat-danhro-1","8":"product_cat-danrho-1","9":"product_cat-ju-jitsu-kimona","10":"product_cat-ju-jitsujiu-jitsu-1","11":"product_cat-judo-1","12":"product_cat-kwondanhro-1","13":"pa_velikost-130-cm-sl","14":"pa_velikost-140-cm-sl","15":"pa_velikost-150-cm-sl","16":"pa_velikost-160-cm-sl","17":"pa_velikost-170-cm-sl","18":"pa_velikost-180-cm-sl","19":"pa_velikost-190-cm-sl","20":"pa_velikost-200-cm-sl","22":"first","23":"instock","24":"sale","25":"taxable","26":"shipping-taxable","27":"purchasable","28":"product-type-variable"},"_links":{"self":[{"href":"https:\/\/www.budoshop.si\/sl\/wp-json\/wp\/v2\/product\/65299","targetHints":{"allow":["GET"]}}],"collection":[{"href":"https:\/\/www.budoshop.si\/sl\/wp-json\/wp\/v2\/product"}],"about":[{"href":"https:\/\/www.budoshop.si\/sl\/wp-json\/wp\/v2\/types\/product"}],"replies":[{"embeddable":true,"href":"https:\/\/www.budoshop.si\/sl\/wp-json\/wp\/v2\/comments?post=65299"}],"wp:featuredmedia":[{"embeddable":true,"href":"https:\/\/www.budoshop.si\/sl\/wp-json\/wp\/v2\/media\/65301"}],"wp:attachment":[{"href":"https:\/\/www.budoshop.si\/sl\/wp-json\/wp\/v2\/media?parent=65299"}],"wp:term":[{"taxonomy":"product_brand","embeddable":true,"href":"https:\/\/www.budoshop.si\/sl\/wp-json\/wp\/v2\/product_brand?post=65299"},{"taxonomy":"product_cat","embeddable":true,"href":"https:\/\/www.budoshop.si\/sl\/wp-json\/wp\/v2\/product_cat?post=65299"},{"taxonomy":"product_tag","embeddable":true,"href":"https:\/\/www.budoshop.si\/sl\/wp-json\/wp\/v2\/product_tag?post=65299"}],"curies":[{"name":"wp","href":"https:\/\/api.w.org\/{rel}","templated":true}]}}