{"id":65279,"date":"2018-09-13T06:51:49","date_gmt":"2018-09-13T06:51:49","guid":{"rendered":"https:\/\/budoshop.si\/?product=judo-gi-kimono-heavy"},"modified":"2026-02-12T08:12:21","modified_gmt":"2026-02-12T07:12:21","slug":"judo-gi-kimono-heavy","status":"publish","type":"product","link":"https:\/\/www.budoshop.si\/sl\/izdelek\/judo-gi-kimono-heavy\/","title":{"rendered":"Judo Gi (Kimono) &#8221;HEAVY&#8221;"},"content":{"rendered":"<p style=\"text-align: justify;\"><span style=\"font-size: 15px;\"><span style=\"color: #c00000;\">To Judo Kimono (znamke Danhro) je narejeno po tradicionalnem Judo kroju iz mo\u010dnej\u0161ega (600 g\/m\u00b2) 100% bomba\u017ea in je posebno primerno kot trening uniforma za in\u0161truktorje, naprednej\u0161e tekmovalce in lahkotnej\u0161a tekmovanja. Zaradi svoje obstojnosti in trdnosti je Kimono primerno tudi za praktikante drugih ve\u0161\u010din kot so Aikido, Ju Jitsu in podobne borilne ve\u0161\u010dine. Kimono ima posebno oja\u010dane reverje, ramena, predel prsi in kolen. To Judo Kimono odlikuje tudi dalj\u0161i kroj jakne brez hrbtnega \u0161iva.<\/span><\/span><\/p>\n<p><span style=\"color: #c00000;\">V kompletu so hla\u010de z elastiko in dodatno vrvico v pasu in jakna.<\/span><\/p>\n<p><span style=\"color: #c00000; font-size: 15px;\">Vi\u0161ina: 150 &#8211; 200 cm (na 10 cm). <\/span><br \/>\n<span style=\"color: #c00000;\"><br \/>\n<span style=\"font-size: 11px;\">Pozor! Kimono ni predprano in se lahko pri prvem pranju skr\u010di za cca. 3 %.<\/span><\/span><\/p>\n","protected":false},"excerpt":{"rendered":"<p><strong><span style=\"color: #002060;\">Mo\u010dnej\u0161e 600g Judo Kimono bele barve.<\/span><\/strong><\/p>\n","protected":false},"featured_media":113942,"comment_status":"open","ping_status":"closed","template":"","meta":[],"product_brand":[5607],"product_cat":[681,1035,1063,985,919,1033,1031,1077],"product_tag":[],"class_list":{"0":"post-65279","1":"product","2":"type-product","3":"status-publish","4":"has-post-thumbnail","6":"product_brand-danhro","7":"product_cat-aikido-kendo-oblacila","8":"product_cat-aikido-kendo-iai-kobudo-1","9":"product_cat-danhro-1","10":"product_cat-danrho-1","11":"product_cat-ju-jitsu-kimona","12":"product_cat-ju-jitsujiu-jitsu-1","13":"product_cat-judo-1","14":"product_cat-kwondanhro-1","15":"pa_velikost-150-cm-sl","16":"pa_velikost-160-cm-sl","17":"pa_velikost-170-cm-sl","18":"pa_velikost-180-cm-sl","19":"pa_velikost-190-cm-sl","20":"pa_velikost-200-cm-sl","22":"first","23":"instock","24":"taxable","25":"shipping-taxable","26":"purchasable","27":"product-type-variable"},"_links":{"self":[{"href":"https:\/\/www.budoshop.si\/sl\/wp-json\/wp\/v2\/product\/65279","targetHints":{"allow":["GET"]}}],"collection":[{"href":"https:\/\/www.budoshop.si\/sl\/wp-json\/wp\/v2\/product"}],"about":[{"href":"https:\/\/www.budoshop.si\/sl\/wp-json\/wp\/v2\/types\/product"}],"replies":[{"embeddable":true,"href":"https:\/\/www.budoshop.si\/sl\/wp-json\/wp\/v2\/comments?post=65279"}],"wp:featuredmedia":[{"embeddable":true,"href":"https:\/\/www.budoshop.si\/sl\/wp-json\/wp\/v2\/media\/113942"}],"wp:attachment":[{"href":"https:\/\/www.budoshop.si\/sl\/wp-json\/wp\/v2\/media?parent=65279"}],"wp:term":[{"taxonomy":"product_brand","embeddable":true,"href":"https:\/\/www.budoshop.si\/sl\/wp-json\/wp\/v2\/product_brand?post=65279"},{"taxonomy":"product_cat","embeddable":true,"href":"https:\/\/www.budoshop.si\/sl\/wp-json\/wp\/v2\/product_cat?post=65279"},{"taxonomy":"product_tag","embeddable":true,"href":"https:\/\/www.budoshop.si\/sl\/wp-json\/wp\/v2\/product_tag?post=65279"}],"curies":[{"name":"wp","href":"https:\/\/api.w.org\/{rel}","templated":true}]}}