{"id":65227,"date":"2018-09-13T06:51:49","date_gmt":"2018-09-13T06:51:49","guid":{"rendered":"https:\/\/budoshop.si\/?product=karateju-jutsuninjutsu-gi-kimono-heavy-black"},"modified":"2026-01-09T09:26:51","modified_gmt":"2026-01-09T08:26:51","slug":"karateju-jutsuninjutsu-gi-kimono-heavy-black","status":"publish","type":"product","link":"https:\/\/www.budoshop.si\/sl\/izdelek\/karateju-jutsuninjutsu-gi-kimono-heavy-black\/","title":{"rendered":"Karate\/Ju jutsu\/Ninjutsu Gi (Kimono) &#8221;HEAVY BLACK&#8221;"},"content":{"rendered":"<p style=\"text-align: justify;\"><span style=\"color: #993300;\">Univerzalno \u010drno Karate Kimono (model &#8221;SHOGUN&#8221;), narejeno po tradicionalnem Karate kroju iz mo\u010dnej\u0161ega (14oz) 100% bomba\u017ea ter oja\u010danimi robovi in reverji, kar omogo\u010da trdnost tudi pri ruvanju. Oja\u010dan je tudi predel kolen. Zaradi tega ga uporabljajo tudi praktikanti ve\u0161\u010din kot so Ju-jutsu in Ninjutsu, saj nudi maksimalen u\u017eitek in trdnost pri treningu. <\/span><\/p>\n<p><span style=\"color: #993300;\">V kompletu so hla\u010de z elastiko v pasu in jakna.<\/span><\/p>\n<p><span style=\"color: #993300;\">Vi\u0161ina od 160 \u2013 190 cm (na 10cm).<\/span><\/p>\n<p><span style=\"font-size: 11px; color: #993300;\">Pozor! Kimono ni predprano in se lahko pri prvem pranju skr\u010di za cca. 3 %.<\/span><\/p>\n","protected":false},"excerpt":{"rendered":"<p><strong><span style=\"color: #002060;\">Mo\u010dnej\u0161e 14 OZ Karate\/Ju jutsu\/Ninjutsu Kimono \u010drne barve.<\/span><\/strong><\/p>\n","protected":false},"featured_media":65229,"comment_status":"open","ping_status":"closed","template":"","meta":[],"product_brand":[5607],"product_cat":[1063,1033,1029,911,915,1037,939],"product_tag":[],"class_list":{"0":"post-65227","1":"product","2":"type-product","3":"status-publish","4":"has-post-thumbnail","6":"product_brand-danhro","7":"product_cat-danhro-1","8":"product_cat-ju-jitsujiu-jitsu-1","9":"product_cat-karate-5","10":"product_cat-klasik-1","11":"product_cat-kwon-1","12":"product_cat-ninjutsu-3","13":"product_cat-ninjutsu-oblacila","14":"pa_velikost-160-cm-sl","15":"pa_velikost-170-cm-sl","16":"pa_velikost-180-cm-sl","17":"pa_velikost-190-cm-sl","18":"pa_velikost-200-cm-sl","20":"first","21":"instock","22":"taxable","23":"shipping-taxable","24":"purchasable","25":"product-type-variable"},"_links":{"self":[{"href":"https:\/\/www.budoshop.si\/sl\/wp-json\/wp\/v2\/product\/65227","targetHints":{"allow":["GET"]}}],"collection":[{"href":"https:\/\/www.budoshop.si\/sl\/wp-json\/wp\/v2\/product"}],"about":[{"href":"https:\/\/www.budoshop.si\/sl\/wp-json\/wp\/v2\/types\/product"}],"replies":[{"embeddable":true,"href":"https:\/\/www.budoshop.si\/sl\/wp-json\/wp\/v2\/comments?post=65227"}],"wp:featuredmedia":[{"embeddable":true,"href":"https:\/\/www.budoshop.si\/sl\/wp-json\/wp\/v2\/media\/65229"}],"wp:attachment":[{"href":"https:\/\/www.budoshop.si\/sl\/wp-json\/wp\/v2\/media?parent=65227"}],"wp:term":[{"taxonomy":"product_brand","embeddable":true,"href":"https:\/\/www.budoshop.si\/sl\/wp-json\/wp\/v2\/product_brand?post=65227"},{"taxonomy":"product_cat","embeddable":true,"href":"https:\/\/www.budoshop.si\/sl\/wp-json\/wp\/v2\/product_cat?post=65227"},{"taxonomy":"product_tag","embeddable":true,"href":"https:\/\/www.budoshop.si\/sl\/wp-json\/wp\/v2\/product_tag?post=65227"}],"curies":[{"name":"wp","href":"https:\/\/api.w.org\/{rel}","templated":true}]}}