{"id":65207,"date":"2018-09-13T06:51:49","date_gmt":"2018-09-13T06:51:49","guid":{"rendered":"https:\/\/budoshop.si\/?product=karate-gi-kimono-medium-black"},"modified":"2026-01-16T08:21:28","modified_gmt":"2026-01-16T07:21:28","slug":"karate-gi-kimono-medium-black","status":"publish","type":"product","link":"https:\/\/www.budoshop.si\/sl\/izdelek\/karate-gi-kimono-medium-black\/","title":{"rendered":"Karate Gi (Kimono) &#8221;MEDIUM BLACK&#8221;"},"content":{"rendered":"<div style=\"text-align: justify;\">\n<p><span style=\"color: #c00000; font-size: 15px;\">Klasi\u010dno \u010drno Karate Kimono (model &#8221;BUSHIDO&#8221;), narejeno po tradicionalnem Karate kroju z dolgimi rokavi in hla\u010dnicami, ki omogo\u010dajo maksimalno gibljivost. Narejeno je iz mehkej\u0161ega (8oz) 100% bomba\u017ea (260 g\/m\u00b2). Zaradi svoje barve in funkcionalnosti, ga uporabljajo praktikanti Karate-ja, Ju Jutsu-ja, Taekwondo-ja, Ninjutsu-ja in drugih ve\u0161\u010din. <\/span><\/p>\n<p><span style=\"color: #c00000; font-size: 15px;\">V kompletu so hla\u010de z elasti\u010dnim pasom, jakna in bel pas. <\/span><\/p>\n<p><span style=\"color: #c00000;\"><span style=\"font-size: 15px;\">Vi\u0161ina od 140 \u2013 200 cm (na 10 cm).<\/span> <\/span><\/p>\n<p><span style=\"font-size: 11px; color: #c00000;\">Pozor! Kimono ni predprano in se pri prvem pranju skr\u010di za cca. 3 %.<\/span><\/p>\n<\/div>\n","protected":false},"excerpt":{"rendered":"<p><span style=\"font-size: 15px;\"><strong><span style=\"color: #002060;\">Karate Kimono \u010drne barve.<\/span><\/strong><\/span><\/p>\n","protected":false},"featured_media":65209,"comment_status":"open","ping_status":"closed","template":"","meta":[],"product_brand":[],"product_cat":[1029,911,939],"product_tag":[],"class_list":{"0":"post-65207","1":"product","2":"type-product","3":"status-publish","4":"has-post-thumbnail","6":"product_cat-karate-5","7":"product_cat-klasik-1","8":"product_cat-ninjutsu-oblacila","9":"pa_velikost-140-cm-sl","10":"pa_velikost-150-cm-sl","11":"pa_velikost-160-cm-sl","12":"pa_velikost-170-cm-sl","13":"pa_velikost-180-cm-sl","14":"pa_velikost-190-cm-sl","15":"pa_velikost-200-cm-sl","17":"first","18":"instock","19":"taxable","20":"shipping-taxable","21":"purchasable","22":"product-type-variable"},"_links":{"self":[{"href":"https:\/\/www.budoshop.si\/sl\/wp-json\/wp\/v2\/product\/65207","targetHints":{"allow":["GET"]}}],"collection":[{"href":"https:\/\/www.budoshop.si\/sl\/wp-json\/wp\/v2\/product"}],"about":[{"href":"https:\/\/www.budoshop.si\/sl\/wp-json\/wp\/v2\/types\/product"}],"replies":[{"embeddable":true,"href":"https:\/\/www.budoshop.si\/sl\/wp-json\/wp\/v2\/comments?post=65207"}],"wp:featuredmedia":[{"embeddable":true,"href":"https:\/\/www.budoshop.si\/sl\/wp-json\/wp\/v2\/media\/65209"}],"wp:attachment":[{"href":"https:\/\/www.budoshop.si\/sl\/wp-json\/wp\/v2\/media?parent=65207"}],"wp:term":[{"taxonomy":"product_brand","embeddable":true,"href":"https:\/\/www.budoshop.si\/sl\/wp-json\/wp\/v2\/product_brand?post=65207"},{"taxonomy":"product_cat","embeddable":true,"href":"https:\/\/www.budoshop.si\/sl\/wp-json\/wp\/v2\/product_cat?post=65207"},{"taxonomy":"product_tag","embeddable":true,"href":"https:\/\/www.budoshop.si\/sl\/wp-json\/wp\/v2\/product_tag?post=65207"}],"curies":[{"name":"wp","href":"https:\/\/api.w.org\/{rel}","templated":true}]}}